{"id":7443,"date":"2017-04-13T14:21:02","date_gmt":"2017-04-13T14:21:02","guid":{"rendered":"http:\/\/www.bggc.dk\/gammel\/?page_id=7443"},"modified":"2025-09-20T16:04:34","modified_gmt":"2025-09-20T15:04:34","slug":"25-jubilaeum","status":"publish","type":"page","link":"https:\/\/www.bggc.dk\/gammel\/klubben\/25-jubilaeum\/","title":{"rendered":"25 \u00e5rs jubil\u00e6um"},"content":{"rendered":"<section class=\"wpb-content-wrapper\"><p>[vc_row][vc_column][vc_column_text]<\/p>\n<h1>25 \u00e5rs Jubil\u00e6um i 2017<span style=\"font-size: x-large;\"> &#8211; Breinholtg\u00e5rd Golf Klub, Esbjerg<\/span><\/h1>\n<p>[\/vc_column_text][vc_empty_space height=&#8221;8px&#8221;]<div class=\"hr-thin style-line\" style=\"width: 100%;border-color: #d3af1d;\"><\/div>[vc_empty_space height=&#8221;8px&#8221;][\/vc_column][\/vc_row][vc_row][vc_column width=&#8221;6\/12&#8243;][vc_column_text]<\/p>\n<h3>Aktiviteter i jubil\u00e6ums\u00e5ret<\/h3>\n<ul>\n<li><strong>Jubil\u00e6umsskrift<\/strong><\/li>\n<li><strong>29. juli &#8211; Golfmaraton &#8212; AFLYST!<\/strong><\/li>\n<li><strong>8. august &#8211; Reception for indbudte g\u00e6ster<\/strong><\/li>\n<li><strong>16. august &#8211; KiK&#8217;s jubil\u00e6umsturnering<\/strong><\/li>\n<li><strong>18. august &#8211; Juniorarrangement<\/strong><\/li>\n<li><strong>19. august &#8211; Jubil\u00e6umsturnering<\/strong><\/li>\n<li><strong>19. august &#8211; Jubil\u00e6umsfest for medlemmer<\/strong><\/li>\n<li><strong>8. september &#8211; Golf &amp; Revy<\/strong><\/li>\n<\/ul>\n<p><strong><strong>Gennemg\u00e5ende i 2017<\/strong><\/strong><\/p>\n<ul>\n<li>Jubil\u00e6umslotteri (se nedenfor)<\/li>\n<li>Tag en g\u00e6st med fra naboklubber &#8211; greenfee 200 kr.<\/li>\n<li>Gratis f\u00e6llestr\u00e6ning for alle medlemmer<\/li>\n<\/ul>\n<p>[\/vc_column_text][\/vc_column][vc_column width=&#8221;4\/12&#8243;][vc_column_text]<a href=\"http:\/\/www.bggc.dk\/gammel\/wp-content\/uploads\/2025\/02\/2017_Jubi-Program.pdf\"><img data-recalc-dims=\"1\" loading=\"lazy\" decoding=\"async\" data-attachment-id=\"7458\" data-permalink=\"https:\/\/www.bggc.dk\/gammel\/klubben\/25-jubilaeum\/golf-tee-med-tekst-groen\/\" data-orig-file=\"https:\/\/www.bggc.dk\/gammel\/wp-content\/uploads\/2017\/04\/Golf-Tee-Med-Tekst-Gr\u00f8n.png\" data-orig-size=\"4700,4700\" data-comments-opened=\"0\" data-image-meta=\"{&quot;aperture&quot;:&quot;0&quot;,&quot;credit&quot;:&quot;&quot;,&quot;camera&quot;:&quot;&quot;,&quot;caption&quot;:&quot;&quot;,&quot;created_timestamp&quot;:&quot;0&quot;,&quot;copyright&quot;:&quot;&quot;,&quot;focal_length&quot;:&quot;0&quot;,&quot;iso&quot;:&quot;0&quot;,&quot;shutter_speed&quot;:&quot;0&quot;,&quot;title&quot;:&quot;&quot;,&quot;orientation&quot;:&quot;0&quot;}\" data-image-title=\"Golf-Tee-Med-Tekst-Gr\u00f8n\" data-image-description=\"\" data-image-caption=\"\" data-large-file=\"https:\/\/www.bggc.dk\/gammel\/wp-content\/uploads\/2017\/04\/Golf-Tee-Med-Tekst-Gr\u00f8n-1024x1024.png\" class=\"wp-image-7458 size-medium alignleft\" src=\"https:\/\/i0.wp.com\/www.bggc.dk\/gammel\/wp-content\/uploads\/2017\/04\/Golf-Tee-Med-Tekst-Gr%C3%B8n.png?resize=300%2C300\" alt=\"\" width=\"300\" height=\"300\" srcset=\"https:\/\/i0.wp.com\/www.bggc.dk\/gammel\/wp-content\/uploads\/2017\/04\/Golf-Tee-Med-Tekst-Gr%C3%B8n.png?resize=300%2C300&amp;ssl=1 300w, https:\/\/i0.wp.com\/www.bggc.dk\/gammel\/wp-content\/uploads\/2017\/04\/Golf-Tee-Med-Tekst-Gr%C3%B8n.png?resize=150%2C150&amp;ssl=1 150w, https:\/\/i0.wp.com\/www.bggc.dk\/gammel\/wp-content\/uploads\/2017\/04\/Golf-Tee-Med-Tekst-Gr%C3%B8n.png?resize=768%2C768&amp;ssl=1 768w, https:\/\/i0.wp.com\/www.bggc.dk\/gammel\/wp-content\/uploads\/2017\/04\/Golf-Tee-Med-Tekst-Gr%C3%B8n.png?resize=1024%2C1024&amp;ssl=1 1024w, https:\/\/i0.wp.com\/www.bggc.dk\/gammel\/wp-content\/uploads\/2017\/04\/Golf-Tee-Med-Tekst-Gr%C3%B8n.png?w=2400 2400w, https:\/\/i0.wp.com\/www.bggc.dk\/gammel\/wp-content\/uploads\/2017\/04\/Golf-Tee-Med-Tekst-Gr%C3%B8n.png?w=3600 3600w\" sizes=\"auto, (max-width: 300px) 100vw, 300px\" \/><\/a>[\/vc_column_text][vc_column_text]Klik p\u00e5 billedet for jubil\u00e6umsprogram[\/vc_column_text][\/vc_column][vc_column width=&#8221;2\/12&#8243;][\/vc_column][\/vc_row][vc_row][vc_column][vc_empty_space height=&#8221;8px&#8221;]<div class=\"hr-thin style-line\" style=\"width: 100%;border-color: #d3af1d;\"><\/div>[vc_empty_space height=&#8221;8px&#8221;][\/vc_column][\/vc_row][vc_row][vc_column width=&#8221;1\/2&#8243;][vc_column_text]<a class=\"dt-single-image\" href=\"https:\/\/i0.wp.com\/www.bggc.dk\/gammel\/wp-content\/uploads\/2017\/08\/2017_Reception.jpg\"><img data-recalc-dims=\"1\" loading=\"lazy\" decoding=\"async\" data-attachment-id=\"8193\" data-permalink=\"https:\/\/www.bggc.dk\/gammel\/klubben\/25-jubilaeum\/2017_reception\/\" data-orig-file=\"https:\/\/www.bggc.dk\/gammel\/wp-content\/uploads\/2017\/08\/2017_Reception.jpg\" data-orig-size=\"1180,1626\" data-comments-opened=\"0\" data-image-meta=\"{&quot;aperture&quot;:&quot;0&quot;,&quot;credit&quot;:&quot;Niels Erik Jensen&quot;,&quot;camera&quot;:&quot;&quot;,&quot;caption&quot;:&quot;&quot;,&quot;created_timestamp&quot;:&quot;1501831367&quot;,&quot;copyright&quot;:&quot;&quot;,&quot;focal_length&quot;:&quot;0&quot;,&quot;iso&quot;:&quot;0&quot;,&quot;shutter_speed&quot;:&quot;0&quot;,&quot;title&quot;:&quot;&quot;,&quot;orientation&quot;:&quot;1&quot;}\" data-image-title=\"2017_Reception\" data-image-description=\"\" data-image-caption=\"\" data-large-file=\"https:\/\/www.bggc.dk\/gammel\/wp-content\/uploads\/2017\/08\/2017_Reception-743x1024.jpg\" class=\"aligncenter wp-image-8193 size-full\" src=\"https:\/\/i0.wp.com\/www.bggc.dk\/gammel\/wp-content\/uploads\/2017\/08\/2017_Reception.jpg?resize=1180%2C1626\" alt=\"\" width=\"1180\" height=\"1626\" srcset=\"https:\/\/i0.wp.com\/www.bggc.dk\/gammel\/wp-content\/uploads\/2017\/08\/2017_Reception.jpg?w=1180&amp;ssl=1 1180w, https:\/\/i0.wp.com\/www.bggc.dk\/gammel\/wp-content\/uploads\/2017\/08\/2017_Reception.jpg?resize=218%2C300&amp;ssl=1 218w, https:\/\/i0.wp.com\/www.bggc.dk\/gammel\/wp-content\/uploads\/2017\/08\/2017_Reception.jpg?resize=768%2C1058&amp;ssl=1 768w, https:\/\/i0.wp.com\/www.bggc.dk\/gammel\/wp-content\/uploads\/2017\/08\/2017_Reception.jpg?resize=743%2C1024&amp;ssl=1 743w\" sizes=\"auto, (max-width: 1180px) 100vw, 1180px\" \/><\/a>[\/vc_column_text][vc_empty_space][\/vc_column][vc_column width=&#8221;1\/2&#8243;][vc_column_text]<a class=\"dt-single-image\" href=\"https:\/\/i0.wp.com\/www.bggc.dk\/gammel\/wp-content\/uploads\/2017\/08\/2017_Jubi-invitation.jpg\"><img data-recalc-dims=\"1\" loading=\"lazy\" decoding=\"async\" data-attachment-id=\"8192\" data-permalink=\"https:\/\/www.bggc.dk\/gammel\/klubben\/25-jubilaeum\/2017_jubi-invitation\/\" data-orig-file=\"https:\/\/www.bggc.dk\/gammel\/wp-content\/uploads\/2017\/08\/2017_Jubi-invitation.jpg\" data-orig-size=\"1942,2745\" data-comments-opened=\"0\" data-image-meta=\"{&quot;aperture&quot;:&quot;0&quot;,&quot;credit&quot;:&quot;&quot;,&quot;camera&quot;:&quot;&quot;,&quot;caption&quot;:&quot;&quot;,&quot;created_timestamp&quot;:&quot;0&quot;,&quot;copyright&quot;:&quot;&quot;,&quot;focal_length&quot;:&quot;0&quot;,&quot;iso&quot;:&quot;0&quot;,&quot;shutter_speed&quot;:&quot;0&quot;,&quot;title&quot;:&quot;&quot;,&quot;orientation&quot;:&quot;1&quot;}\" data-image-title=\"2017_Jubi invitation\" data-image-description=\"\" data-image-caption=\"\" data-large-file=\"https:\/\/www.bggc.dk\/gammel\/wp-content\/uploads\/2017\/08\/2017_Jubi-invitation-724x1024.jpg\" class=\"aligncenter wp-image-8192 size-full\" src=\"https:\/\/i0.wp.com\/www.bggc.dk\/gammel\/wp-content\/uploads\/2017\/08\/2017_Jubi-invitation.jpg?resize=1200%2C1696\" alt=\"\" width=\"1200\" height=\"1696\" srcset=\"https:\/\/i0.wp.com\/www.bggc.dk\/gammel\/wp-content\/uploads\/2017\/08\/2017_Jubi-invitation.jpg?w=1942&amp;ssl=1 1942w, https:\/\/i0.wp.com\/www.bggc.dk\/gammel\/wp-content\/uploads\/2017\/08\/2017_Jubi-invitation.jpg?resize=212%2C300&amp;ssl=1 212w, https:\/\/i0.wp.com\/www.bggc.dk\/gammel\/wp-content\/uploads\/2017\/08\/2017_Jubi-invitation.jpg?resize=768%2C1086&amp;ssl=1 768w, https:\/\/i0.wp.com\/www.bggc.dk\/gammel\/wp-content\/uploads\/2017\/08\/2017_Jubi-invitation.jpg?resize=724%2C1024&amp;ssl=1 724w\" sizes=\"auto, (max-width: 1200px) 100vw, 1200px\" \/><\/a>[\/vc_column_text][vc_empty_space][\/vc_column][\/vc_row][vc_row][vc_column width=&#8221;1\/2&#8243;][vc_column_text]<\/p>\n<h3>L\u00f8rdag den 29. juli<\/h3>\n<h3>AFLYST p\u00e5 grund af for f\u00e5 tilmeldte<\/h3>\n<h4>\u00c5bne Vestjyske Mesterskaber i Golfmaraton 2017<\/h4>\n<p>Med start kl. 06:00 afvikles en 54 hullers Stableford turnering med 3\/4 spillehandicap p\u00e5 Skoven &#8211; Sletten.<\/p>\n<p>Max handicap for Herrer er 21,0 og for Damer er det 26,0.<\/p>\n<p>Turneringsbetingelser\u00a0<a href=\"http:\/\/www.bggc.dk\/gammel\/wp-content\/uploads\/2017\/06\/2017_Maraton.Golf_Invitation-Betingelser.pdf\" target=\"_blank\" rel=\"noopener noreferrer\">\u00a0KLIK HER<\/a><\/p>\n<p><a href=\"https:\/\/www.golfbox.dk\/portal\/golf_info\/gbtourframe.asp?selected={CC74A204-A100-4547-9A48-63BF5E02C2D2}&amp;language=1030&amp;#\/competition\/1164082\/info\" target=\"_blank\" rel=\"noopener noreferrer\">Tilmelding via Golfbox<\/a>\u00a0<strong>senest den 21. juli kl. 18<\/strong>[\/vc_column_text][vc_empty_space][\/vc_column][vc_column width=&#8221;1\/2&#8243;][vc_column_text]<\/p>\n<h3>Onsdag den 16. august<\/h3>\n<h4>Jubil\u00e6umsturnering for Klubber i Klubben<\/h4>\n<p>Alle registrerede Klubber i Klubben er inviteret til at deltage i en jubil\u00e6umsturnering.<br \/>\nDer spilles 1 runde Greensome Stableford p\u00e5 Skoven &#8211; Sletten kl. 13:00.<\/p>\n<p>Turneringsbetingelser\u00a0<a href=\"http:\/\/www.bggc.dk\/gammel\/wp-content\/uploads\/2017\/06\/KiK_Turnering_2017_Betingelser.pdf\" target=\"_blank\" rel=\"noopener noreferrer\">KLIK HER<br \/>\n<\/a><\/p>\n<p>Startliste <a href=\"https:\/\/www.golfbox.dk\/portal\/golf_info\/gbtourframe.asp?selected={CC74A204-A100-4547-9A48-63BF5E02C2D2}&amp;language=1030&amp;#\/competition\/1260179\/teetimes\" target=\"_blank\" rel=\"noopener noreferrer\">KLIK HER<\/a><\/p>\n<p>Tilmelding via mail til <a href=\"mailto:turnering.bgk@gmail.com\" target=\"_blank\" rel=\"noopener noreferrer\">turnering.bgk@gmail.com<br \/>\n<\/a><strong>senest den 2. august kl. 18 \u00a0&#8211; \u00a0Tilmelding er lukket.<\/strong><\/p>\n<p>Resultatliste <a href=\"http:\/\/www.bggc.dk\/gammel\/wp-content\/uploads\/2017\/08\/KiK_ResultatListe_170816.pdf\" target=\"_blank\" rel=\"noopener noreferrer\">KLIK HER<\/a><\/p>\n<p>Klub Leaderboard <a href=\"http:\/\/www.bggc.dk\/gammel\/wp-content\/uploads\/2017\/08\/KiK_KlubLeaderboard_170816.pdf\" target=\"_blank\" rel=\"noopener noreferrer\">KLIK HER<\/a><\/p>\n<p>Resultater &#8220;N\u00e6rmest flaget&#8221;, &#8220;N\u00e6rmest Linjen&#8221; <a href=\"http:\/\/www.bggc.dk\/gammel\/wp-content\/uploads\/2017\/08\/KiK_Result-NF-NL.pdf\" target=\"_blank\" rel=\"noopener noreferrer\">KLIK HER<\/a>[\/vc_column_text][vc_empty_space][\/vc_column][\/vc_row][vc_row][vc_column width=&#8221;1\/2&#8243;][vc_column_text]<\/p>\n<h3>L\u00f8rdag den 19. august<\/h3>\n<h4>Jubil\u00e6umsturnering for alle BGK&#8217;s medlemmer<\/h4>\n<p>Der spilles to Foursom Stableford turneringer med start kl. 09:00.<\/p>\n<p>En 18-hullers turnering p\u00e5 Skoven &#8211; Sletten,<br \/>\nturneringsbetingelser <a href=\"http:\/\/www.bggc.dk\/gammel\/wp-content\/uploads\/2017\/06\/18-huls_JubiTur_170819_Betingelser.pdf\" target=\"_blank\" rel=\"noopener noreferrer\">KLIK HER<\/a> og<\/p>\n<p>en 9-hullers turnering p\u00e5 \u00c5dalen,<br \/>\nturneringsbetingelser\u00a0<a href=\"http:\/\/www.bggc.dk\/gammel\/wp-content\/uploads\/2017\/06\/9-huls_JubiTur_170819_Betingelser.pdf\" target=\"_blank\" rel=\"noopener noreferrer\">KLIK HER<\/a><\/p>\n<p>Tilmelding via Golfbox eller lister p\u00e5 opslagstavlen<br \/>\n<strong>senest tirsdag den 15. august kl. 12:00<\/strong><\/p>\n<p>Startliste 18-hullers turnering <a href=\"http:\/\/www.bggc.dk\/gammel\/wp-content\/uploads\/2017\/08\/18-huls-JubiTur_Startliste_170819.pdf\" target=\"_blank\" rel=\"noopener noreferrer\">KLIK HER<br \/>\n<\/a>Startliste 9-hullers turnering <a href=\"http:\/\/www.bggc.dk\/gammel\/wp-content\/uploads\/2017\/08\/9-huls_JubiTur_Startliste_170819.pdf\" target=\"_blank\" rel=\"noopener noreferrer\">KLIK HER<\/a><\/p>\n<p>Leaderboard 18-hullers turnering A-r\u00e6kke\u00a0<a href=\"http:\/\/www.bggc.dk\/gammel\/wp-content\/uploads\/2017\/08\/18-huls-JubiTur_Leaderboard-A.pdf\" target=\"_blank\" rel=\"noopener noreferrer\">KLIK HER<\/a><br \/>\nLeaderboard 18-hullers turnering B-r\u00e6kke <a href=\"http:\/\/www.bggc.dk\/gammel\/wp-content\/uploads\/2017\/08\/18-huls_JubiTur_Leaderboard-B.pdf\" target=\"_blank\" rel=\"noopener noreferrer\">KLIK HER<\/a><br \/>\nLeaderboard 9-hullers turnering <a href=\"http:\/\/www.bggc.dk\/gammel\/wp-content\/uploads\/2017\/08\/9-huls_JubiTur_Leaderboard.pdf\" target=\"_blank\" rel=\"noopener noreferrer\">KLIK HER<\/a>[\/vc_column_text][vc_empty_space][\/vc_column][vc_column width=&#8221;1\/2&#8243;][vc_column_text]<\/p>\n<h3>L\u00f8rdag den 19. august<\/h3>\n<h4>Jubil\u00e6umsfest for medlemmer<\/h4>\n<p>BGK inviterer alle medlemmer til en k\u00e6mpe jubil\u00e6umsfest kl. 17:30<\/p>\n<p>Pris for BGK&#8217;s medlemmer: 225 kr. pr. person<\/p>\n<p>Progarm <a href=\"http:\/\/www.bggc.dk\/gammel\/wp-content\/uploads\/2017\/05\/Invitation-BGK-25-\u00e5rs-jubil\u00e6um.pdf\" target=\"_blank\" rel=\"noopener noreferrer\">KLIK HER<\/a><\/p>\n<p>Tilmelding via\u00a0<a href=\"https:\/\/www.golfbox.dk\/portal\/golf_info\/gbtourframe.asp?selected={CC74A204-A100-4547-9A48-63BF5E02C2D2}&amp;language=1030&amp;#\/competition\/1117216\/info\" target=\"_blank\" rel=\"noopener noreferrer\">Golfbox<\/a>\u00a0\u00a0<strong>senest den 11. august<\/strong>[\/vc_column_text][vc_empty_space][\/vc_column][\/vc_row][vc_row][vc_column width=&#8221;1\/2&#8243;][vc_column_text]<\/p>\n<h3>Fredag den 8. september<\/h3>\n<h4>BGK inviterer til Golf og revy<\/h4>\n<p><strong>Program:<\/strong><br \/>\nMorgenmad med underholdning ved skuespillere fra Esbjerg revyen.<br \/>\nHoldturnering p\u00e5 Skoven &#8211; Sletten<br \/>\nSpisning i Musikhusets foyer<br \/>\nEsbjerg revyen i Musikhusets teatersal.<\/p>\n<p>Pris for medlemmer af BGK: 399 kr. pr. person.<\/p>\n<p>L\u00e6s mere om arrangementet\u00a0<a href=\"http:\/\/www.bggc.dk\/gammel\/wp-content\/uploads\/2017\/06\/Golf-Revy-2017.pdf\" target=\"_blank\" rel=\"noopener noreferrer\">KLIK HER<\/a><\/p>\n<p>Tilmelding via mail til <a href=\"mailto:info@bggc.dk\" target=\"_blank\" rel=\"noopener noreferrer\">info@bggc.dk<br \/>\n<\/a><strong>senest den 28. juli<\/strong><\/p>\n<p>[\/vc_column_text][\/vc_column][vc_column width=&#8221;1\/2&#8243;][\/vc_column][\/vc_row][vc_row][vc_column][vc_empty_space height=&#8221;8px&#8221;]<div class=\"hr-thin style-line\" style=\"width: 100%;border-color: #d3af1d;\"><\/div>[vc_empty_space height=&#8221;8px&#8221;][\/vc_column][\/vc_row][vc_row][vc_column][vc_column_text]<img data-recalc-dims=\"1\" loading=\"lazy\" decoding=\"async\" data-attachment-id=\"7441\" data-permalink=\"https:\/\/www.bggc.dk\/gammel\/klubben\/25-jubilaeum\/2017_noeglelotteri-red\/\" data-orig-file=\"https:\/\/www.bggc.dk\/gammel\/wp-content\/uploads\/2017\/04\/2017_N\u00f8glelotteri-Red-e1492091538516.jpg\" data-orig-size=\"1859,1024\" data-comments-opened=\"0\" data-image-meta=\"{&quot;aperture&quot;:&quot;0&quot;,&quot;credit&quot;:&quot;&quot;,&quot;camera&quot;:&quot;&quot;,&quot;caption&quot;:&quot;&quot;,&quot;created_timestamp&quot;:&quot;0&quot;,&quot;copyright&quot;:&quot;&quot;,&quot;focal_length&quot;:&quot;0&quot;,&quot;iso&quot;:&quot;0&quot;,&quot;shutter_speed&quot;:&quot;0&quot;,&quot;title&quot;:&quot;&quot;,&quot;orientation&quot;:&quot;0&quot;}\" data-image-title=\"2017_N\u00f8glelotteri-Red\" data-image-description=\"\" data-image-caption=\"\" data-large-file=\"https:\/\/www.bggc.dk\/gammel\/wp-content\/uploads\/2017\/04\/2017_N\u00f8glelotteri-Red-e1492091538516-1024x564.jpg\" class=\"aligncenter wp-image-7441 size-full\" src=\"https:\/\/i0.wp.com\/www.bggc.dk\/gammel\/wp-content\/uploads\/2017\/04\/2017_N%C3%B8glelotteri-Red-e1492091538516.jpg?resize=1200%2C661\" alt=\"\" width=\"1200\" height=\"661\" srcset=\"https:\/\/i0.wp.com\/www.bggc.dk\/gammel\/wp-content\/uploads\/2017\/04\/2017_N%C3%B8glelotteri-Red-e1492091538516.jpg?w=1859&amp;ssl=1 1859w, https:\/\/i0.wp.com\/www.bggc.dk\/gammel\/wp-content\/uploads\/2017\/04\/2017_N%C3%B8glelotteri-Red-e1492091538516.jpg?resize=300%2C165&amp;ssl=1 300w, https:\/\/i0.wp.com\/www.bggc.dk\/gammel\/wp-content\/uploads\/2017\/04\/2017_N%C3%B8glelotteri-Red-e1492091538516.jpg?resize=768%2C423&amp;ssl=1 768w, https:\/\/i0.wp.com\/www.bggc.dk\/gammel\/wp-content\/uploads\/2017\/04\/2017_N%C3%B8glelotteri-Red-e1492091538516.jpg?resize=1024%2C564&amp;ssl=1 1024w\" sizes=\"auto, (max-width: 1200px) 100vw, 1200px\" \/>[\/vc_column_text][vc_empty_space][\/vc_column][\/vc_row]<\/p>\n<\/section>","protected":false},"excerpt":{"rendered":"<p>[vc_row][vc_column][vc_column_text] 25 \u00e5rs Jubil\u00e6um i 2017 &#8211; Breinholtg\u00e5rd Golf Klub, Esbjerg [\/vc_column_text][vc_empty_space height=&#8221;8px&#8221;][vc_empty_space height=&#8221;8px&#8221;][\/vc_column][\/vc_row][vc_row][vc_column width=&#8221;6\/12&#8243;][vc_column_text] Aktiviteter i jubil\u00e6ums\u00e5ret Jubil\u00e6umsskrift 29. juli &#8211; Golfmaraton &#8212; AFLYST! 8. august &#8211; Reception for indbudte g\u00e6ster 16. august &#8211; KiK&#8217;s jubil\u00e6umsturnering 18. august &#8211; Juniorarrangement 19. august &#8211; Jubil\u00e6umsturnering 19. august &#8211; Jubil\u00e6umsfest for medlemmer 8. september &#8211; Golf&hellip;<\/p>\n","protected":false},"author":7,"featured_media":0,"parent":104,"menu_order":65,"comment_status":"closed","ping_status":"closed","template":"","meta":{"_monsterinsights_skip_tracking":false,"_monsterinsights_sitenote_active":false,"_monsterinsights_sitenote_note":"","_monsterinsights_sitenote_category":0,"footnotes":""},"class_list":["post-7443","page","type-page","status-publish","hentry","description-off"],"yoast_head":"<!-- This site is optimized with the Yoast SEO plugin v27.4 - https:\/\/yoast.com\/product\/yoast-seo-wordpress\/ -->\n<title>25 \u00e5rs jubil\u00e6um - Breinholtg&aring;rd Golf Klub<\/title>\n<meta name=\"robots\" content=\"index, follow, max-snippet:-1, max-image-preview:large, max-video-preview:-1\" \/>\n<link rel=\"canonical\" href=\"https:\/\/www.bggc.dk\/gammel\/klubben\/25-jubilaeum\/\" \/>\n<meta property=\"og:locale\" content=\"da_DK\" \/>\n<meta property=\"og:type\" content=\"article\" \/>\n<meta property=\"og:title\" content=\"25 \u00e5rs jubil\u00e6um - Breinholtg&aring;rd Golf Klub\" \/>\n<meta property=\"og:description\" content=\"[vc_row][vc_column][vc_column_text] 25 \u00e5rs Jubil\u00e6um i 2017 &#8211; Breinholtg\u00e5rd Golf Klub, Esbjerg [\/vc_column_text][vc_empty_space height=&#8221;8px&#8221;][vc_empty_space height=&#8221;8px&#8221;][\/vc_column][\/vc_row][vc_row][vc_column width=&#8221;6\/12&#8243;][vc_column_text] Aktiviteter i jubil\u00e6ums\u00e5ret Jubil\u00e6umsskrift 29. juli &#8211; Golfmaraton &#8212; AFLYST! 8. august &#8211; Reception for indbudte g\u00e6ster 16. august &#8211; KiK&#8217;s jubil\u00e6umsturnering 18. august &#8211; Juniorarrangement 19. august &#8211; Jubil\u00e6umsturnering 19. august &#8211; Jubil\u00e6umsfest for medlemmer 8. september &#8211; Golf&hellip;\" \/>\n<meta property=\"og:url\" content=\"https:\/\/www.bggc.dk\/gammel\/klubben\/25-jubilaeum\/\" \/>\n<meta property=\"og:site_name\" content=\"Breinholtg&aring;rd Golf Klub\" \/>\n<meta property=\"article:publisher\" content=\"https:\/\/www.facebook.com\/breinholtgaardgolfklub\/\" \/>\n<meta property=\"article:modified_time\" content=\"2025-09-20T15:04:34+00:00\" \/>\n<meta property=\"og:image\" content=\"http:\/\/www.bggc.dk\/gammel\/wp-content\/uploads\/2017\/08\/2017_Reception.jpg\" \/>\n<meta name=\"twitter:card\" content=\"summary_large_image\" \/>\n<meta name=\"twitter:label1\" content=\"Estimeret l\u00e6setid\" \/>\n\t<meta name=\"twitter:data1\" content=\"3 minutter\" \/>\n<script type=\"application\/ld+json\" class=\"yoast-schema-graph\">{\"@context\":\"https:\\\/\\\/schema.org\",\"@graph\":[{\"@type\":\"WebPage\",\"@id\":\"https:\\\/\\\/www.bggc.dk\\\/gammel\\\/klubben\\\/25-jubilaeum\\\/\",\"url\":\"https:\\\/\\\/www.bggc.dk\\\/gammel\\\/klubben\\\/25-jubilaeum\\\/\",\"name\":\"25 \u00e5rs jubil\u00e6um - Breinholtg&aring;rd Golf Klub\",\"isPartOf\":{\"@id\":\"https:\\\/\\\/www.bggc.dk\\\/gammel\\\/#website\"},\"primaryImageOfPage\":{\"@id\":\"https:\\\/\\\/www.bggc.dk\\\/gammel\\\/klubben\\\/25-jubilaeum\\\/#primaryimage\"},\"image\":{\"@id\":\"https:\\\/\\\/www.bggc.dk\\\/gammel\\\/klubben\\\/25-jubilaeum\\\/#primaryimage\"},\"thumbnailUrl\":\"http:\\\/\\\/www.bggc.dk\\\/gammel\\\/wp-content\\\/uploads\\\/2017\\\/08\\\/2017_Reception.jpg\",\"datePublished\":\"2017-04-13T14:21:02+00:00\",\"dateModified\":\"2025-09-20T15:04:34+00:00\",\"breadcrumb\":{\"@id\":\"https:\\\/\\\/www.bggc.dk\\\/gammel\\\/klubben\\\/25-jubilaeum\\\/#breadcrumb\"},\"inLanguage\":\"da-DK\",\"potentialAction\":[{\"@type\":\"ReadAction\",\"target\":[\"https:\\\/\\\/www.bggc.dk\\\/gammel\\\/klubben\\\/25-jubilaeum\\\/\"]}]},{\"@type\":\"ImageObject\",\"inLanguage\":\"da-DK\",\"@id\":\"https:\\\/\\\/www.bggc.dk\\\/gammel\\\/klubben\\\/25-jubilaeum\\\/#primaryimage\",\"url\":\"https:\\\/\\\/www.bggc.dk\\\/gammel\\\/wp-content\\\/uploads\\\/2017\\\/08\\\/2017_Reception.jpg\",\"contentUrl\":\"https:\\\/\\\/www.bggc.dk\\\/gammel\\\/wp-content\\\/uploads\\\/2017\\\/08\\\/2017_Reception.jpg\",\"width\":1180,\"height\":1626},{\"@type\":\"BreadcrumbList\",\"@id\":\"https:\\\/\\\/www.bggc.dk\\\/gammel\\\/klubben\\\/25-jubilaeum\\\/#breadcrumb\",\"itemListElement\":[{\"@type\":\"ListItem\",\"position\":1,\"name\":\"Hjem\",\"item\":\"https:\\\/\\\/www.bggc.dk\\\/gammel\\\/\"},{\"@type\":\"ListItem\",\"position\":2,\"name\":\"Klubben\",\"item\":\"https:\\\/\\\/www.bggc.dk\\\/gammel\\\/klubben\\\/\"},{\"@type\":\"ListItem\",\"position\":3,\"name\":\"25 \u00e5rs jubil\u00e6um\"}]},{\"@type\":\"WebSite\",\"@id\":\"https:\\\/\\\/www.bggc.dk\\\/gammel\\\/#website\",\"url\":\"https:\\\/\\\/www.bggc.dk\\\/gammel\\\/\",\"name\":\"Breinholtg&aring;rd Golf Klub\",\"description\":\"\",\"potentialAction\":[{\"@type\":\"SearchAction\",\"target\":{\"@type\":\"EntryPoint\",\"urlTemplate\":\"https:\\\/\\\/www.bggc.dk\\\/gammel\\\/?s={search_term_string}\"},\"query-input\":{\"@type\":\"PropertyValueSpecification\",\"valueRequired\":true,\"valueName\":\"search_term_string\"}}],\"inLanguage\":\"da-DK\"}]}<\/script>\n<!-- \/ Yoast SEO plugin. -->","yoast_head_json":{"title":"25 \u00e5rs jubil\u00e6um - Breinholtg&aring;rd Golf Klub","robots":{"index":"index","follow":"follow","max-snippet":"max-snippet:-1","max-image-preview":"max-image-preview:large","max-video-preview":"max-video-preview:-1"},"canonical":"https:\/\/www.bggc.dk\/gammel\/klubben\/25-jubilaeum\/","og_locale":"da_DK","og_type":"article","og_title":"25 \u00e5rs jubil\u00e6um - Breinholtg&aring;rd Golf Klub","og_description":"[vc_row][vc_column][vc_column_text] 25 \u00e5rs Jubil\u00e6um i 2017 &#8211; Breinholtg\u00e5rd Golf Klub, Esbjerg [\/vc_column_text][vc_empty_space height=&#8221;8px&#8221;][vc_empty_space height=&#8221;8px&#8221;][\/vc_column][\/vc_row][vc_row][vc_column width=&#8221;6\/12&#8243;][vc_column_text] Aktiviteter i jubil\u00e6ums\u00e5ret Jubil\u00e6umsskrift 29. juli &#8211; Golfmaraton &#8212; AFLYST! 8. august &#8211; Reception for indbudte g\u00e6ster 16. august &#8211; KiK&#8217;s jubil\u00e6umsturnering 18. august &#8211; Juniorarrangement 19. august &#8211; Jubil\u00e6umsturnering 19. august &#8211; Jubil\u00e6umsfest for medlemmer 8. september &#8211; Golf&hellip;","og_url":"https:\/\/www.bggc.dk\/gammel\/klubben\/25-jubilaeum\/","og_site_name":"Breinholtg&aring;rd Golf Klub","article_publisher":"https:\/\/www.facebook.com\/breinholtgaardgolfklub\/","article_modified_time":"2025-09-20T15:04:34+00:00","og_image":[{"url":"http:\/\/www.bggc.dk\/gammel\/wp-content\/uploads\/2017\/08\/2017_Reception.jpg","type":"","width":"","height":""}],"twitter_card":"summary_large_image","twitter_misc":{"Estimeret l\u00e6setid":"3 minutter"},"schema":{"@context":"https:\/\/schema.org","@graph":[{"@type":"WebPage","@id":"https:\/\/www.bggc.dk\/gammel\/klubben\/25-jubilaeum\/","url":"https:\/\/www.bggc.dk\/gammel\/klubben\/25-jubilaeum\/","name":"25 \u00e5rs jubil\u00e6um - Breinholtg&aring;rd Golf Klub","isPartOf":{"@id":"https:\/\/www.bggc.dk\/gammel\/#website"},"primaryImageOfPage":{"@id":"https:\/\/www.bggc.dk\/gammel\/klubben\/25-jubilaeum\/#primaryimage"},"image":{"@id":"https:\/\/www.bggc.dk\/gammel\/klubben\/25-jubilaeum\/#primaryimage"},"thumbnailUrl":"http:\/\/www.bggc.dk\/gammel\/wp-content\/uploads\/2017\/08\/2017_Reception.jpg","datePublished":"2017-04-13T14:21:02+00:00","dateModified":"2025-09-20T15:04:34+00:00","breadcrumb":{"@id":"https:\/\/www.bggc.dk\/gammel\/klubben\/25-jubilaeum\/#breadcrumb"},"inLanguage":"da-DK","potentialAction":[{"@type":"ReadAction","target":["https:\/\/www.bggc.dk\/gammel\/klubben\/25-jubilaeum\/"]}]},{"@type":"ImageObject","inLanguage":"da-DK","@id":"https:\/\/www.bggc.dk\/gammel\/klubben\/25-jubilaeum\/#primaryimage","url":"https:\/\/www.bggc.dk\/gammel\/wp-content\/uploads\/2017\/08\/2017_Reception.jpg","contentUrl":"https:\/\/www.bggc.dk\/gammel\/wp-content\/uploads\/2017\/08\/2017_Reception.jpg","width":1180,"height":1626},{"@type":"BreadcrumbList","@id":"https:\/\/www.bggc.dk\/gammel\/klubben\/25-jubilaeum\/#breadcrumb","itemListElement":[{"@type":"ListItem","position":1,"name":"Hjem","item":"https:\/\/www.bggc.dk\/gammel\/"},{"@type":"ListItem","position":2,"name":"Klubben","item":"https:\/\/www.bggc.dk\/gammel\/klubben\/"},{"@type":"ListItem","position":3,"name":"25 \u00e5rs jubil\u00e6um"}]},{"@type":"WebSite","@id":"https:\/\/www.bggc.dk\/gammel\/#website","url":"https:\/\/www.bggc.dk\/gammel\/","name":"Breinholtg&aring;rd Golf Klub","description":"","potentialAction":[{"@type":"SearchAction","target":{"@type":"EntryPoint","urlTemplate":"https:\/\/www.bggc.dk\/gammel\/?s={search_term_string}"},"query-input":{"@type":"PropertyValueSpecification","valueRequired":true,"valueName":"search_term_string"}}],"inLanguage":"da-DK"}]}},"jetpack_sharing_enabled":true,"jetpack_shortlink":"https:\/\/wp.me\/P8jnZw-1W3","jetpack-related-posts":[],"_links":{"self":[{"href":"https:\/\/www.bggc.dk\/gammel\/wp-json\/wp\/v2\/pages\/7443","targetHints":{"allow":["GET"]}}],"collection":[{"href":"https:\/\/www.bggc.dk\/gammel\/wp-json\/wp\/v2\/pages"}],"about":[{"href":"https:\/\/www.bggc.dk\/gammel\/wp-json\/wp\/v2\/types\/page"}],"author":[{"embeddable":true,"href":"https:\/\/www.bggc.dk\/gammel\/wp-json\/wp\/v2\/users\/7"}],"replies":[{"embeddable":true,"href":"https:\/\/www.bggc.dk\/gammel\/wp-json\/wp\/v2\/comments?post=7443"}],"version-history":[{"count":31,"href":"https:\/\/www.bggc.dk\/gammel\/wp-json\/wp\/v2\/pages\/7443\/revisions"}],"predecessor-version":[{"id":39462,"href":"https:\/\/www.bggc.dk\/gammel\/wp-json\/wp\/v2\/pages\/7443\/revisions\/39462"}],"up":[{"embeddable":true,"href":"https:\/\/www.bggc.dk\/gammel\/wp-json\/wp\/v2\/pages\/104"}],"wp:attachment":[{"href":"https:\/\/www.bggc.dk\/gammel\/wp-json\/wp\/v2\/media?parent=7443"}],"curies":[{"name":"wp","href":"https:\/\/api.w.org\/{rel}","templated":true}]}}