{"id":35940,"date":"2024-04-15T15:04:54","date_gmt":"2024-04-15T14:04:54","guid":{"rendered":"http:\/\/www.bggc.dk\/gammel\/?page_id=35940"},"modified":"2025-09-21T13:03:44","modified_gmt":"2025-09-21T12:03:44","slug":"pligter-rettigheder","status":"publish","type":"page","link":"https:\/\/www.bggc.dk\/gammel\/bgk-elite\/pligter-rettigheder\/","title":{"rendered":"Spilleres pligter, rettigheder"},"content":{"rendered":"<section class=\"wpb-content-wrapper\"><p>[vc_row][vc_column][vc_column_text]<\/p>\n<h1>Elite pligter\/rettigheder <span style=\"font-size: x-large;\"> &#8211; Breinholtg\u00e5rd Golf Klub, Esbjerg<\/span><\/h1>\n<p>[\/vc_column_text][vc_empty_space height=&#8221;8px&#8221;]<div class=\"hr-thin style-line\" style=\"width: 100%;border-color: #d3af1d;\"><\/div>[vc_empty_space][\/vc_column][\/vc_row][vc_row][vc_column width=&#8221;1\/2&#8243;][vc_column_text]<\/p>\n<h3>Elitespillerens pligter.<\/h3>\n<ul>\n<li>Melder til (vintertr\u00e6ning) hhv. afbud til planlagt tr\u00e6ning (sommer).<\/li>\n<li>Deltager i spillerm\u00f8der indkaldt af Eliteudvalg eller Pro.<\/li>\n<li>Deltager minimum tre gange \u00e5rligt i frivilligt arbejde i Juniorafdelingsregi.<\/li>\n<li>Fungere som mentor for udpegede spillere i regi af Junioreliteudvalget.<\/li>\n<li>Udarbejder en personlig m\u00e5ls\u00e6tnings- og handleplan for hver s\u00e6son.<\/li>\n<li>Udarbejder budget for og tilmelde sig til turneringer efter forudg\u00e5ende koordination med Sportsudvalget.<\/li>\n<li>Overholder de \u00f8konomiske rammer og tidsfrister i forbindelse med rejseudl\u00e6g jf. regler for afregning og aflevering af bilag.<\/li>\n<li>Repr\u00e6senterer klubben p\u00e5 v\u00e6rdig vis s\u00e5vel p\u00e5 som udenfor banen.<\/li>\n<li>Benytter det af klubben valgte t\u00f8j ved deltagelse p\u00e5 hold i DGU holdturnering.<\/li>\n<li>Deltager i Erhvervsklubbens arrangementer \u2013 eks. vis Elite AM og Erhvervsdage.<\/li>\n<li>Deltager i BGK klubmesterskaber.<\/li>\n<li>Aktivt anvender tilbud om fysisk, teknisk\u00a0og mental tr\u00e6ning.<\/li>\n<li>Aktivt anvender anbefalet statistikmodul.<\/li>\n<\/ul>\n<p>[\/vc_column_text][vc_empty_space][\/vc_column][vc_column width=&#8221;1\/2&#8243;][vc_column_text]<\/p>\n<h3>BGK Elitespilleres rettigheder.<\/h3>\n<p>En elitespiller tilknyttet BGK Elite vil under foruds\u00e6tning af tilstr\u00e6kkelige \u00f8konomiske midler f\u00e5 tilbud:<\/p>\n<ul>\n<li>Minimum en ugentlig tr\u00e6ningssamling samt indtil\u00a06 individuelle tr\u00e6ningspas, der fastl\u00e6gges ved s\u00e6sonstart.<\/li>\n<li>For juniorer dog indtil tre samlinger der gennemf\u00f8res under ledelse af Junior Elitetr\u00e6neren i rammen af \u201dBGK Junior Academy\u201d<\/li>\n<li>Individuel tr\u00e6ning i begr\u00e6nset omfang \u2013 f. eks et akut teknisk problem eller tilsvarende.<\/li>\n<li>Vintertr\u00e6ning &#8211; teknisk og fysisk.<\/li>\n<li>Frie tr\u00e6ningsbolde til tr\u00e6ning og opvarmning i forbindelse med turneringer, samt frie bolde til holdmatcher (hvis sponsor findes!).<\/li>\n<li>Tr\u00e6ningslejr og tr\u00e6ningssamlinger med delvis \u00f8konomisk st\u00f8tte<\/li>\n<li>Deltagelse i holdturneringer.<\/li>\n<li>Deltagelse i individuelle turneringer.<\/li>\n<li>Relevante kurser fx internt regel kursus, kursus i anvendelse af statistik m.v.<\/li>\n<\/ul>\n<p>[\/vc_column_text][vc_empty_space][\/vc_column][\/vc_row]<\/p>\n<\/section>","protected":false},"excerpt":{"rendered":"<p>[vc_row][vc_column][vc_column_text] Elite pligter\/rettigheder &#8211; Breinholtg\u00e5rd Golf Klub, Esbjerg [\/vc_column_text][vc_empty_space height=&#8221;8px&#8221;][vc_empty_space][\/vc_column][\/vc_row][vc_row][vc_column width=&#8221;1\/2&#8243;][vc_column_text] Elitespillerens pligter. Melder til (vintertr\u00e6ning) hhv. afbud til planlagt tr\u00e6ning (sommer). Deltager i spillerm\u00f8der indkaldt af Eliteudvalg eller Pro. Deltager minimum tre gange \u00e5rligt i frivilligt arbejde i Juniorafdelingsregi. Fungere som mentor for udpegede spillere i regi af Junioreliteudvalget. Udarbejder en personlig m\u00e5ls\u00e6tnings- og&hellip;<\/p>\n","protected":false},"author":7,"featured_media":0,"parent":2258,"menu_order":50,"comment_status":"closed","ping_status":"closed","template":"","meta":{"_monsterinsights_skip_tracking":false,"_monsterinsights_sitenote_active":false,"_monsterinsights_sitenote_note":"","_monsterinsights_sitenote_category":0,"footnotes":""},"class_list":["post-35940","page","type-page","status-publish","hentry","description-off"],"yoast_head":"<!-- This site is optimized with the Yoast SEO plugin v27.4 - https:\/\/yoast.com\/product\/yoast-seo-wordpress\/ -->\n<title>Spilleres pligter, rettigheder - Breinholtg&aring;rd Golf Klub<\/title>\n<meta name=\"robots\" content=\"index, follow, max-snippet:-1, max-image-preview:large, max-video-preview:-1\" \/>\n<link rel=\"canonical\" href=\"https:\/\/www.bggc.dk\/gammel\/bgk-elite\/pligter-rettigheder\/\" \/>\n<meta property=\"og:locale\" content=\"da_DK\" \/>\n<meta property=\"og:type\" content=\"article\" \/>\n<meta property=\"og:title\" content=\"Spilleres pligter, rettigheder - Breinholtg&aring;rd Golf Klub\" \/>\n<meta property=\"og:description\" content=\"[vc_row][vc_column][vc_column_text] Elite pligter\/rettigheder &#8211; Breinholtg\u00e5rd Golf Klub, Esbjerg [\/vc_column_text][vc_empty_space height=&#8221;8px&#8221;][vc_empty_space][\/vc_column][\/vc_row][vc_row][vc_column width=&#8221;1\/2&#8243;][vc_column_text] Elitespillerens pligter. Melder til (vintertr\u00e6ning) hhv. afbud til planlagt tr\u00e6ning (sommer). Deltager i spillerm\u00f8der indkaldt af Eliteudvalg eller Pro. Deltager minimum tre gange \u00e5rligt i frivilligt arbejde i Juniorafdelingsregi. Fungere som mentor for udpegede spillere i regi af Junioreliteudvalget. Udarbejder en personlig m\u00e5ls\u00e6tnings- og&hellip;\" \/>\n<meta property=\"og:url\" content=\"https:\/\/www.bggc.dk\/gammel\/bgk-elite\/pligter-rettigheder\/\" \/>\n<meta property=\"og:site_name\" content=\"Breinholtg&aring;rd Golf Klub\" \/>\n<meta property=\"article:publisher\" content=\"https:\/\/www.facebook.com\/breinholtgaardgolfklub\/\" \/>\n<meta property=\"article:modified_time\" content=\"2025-09-21T12:03:44+00:00\" \/>\n<meta name=\"twitter:card\" content=\"summary_large_image\" \/>\n<meta name=\"twitter:label1\" content=\"Estimeret l\u00e6setid\" \/>\n\t<meta name=\"twitter:data1\" content=\"2 minutter\" \/>\n<script type=\"application\/ld+json\" class=\"yoast-schema-graph\">{\"@context\":\"https:\\\/\\\/schema.org\",\"@graph\":[{\"@type\":\"WebPage\",\"@id\":\"https:\\\/\\\/www.bggc.dk\\\/gammel\\\/bgk-elite\\\/pligter-rettigheder\\\/\",\"url\":\"https:\\\/\\\/www.bggc.dk\\\/gammel\\\/bgk-elite\\\/pligter-rettigheder\\\/\",\"name\":\"Spilleres pligter, rettigheder - Breinholtg&aring;rd Golf Klub\",\"isPartOf\":{\"@id\":\"https:\\\/\\\/www.bggc.dk\\\/gammel\\\/#website\"},\"datePublished\":\"2024-04-15T14:04:54+00:00\",\"dateModified\":\"2025-09-21T12:03:44+00:00\",\"breadcrumb\":{\"@id\":\"https:\\\/\\\/www.bggc.dk\\\/gammel\\\/bgk-elite\\\/pligter-rettigheder\\\/#breadcrumb\"},\"inLanguage\":\"da-DK\",\"potentialAction\":[{\"@type\":\"ReadAction\",\"target\":[\"https:\\\/\\\/www.bggc.dk\\\/gammel\\\/bgk-elite\\\/pligter-rettigheder\\\/\"]}]},{\"@type\":\"BreadcrumbList\",\"@id\":\"https:\\\/\\\/www.bggc.dk\\\/gammel\\\/bgk-elite\\\/pligter-rettigheder\\\/#breadcrumb\",\"itemListElement\":[{\"@type\":\"ListItem\",\"position\":1,\"name\":\"Hjem\",\"item\":\"https:\\\/\\\/www.bggc.dk\\\/gammel\\\/\"},{\"@type\":\"ListItem\",\"position\":2,\"name\":\"Elite\",\"item\":\"https:\\\/\\\/www.bggc.dk\\\/gammel\\\/bgk-elite\\\/\"},{\"@type\":\"ListItem\",\"position\":3,\"name\":\"Spilleres pligter, rettigheder\"}]},{\"@type\":\"WebSite\",\"@id\":\"https:\\\/\\\/www.bggc.dk\\\/gammel\\\/#website\",\"url\":\"https:\\\/\\\/www.bggc.dk\\\/gammel\\\/\",\"name\":\"Breinholtg&aring;rd Golf Klub\",\"description\":\"\",\"potentialAction\":[{\"@type\":\"SearchAction\",\"target\":{\"@type\":\"EntryPoint\",\"urlTemplate\":\"https:\\\/\\\/www.bggc.dk\\\/gammel\\\/?s={search_term_string}\"},\"query-input\":{\"@type\":\"PropertyValueSpecification\",\"valueRequired\":true,\"valueName\":\"search_term_string\"}}],\"inLanguage\":\"da-DK\"}]}<\/script>\n<!-- \/ Yoast SEO plugin. -->","yoast_head_json":{"title":"Spilleres pligter, rettigheder - Breinholtg&aring;rd Golf Klub","robots":{"index":"index","follow":"follow","max-snippet":"max-snippet:-1","max-image-preview":"max-image-preview:large","max-video-preview":"max-video-preview:-1"},"canonical":"https:\/\/www.bggc.dk\/gammel\/bgk-elite\/pligter-rettigheder\/","og_locale":"da_DK","og_type":"article","og_title":"Spilleres pligter, rettigheder - Breinholtg&aring;rd Golf Klub","og_description":"[vc_row][vc_column][vc_column_text] Elite pligter\/rettigheder &#8211; Breinholtg\u00e5rd Golf Klub, Esbjerg [\/vc_column_text][vc_empty_space height=&#8221;8px&#8221;][vc_empty_space][\/vc_column][\/vc_row][vc_row][vc_column width=&#8221;1\/2&#8243;][vc_column_text] Elitespillerens pligter. Melder til (vintertr\u00e6ning) hhv. afbud til planlagt tr\u00e6ning (sommer). Deltager i spillerm\u00f8der indkaldt af Eliteudvalg eller Pro. Deltager minimum tre gange \u00e5rligt i frivilligt arbejde i Juniorafdelingsregi. Fungere som mentor for udpegede spillere i regi af Junioreliteudvalget. Udarbejder en personlig m\u00e5ls\u00e6tnings- og&hellip;","og_url":"https:\/\/www.bggc.dk\/gammel\/bgk-elite\/pligter-rettigheder\/","og_site_name":"Breinholtg&aring;rd Golf Klub","article_publisher":"https:\/\/www.facebook.com\/breinholtgaardgolfklub\/","article_modified_time":"2025-09-21T12:03:44+00:00","twitter_card":"summary_large_image","twitter_misc":{"Estimeret l\u00e6setid":"2 minutter"},"schema":{"@context":"https:\/\/schema.org","@graph":[{"@type":"WebPage","@id":"https:\/\/www.bggc.dk\/gammel\/bgk-elite\/pligter-rettigheder\/","url":"https:\/\/www.bggc.dk\/gammel\/bgk-elite\/pligter-rettigheder\/","name":"Spilleres pligter, rettigheder - Breinholtg&aring;rd Golf Klub","isPartOf":{"@id":"https:\/\/www.bggc.dk\/gammel\/#website"},"datePublished":"2024-04-15T14:04:54+00:00","dateModified":"2025-09-21T12:03:44+00:00","breadcrumb":{"@id":"https:\/\/www.bggc.dk\/gammel\/bgk-elite\/pligter-rettigheder\/#breadcrumb"},"inLanguage":"da-DK","potentialAction":[{"@type":"ReadAction","target":["https:\/\/www.bggc.dk\/gammel\/bgk-elite\/pligter-rettigheder\/"]}]},{"@type":"BreadcrumbList","@id":"https:\/\/www.bggc.dk\/gammel\/bgk-elite\/pligter-rettigheder\/#breadcrumb","itemListElement":[{"@type":"ListItem","position":1,"name":"Hjem","item":"https:\/\/www.bggc.dk\/gammel\/"},{"@type":"ListItem","position":2,"name":"Elite","item":"https:\/\/www.bggc.dk\/gammel\/bgk-elite\/"},{"@type":"ListItem","position":3,"name":"Spilleres pligter, rettigheder"}]},{"@type":"WebSite","@id":"https:\/\/www.bggc.dk\/gammel\/#website","url":"https:\/\/www.bggc.dk\/gammel\/","name":"Breinholtg&aring;rd Golf Klub","description":"","potentialAction":[{"@type":"SearchAction","target":{"@type":"EntryPoint","urlTemplate":"https:\/\/www.bggc.dk\/gammel\/?s={search_term_string}"},"query-input":{"@type":"PropertyValueSpecification","valueRequired":true,"valueName":"search_term_string"}}],"inLanguage":"da-DK"}]}},"jetpack_sharing_enabled":true,"jetpack_shortlink":"https:\/\/wp.me\/P8jnZw-9lG","jetpack-related-posts":[],"_links":{"self":[{"href":"https:\/\/www.bggc.dk\/gammel\/wp-json\/wp\/v2\/pages\/35940","targetHints":{"allow":["GET"]}}],"collection":[{"href":"https:\/\/www.bggc.dk\/gammel\/wp-json\/wp\/v2\/pages"}],"about":[{"href":"https:\/\/www.bggc.dk\/gammel\/wp-json\/wp\/v2\/types\/page"}],"author":[{"embeddable":true,"href":"https:\/\/www.bggc.dk\/gammel\/wp-json\/wp\/v2\/users\/7"}],"replies":[{"embeddable":true,"href":"https:\/\/www.bggc.dk\/gammel\/wp-json\/wp\/v2\/comments?post=35940"}],"version-history":[{"count":3,"href":"https:\/\/www.bggc.dk\/gammel\/wp-json\/wp\/v2\/pages\/35940\/revisions"}],"predecessor-version":[{"id":35973,"href":"https:\/\/www.bggc.dk\/gammel\/wp-json\/wp\/v2\/pages\/35940\/revisions\/35973"}],"up":[{"embeddable":true,"href":"https:\/\/www.bggc.dk\/gammel\/wp-json\/wp\/v2\/pages\/2258"}],"wp:attachment":[{"href":"https:\/\/www.bggc.dk\/gammel\/wp-json\/wp\/v2\/media?parent=35940"}],"curies":[{"name":"wp","href":"https:\/\/api.w.org\/{rel}","templated":true}]}}