{"id":31264,"date":"2023-06-14T15:16:22","date_gmt":"2023-06-14T14:16:22","guid":{"rendered":"http:\/\/www.bggc.dk\/gammel\/?page_id=31264"},"modified":"2026-03-12T10:10:55","modified_gmt":"2026-03-12T09:10:55","slug":"venteliste-3","status":"publish","type":"page","link":"https:\/\/www.bggc.dk\/gammel\/klubben\/graeshopperne\/venteliste-3\/","title":{"rendered":"Venteliste"},"content":{"rendered":"<section class=\"wpb-content-wrapper\"><p>[vc_row][vc_column][vc_column_text]<a name=\"top\"><\/a><\/p>\n<h1>GH Venteliste <span style=\"font-size: x-large;\"> &#8211; Breinholtg\u00e5rd Golf Klub, Esbjerg<\/span><\/h1>\n<p>[\/vc_column_text][vc_empty_space height=&#8221;8px&#8221;]<div class=\"hr-thin style-line\" style=\"width: 100%;border-color: #d3af1d;\"><\/div>[vc_empty_space][\/vc_column][\/vc_row][vc_row][vc_column width=&#8221;2\/3&#8243;][vc_column_text]<\/p>\n<h2>Venteliste 2025<\/h2>\n<p>\u00d8nsker man optagelse p\u00e5 Gr\u00e6shoppernes venteliste skal man sende en mail til holmbo51@outlook.dk.<\/p>\n<h5><strong>Gitte M\u00f8ller Mikkelsen<\/strong><\/h5>\n<h5><strong>Hanne Vad<\/strong><\/h5>\n<h5><strong>Agnete Krupa<\/strong><\/h5>\n<h5><strong>Inge Bargisen<\/strong><\/h5>\n<h5><strong>Charlotte Grace Overgaard<\/strong><\/h5>\n<h5><strong>Anne Grete Idh Nielsen<\/strong><\/h5>\n<h5><strong>Erik Pedersen<\/strong><\/h5>\n<h5><strong>Grethe Bruun<\/strong><\/h5>\n<p>&nbsp;<\/p>\n<p>&nbsp;<\/p>\n<h5><\/h5>\n<p>[\/vc_column_text][\/vc_column][vc_column width=&#8221;1\/3&#8243;][\/vc_column][\/vc_row]<\/p>\n<\/section>","protected":false},"excerpt":{"rendered":"<p>[vc_row][vc_column][vc_column_text] GH Venteliste &#8211; Breinholtg\u00e5rd Golf Klub, Esbjerg [\/vc_column_text][vc_empty_space height=&#8221;8px&#8221;][vc_empty_space][\/vc_column][\/vc_row][vc_row][vc_column width=&#8221;2\/3&#8243;][vc_column_text] Venteliste 2025 \u00d8nsker man optagelse p\u00e5 Gr\u00e6shoppernes venteliste skal man sende en mail til holmbo51@outlook.dk. Gitte M\u00f8ller Mikkelsen Hanne Vad Agnete Krupa Inge Bargisen Charlotte Grace Overgaard Anne Grete Idh Nielsen Erik Pedersen Grethe Bruun &nbsp; &nbsp; [\/vc_column_text][\/vc_column][vc_column width=&#8221;1\/3&#8243;][\/vc_column][\/vc_row]<\/p>\n","protected":false},"author":30,"featured_media":0,"parent":30615,"menu_order":40,"comment_status":"closed","ping_status":"closed","template":"","meta":{"_monsterinsights_skip_tracking":false,"_monsterinsights_sitenote_active":false,"_monsterinsights_sitenote_note":"","_monsterinsights_sitenote_category":0,"footnotes":""},"class_list":["post-31264","page","type-page","status-publish","hentry","description-off"],"yoast_head":"<!-- This site is optimized with the Yoast SEO plugin v27.4 - https:\/\/yoast.com\/product\/yoast-seo-wordpress\/ -->\n<title>Venteliste - Breinholtg&aring;rd Golf Klub<\/title>\n<meta name=\"robots\" content=\"index, follow, max-snippet:-1, max-image-preview:large, max-video-preview:-1\" \/>\n<link rel=\"canonical\" href=\"https:\/\/www.bggc.dk\/gammel\/klubben\/graeshopperne\/venteliste-3\/\" \/>\n<meta property=\"og:locale\" content=\"da_DK\" \/>\n<meta property=\"og:type\" content=\"article\" \/>\n<meta property=\"og:title\" content=\"Venteliste - Breinholtg&aring;rd Golf Klub\" \/>\n<meta property=\"og:description\" content=\"[vc_row][vc_column][vc_column_text] GH Venteliste &#8211; Breinholtg\u00e5rd Golf Klub, Esbjerg [\/vc_column_text][vc_empty_space height=&#8221;8px&#8221;][vc_empty_space][\/vc_column][\/vc_row][vc_row][vc_column width=&#8221;2\/3&#8243;][vc_column_text] Venteliste 2025 \u00d8nsker man optagelse p\u00e5 Gr\u00e6shoppernes venteliste skal man sende en mail til holmbo51@outlook.dk. Gitte M\u00f8ller Mikkelsen Hanne Vad Agnete Krupa Inge Bargisen Charlotte Grace Overgaard Anne Grete Idh Nielsen Erik Pedersen Grethe Bruun &nbsp; &nbsp; [\/vc_column_text][\/vc_column][vc_column width=&#8221;1\/3&#8243;][\/vc_column][\/vc_row]\" \/>\n<meta property=\"og:url\" content=\"https:\/\/www.bggc.dk\/gammel\/klubben\/graeshopperne\/venteliste-3\/\" \/>\n<meta property=\"og:site_name\" content=\"Breinholtg&aring;rd Golf Klub\" \/>\n<meta property=\"article:publisher\" content=\"https:\/\/www.facebook.com\/breinholtgaardgolfklub\/\" \/>\n<meta property=\"article:modified_time\" content=\"2026-03-12T09:10:55+00:00\" \/>\n<meta name=\"twitter:card\" content=\"summary_large_image\" \/>\n<meta name=\"twitter:label1\" content=\"Estimeret l\u00e6setid\" \/>\n\t<meta name=\"twitter:data1\" content=\"1 minut\" \/>\n<script type=\"application\/ld+json\" class=\"yoast-schema-graph\">{\"@context\":\"https:\\\/\\\/schema.org\",\"@graph\":[{\"@type\":\"WebPage\",\"@id\":\"https:\\\/\\\/www.bggc.dk\\\/gammel\\\/klubben\\\/graeshopperne\\\/venteliste-3\\\/\",\"url\":\"https:\\\/\\\/www.bggc.dk\\\/gammel\\\/klubben\\\/graeshopperne\\\/venteliste-3\\\/\",\"name\":\"Venteliste - Breinholtg&aring;rd Golf Klub\",\"isPartOf\":{\"@id\":\"https:\\\/\\\/www.bggc.dk\\\/gammel\\\/#website\"},\"datePublished\":\"2023-06-14T14:16:22+00:00\",\"dateModified\":\"2026-03-12T09:10:55+00:00\",\"breadcrumb\":{\"@id\":\"https:\\\/\\\/www.bggc.dk\\\/gammel\\\/klubben\\\/graeshopperne\\\/venteliste-3\\\/#breadcrumb\"},\"inLanguage\":\"da-DK\",\"potentialAction\":[{\"@type\":\"ReadAction\",\"target\":[\"https:\\\/\\\/www.bggc.dk\\\/gammel\\\/klubben\\\/graeshopperne\\\/venteliste-3\\\/\"]}]},{\"@type\":\"BreadcrumbList\",\"@id\":\"https:\\\/\\\/www.bggc.dk\\\/gammel\\\/klubben\\\/graeshopperne\\\/venteliste-3\\\/#breadcrumb\",\"itemListElement\":[{\"@type\":\"ListItem\",\"position\":1,\"name\":\"Hjem\",\"item\":\"https:\\\/\\\/www.bggc.dk\\\/gammel\\\/\"},{\"@type\":\"ListItem\",\"position\":2,\"name\":\"Klubben\",\"item\":\"https:\\\/\\\/www.bggc.dk\\\/gammel\\\/klubben\\\/\"},{\"@type\":\"ListItem\",\"position\":3,\"name\":\"Gr\u00e6shopperne\",\"item\":\"https:\\\/\\\/www.bggc.dk\\\/gammel\\\/klubben\\\/graeshopperne\\\/\"},{\"@type\":\"ListItem\",\"position\":4,\"name\":\"Venteliste\"}]},{\"@type\":\"WebSite\",\"@id\":\"https:\\\/\\\/www.bggc.dk\\\/gammel\\\/#website\",\"url\":\"https:\\\/\\\/www.bggc.dk\\\/gammel\\\/\",\"name\":\"Breinholtg&aring;rd Golf Klub\",\"description\":\"\",\"potentialAction\":[{\"@type\":\"SearchAction\",\"target\":{\"@type\":\"EntryPoint\",\"urlTemplate\":\"https:\\\/\\\/www.bggc.dk\\\/gammel\\\/?s={search_term_string}\"},\"query-input\":{\"@type\":\"PropertyValueSpecification\",\"valueRequired\":true,\"valueName\":\"search_term_string\"}}],\"inLanguage\":\"da-DK\"}]}<\/script>\n<!-- \/ Yoast SEO plugin. -->","yoast_head_json":{"title":"Venteliste - Breinholtg&aring;rd Golf Klub","robots":{"index":"index","follow":"follow","max-snippet":"max-snippet:-1","max-image-preview":"max-image-preview:large","max-video-preview":"max-video-preview:-1"},"canonical":"https:\/\/www.bggc.dk\/gammel\/klubben\/graeshopperne\/venteliste-3\/","og_locale":"da_DK","og_type":"article","og_title":"Venteliste - Breinholtg&aring;rd Golf Klub","og_description":"[vc_row][vc_column][vc_column_text] GH Venteliste &#8211; Breinholtg\u00e5rd Golf Klub, Esbjerg [\/vc_column_text][vc_empty_space height=&#8221;8px&#8221;][vc_empty_space][\/vc_column][\/vc_row][vc_row][vc_column width=&#8221;2\/3&#8243;][vc_column_text] Venteliste 2025 \u00d8nsker man optagelse p\u00e5 Gr\u00e6shoppernes venteliste skal man sende en mail til holmbo51@outlook.dk. Gitte M\u00f8ller Mikkelsen Hanne Vad Agnete Krupa Inge Bargisen Charlotte Grace Overgaard Anne Grete Idh Nielsen Erik Pedersen Grethe Bruun &nbsp; &nbsp; [\/vc_column_text][\/vc_column][vc_column width=&#8221;1\/3&#8243;][\/vc_column][\/vc_row]","og_url":"https:\/\/www.bggc.dk\/gammel\/klubben\/graeshopperne\/venteliste-3\/","og_site_name":"Breinholtg&aring;rd Golf Klub","article_publisher":"https:\/\/www.facebook.com\/breinholtgaardgolfklub\/","article_modified_time":"2026-03-12T09:10:55+00:00","twitter_card":"summary_large_image","twitter_misc":{"Estimeret l\u00e6setid":"1 minut"},"schema":{"@context":"https:\/\/schema.org","@graph":[{"@type":"WebPage","@id":"https:\/\/www.bggc.dk\/gammel\/klubben\/graeshopperne\/venteliste-3\/","url":"https:\/\/www.bggc.dk\/gammel\/klubben\/graeshopperne\/venteliste-3\/","name":"Venteliste - Breinholtg&aring;rd Golf Klub","isPartOf":{"@id":"https:\/\/www.bggc.dk\/gammel\/#website"},"datePublished":"2023-06-14T14:16:22+00:00","dateModified":"2026-03-12T09:10:55+00:00","breadcrumb":{"@id":"https:\/\/www.bggc.dk\/gammel\/klubben\/graeshopperne\/venteliste-3\/#breadcrumb"},"inLanguage":"da-DK","potentialAction":[{"@type":"ReadAction","target":["https:\/\/www.bggc.dk\/gammel\/klubben\/graeshopperne\/venteliste-3\/"]}]},{"@type":"BreadcrumbList","@id":"https:\/\/www.bggc.dk\/gammel\/klubben\/graeshopperne\/venteliste-3\/#breadcrumb","itemListElement":[{"@type":"ListItem","position":1,"name":"Hjem","item":"https:\/\/www.bggc.dk\/gammel\/"},{"@type":"ListItem","position":2,"name":"Klubben","item":"https:\/\/www.bggc.dk\/gammel\/klubben\/"},{"@type":"ListItem","position":3,"name":"Gr\u00e6shopperne","item":"https:\/\/www.bggc.dk\/gammel\/klubben\/graeshopperne\/"},{"@type":"ListItem","position":4,"name":"Venteliste"}]},{"@type":"WebSite","@id":"https:\/\/www.bggc.dk\/gammel\/#website","url":"https:\/\/www.bggc.dk\/gammel\/","name":"Breinholtg&aring;rd Golf Klub","description":"","potentialAction":[{"@type":"SearchAction","target":{"@type":"EntryPoint","urlTemplate":"https:\/\/www.bggc.dk\/gammel\/?s={search_term_string}"},"query-input":{"@type":"PropertyValueSpecification","valueRequired":true,"valueName":"search_term_string"}}],"inLanguage":"da-DK"}]}},"jetpack_sharing_enabled":true,"jetpack_shortlink":"https:\/\/wp.me\/P8jnZw-88g","jetpack-related-posts":[],"_links":{"self":[{"href":"https:\/\/www.bggc.dk\/gammel\/wp-json\/wp\/v2\/pages\/31264","targetHints":{"allow":["GET"]}}],"collection":[{"href":"https:\/\/www.bggc.dk\/gammel\/wp-json\/wp\/v2\/pages"}],"about":[{"href":"https:\/\/www.bggc.dk\/gammel\/wp-json\/wp\/v2\/types\/page"}],"author":[{"embeddable":true,"href":"https:\/\/www.bggc.dk\/gammel\/wp-json\/wp\/v2\/users\/30"}],"replies":[{"embeddable":true,"href":"https:\/\/www.bggc.dk\/gammel\/wp-json\/wp\/v2\/comments?post=31264"}],"version-history":[{"count":40,"href":"https:\/\/www.bggc.dk\/gammel\/wp-json\/wp\/v2\/pages\/31264\/revisions"}],"predecessor-version":[{"id":42553,"href":"https:\/\/www.bggc.dk\/gammel\/wp-json\/wp\/v2\/pages\/31264\/revisions\/42553"}],"up":[{"embeddable":true,"href":"https:\/\/www.bggc.dk\/gammel\/wp-json\/wp\/v2\/pages\/30615"}],"wp:attachment":[{"href":"https:\/\/www.bggc.dk\/gammel\/wp-json\/wp\/v2\/media?parent=31264"}],"curies":[{"name":"wp","href":"https:\/\/api.w.org\/{rel}","templated":true}]}}