{"id":30035,"date":"2023-04-01T12:56:38","date_gmt":"2023-04-01T11:56:38","guid":{"rendered":"http:\/\/www.bggc.dk\/gammel\/?page_id=30035"},"modified":"2025-09-12T16:37:26","modified_gmt":"2025-09-12T15:37:26","slug":"aktiviteter","status":"publish","type":"page","link":"https:\/\/www.bggc.dk\/gammel\/ungdom\/aktiviteter\/","title":{"rendered":"Aktiviteter"},"content":{"rendered":"<section class=\"wpb-content-wrapper\"><p>[vc_row][vc_column][vc_column_text]<\/p>\n<h1>Ungdoms aktiviteter &#8211; <span style=\"font-size: XX-large;\">Breinholtg\u00e5rd Golf Klub<\/span><\/h1>\n<p>[\/vc_column_text][vc_empty_space height=&#8221;8px&#8221;]<div class=\"hr-thin style-line\" style=\"width: 100%;border-color: #d1af1d;\"><\/div>[vc_empty_space][vc_column_text][\/vc_column_text][\/vc_column][\/vc_row][vc_row][vc_column width=&#8221;1\/2&#8243;][vc_column_text]<\/p>\n<h3>For\u00e5rsmatchen<\/h3>\n<p>For\u00e5rsmatchen l\u00f8rdag den 25. marts skyder Ungdomsafdelingen s\u00e6son i gang.<br \/>\nDette er en dag, hvor alle i afdelingen er i gang, for Trold til \u00e6ldste ungdomsspiller.<br \/>\nDer afvikles derfor match p\u00e5 b\u00e5de par 3-banen og stor bane. Matchen afvikles som generationsmatch og det er altid sk\u00f8nt at m\u00e6rke, den store opbakning der er, fra b\u00e5de for\u00e6ldre og bedstefor\u00e6ldre.<\/p>\n<p>Der vil i forbindelse med matchen blive afholdt informationsm\u00f8de for Trolde og ikke frigivne ungdomsspillere og selvf\u00f8lgelig deres for\u00e6ldre. Der vil bl.a. v\u00e6re information om aktiviteterne der tilbydes over s\u00e6sonen, samt gennemgang af tr\u00e6ningstider og turneringer.[\/vc_column_text][\/vc_column][vc_column width=&#8221;1\/2&#8243;][vc_column_text]<\/p>\n<h3>Weekendtur<\/h3>\n<p>Weekendturen l\u00f8ber i \u00e5r af staben fra den 9. &#8211; 11. juni.<br \/>\nDette er en tur der tilbydes for frigivet ungdomsspillere, der er fyldt 12 \u00e5r. Weekendturen er i skrivende stund fortsat i planl\u00e6gningsfasen, men turen vil helt sikkert byde p\u00e5 masser af hygge, golf og f\u00e6llesskab.[\/vc_column_text][\/vc_column][\/vc_row][vc_row][vc_column][vc_empty_space][\/vc_column][\/vc_row][vc_row][vc_column width=&#8221;1\/2&#8243;][vc_column_text]<\/p>\n<h3>SommerSjov<\/h3>\n<p>SommerSjov afvikles i \u00e5r fra fredag til l\u00f8rdag den f\u00f8rste weekend i august. Dette er en aktivitet for alle Ungdomsspillere, b\u00e5de ikke frigivet og frigivet.<\/p>\n<p>Fredag byder p\u00e5 tr\u00e6ning med Frank, hvor spillerne udfordres med forskellige aktiviteter, herefter puttekonkurrencer, speedgolf, natgolf og hygge.<\/p>\n<p>L\u00f8rdag er der igen tr\u00e6ning med Frank og Klaus inden der spilles 18 huller med udfordringer og f\u00e6lles frokost med Troldene.<br \/>\nTroldene deltager l\u00f8rdag, hvor de ogs\u00e5 har en dag med tr\u00e6ning, match, paddel og hygge.[\/vc_column_text][\/vc_column][vc_column width=&#8221;1\/2&#8243;][vc_column_text]<\/p>\n<h3>Boldopsamling 2022<\/h3>\n<p>Fredag den 18. august byder vi i ungdomsafdelingen igen p\u00e5 en v\u00e5d aktivitet, for der er det tid til den \u00e5rlige tur i s\u00f8en p\u00e5 Skovens hul 2\/7.<br \/>\nS\u00e5 t\u00f8v ikke med at bidrage til Ungdomsafdelingens tur i vandet, n\u00e5r I g\u00e5r runderne hen over sommeren p\u00e5 vores flotte bane.<br \/>\nUngdomsafdelingen er meget taknemmelige for jeres bidrag og vi er glade for jeres gavmilde bidrag fra s\u00e6sonen 2022, hvor der p\u00e5 1 \u00bd time i vandet blev samlet 5800 bolde op.[\/vc_column_text][\/vc_column][\/vc_row][vc_row][vc_column][vc_empty_space][\/vc_column][\/vc_row][vc_row][vc_column width=&#8221;1\/2&#8243;][vc_column_text]<\/p>\n<h3>Efter\u00e5rsmatchen<\/h3>\n<p>Ungdomsafdelingen afslutter \u00e5ret med Efter\u00e5rsmatchen l\u00f8rdag den 28. oktober, som afvikles som Ryder Cup.<br \/>\nDenne dag dyster to hold i forskellige discipliner, holdene guides hele dagen af to holdkaptajner, som altid holdes hemmelige indtil dagen oprinder, for det er ikke hvem som helst, der bliver kaptajner, man bliver n\u00f8je udvalgt af ungdomsudvalget.<br \/>\nDagen er for alle fra Trold til \u00e6ldste ungdomsspiller og elitespillerne er denne dag ogs\u00e5 inviteret.<\/p>\n<p>Dagen afsluttes med f\u00e6llesspisning, hvor vi igen i \u00e5r h\u00e5ber p\u00e5 at se mange for\u00e6ldre og bedstefor\u00e6ldre, s\u00e5 s\u00e6sonen 2023 kan afsluttes med maner.[\/vc_column_text][\/vc_column][vc_column width=&#8221;1\/2&#8243;][\/vc_column][\/vc_row][vc_row][vc_column][vc_empty_space][\/vc_column][\/vc_row][vc_row][vc_column]\n<ul class=\"slider-simple royalSlider rsShor\" data-width=\"800\" data-height=\"450\" style=\"width: 100%\">\n\t<li>\n\t\t<img data-recalc-dims=\"1\" loading=\"lazy\" decoding=\"async\" class=\"rsImg preload-me\" src=\"https:\/\/i0.wp.com\/www.bggc.dk\/gammel\/wp-content\/uploads\/2019\/02\/IMG_5162.jpeg?resize=1200%2C900&#038;ssl=1\" width=\"1200\" height=\"900\"  alt=\"\"  \/><\/li>\n\t<li>\n\t\t<img data-recalc-dims=\"1\" loading=\"lazy\" decoding=\"async\" class=\"rsImg preload-me\" src=\"https:\/\/i0.wp.com\/www.bggc.dk\/gammel\/wp-content\/uploads\/2025\/09\/IMG_5165.jpeg?resize=1200%2C900&#038;ssl=1\" width=\"1200\" height=\"900\"  alt=\"\"  \/><\/li>\n\t<li>\n\t\t<img data-recalc-dims=\"1\" loading=\"lazy\" decoding=\"async\" class=\"rsImg preload-me\" src=\"https:\/\/i0.wp.com\/www.bggc.dk\/gammel\/wp-content\/uploads\/2025\/09\/IMG_5209.jpeg?resize=1200%2C900&#038;ssl=1\" width=\"1200\" height=\"900\"  alt=\"\"  \/><\/li>\n\t<li>\n\t\t<img data-recalc-dims=\"1\" loading=\"lazy\" decoding=\"async\" class=\"rsImg preload-me\" src=\"https:\/\/i0.wp.com\/www.bggc.dk\/gammel\/wp-content\/uploads\/2025\/09\/IMG_5215.jpeg?resize=1200%2C900&#038;ssl=1\" width=\"1200\" height=\"900\"  alt=\"\"  \/><\/li>\n\t<li>\n\t\t<img data-recalc-dims=\"1\" loading=\"lazy\" decoding=\"async\" class=\"rsImg preload-me\" src=\"https:\/\/i0.wp.com\/www.bggc.dk\/gammel\/wp-content\/uploads\/2025\/09\/att.A0wqUAxb10lB_0cRzvIf7_VVcg3xMltvjY0RVo2m3l0.jpg?resize=1200%2C1600&#038;ssl=1\" width=\"1200\" height=\"1600\"  alt=\"\"  \/><\/li>\n\t<li>\n\t\t<img data-recalc-dims=\"1\" loading=\"lazy\" decoding=\"async\" class=\"rsImg preload-me\" src=\"https:\/\/i0.wp.com\/www.bggc.dk\/gammel\/wp-content\/uploads\/2025\/09\/IMG_5860.jpeg?resize=1200%2C900&#038;ssl=1\" width=\"1200\" height=\"900\"  alt=\"\"  \/><\/li>\n\t<li>\n\t\t<img data-recalc-dims=\"1\" loading=\"lazy\" decoding=\"async\" class=\"rsImg preload-me\" src=\"https:\/\/i0.wp.com\/www.bggc.dk\/gammel\/wp-content\/uploads\/2025\/09\/IMG_5915.jpeg?resize=1200%2C900&#038;ssl=1\" width=\"1200\" height=\"900\"  alt=\"\"  \/><\/li>\n\t<li>\n\t\t<img data-recalc-dims=\"1\" loading=\"lazy\" decoding=\"async\" class=\"rsImg preload-me\" src=\"https:\/\/i0.wp.com\/www.bggc.dk\/gammel\/wp-content\/uploads\/2019\/02\/TEST-11.jpg?resize=577%2C433&#038;ssl=1\" width=\"577\" height=\"433\"  alt=\"\"  \/><\/li><\/ul>[\/vc_column][\/vc_row]<\/p>\n<\/section>","protected":false},"excerpt":{"rendered":"<p>[vc_row][vc_column][vc_column_text] Ungdoms aktiviteter &#8211; Breinholtg\u00e5rd Golf Klub [\/vc_column_text][vc_empty_space height=&#8221;8px&#8221;][vc_empty_space][vc_column_text][\/vc_column_text][\/vc_column][\/vc_row][vc_row][vc_column width=&#8221;1\/2&#8243;][vc_column_text] For\u00e5rsmatchen For\u00e5rsmatchen l\u00f8rdag den 25. marts skyder Ungdomsafdelingen s\u00e6son i gang. Dette er en dag, hvor alle i afdelingen er i gang, for Trold til \u00e6ldste ungdomsspiller. Der afvikles derfor match p\u00e5 b\u00e5de par 3-banen og stor bane. Matchen afvikles som generationsmatch og det er&hellip;<\/p>\n","protected":false},"author":7,"featured_media":0,"parent":30002,"menu_order":10,"comment_status":"closed","ping_status":"closed","template":"","meta":{"_monsterinsights_skip_tracking":false,"_monsterinsights_sitenote_active":false,"_monsterinsights_sitenote_note":"","_monsterinsights_sitenote_category":0,"footnotes":""},"class_list":["post-30035","page","type-page","status-publish","hentry","description-off"],"yoast_head":"<!-- This site is optimized with the Yoast SEO plugin v27.4 - https:\/\/yoast.com\/product\/yoast-seo-wordpress\/ -->\n<title>Junior - Breinholtg\u00e5rd Golf Klub Esbjerg - Mer&#039; end golf<\/title>\n<meta name=\"description\" content=\"Velkommen til Juniorafdelingen p\u00e5 Breinholtg\u00e5rd I BGK\u2019s juniorafdeling er der plads til alle, s\u00e5vel juniorer som blot \u00f8nsker at spille golf p\u00e5 \u201chobbyplan\u201d og juniorer med ambitioner om en dag at blive elitespiller. Klik her for at l\u00e6se mere.\" \/>\n<meta name=\"robots\" content=\"index, follow, max-snippet:-1, max-image-preview:large, max-video-preview:-1\" \/>\n<link rel=\"canonical\" href=\"https:\/\/www.bggc.dk\/gammel\/ungdom\/aktiviteter\/\" \/>\n<meta property=\"og:locale\" content=\"da_DK\" \/>\n<meta property=\"og:type\" content=\"article\" \/>\n<meta property=\"og:title\" content=\"Junior - Breinholtg\u00e5rd Golf Klub Esbjerg - Mer&#039; end golf\" \/>\n<meta property=\"og:description\" content=\"Velkommen til Juniorafdelingen p\u00e5 Breinholtg\u00e5rd I BGK\u2019s juniorafdeling er der plads til alle, s\u00e5vel juniorer som blot \u00f8nsker at spille golf p\u00e5 \u201chobbyplan\u201d og juniorer med ambitioner om en dag at blive elitespiller. Klik her for at l\u00e6se mere.\" \/>\n<meta property=\"og:url\" content=\"https:\/\/www.bggc.dk\/gammel\/ungdom\/aktiviteter\/\" \/>\n<meta property=\"og:site_name\" content=\"Breinholtg&aring;rd Golf Klub\" \/>\n<meta property=\"article:publisher\" content=\"https:\/\/www.facebook.com\/breinholtgaardgolfklub\/\" \/>\n<meta property=\"article:modified_time\" content=\"2025-09-12T15:37:26+00:00\" \/>\n<meta name=\"twitter:card\" content=\"summary_large_image\" \/>\n<meta name=\"twitter:label1\" content=\"Estimeret l\u00e6setid\" \/>\n\t<meta name=\"twitter:data1\" content=\"3 minutter\" \/>\n<script type=\"application\/ld+json\" class=\"yoast-schema-graph\">{\"@context\":\"https:\\\/\\\/schema.org\",\"@graph\":[{\"@type\":\"WebPage\",\"@id\":\"https:\\\/\\\/www.bggc.dk\\\/gammel\\\/ungdom\\\/aktiviteter\\\/\",\"url\":\"https:\\\/\\\/www.bggc.dk\\\/gammel\\\/ungdom\\\/aktiviteter\\\/\",\"name\":\"Junior - Breinholtg\u00e5rd Golf Klub Esbjerg - Mer' end golf\",\"isPartOf\":{\"@id\":\"https:\\\/\\\/www.bggc.dk\\\/gammel\\\/#website\"},\"datePublished\":\"2023-04-01T11:56:38+00:00\",\"dateModified\":\"2025-09-12T15:37:26+00:00\",\"description\":\"Velkommen til Juniorafdelingen p\u00e5 Breinholtg\u00e5rd I BGK\u2019s juniorafdeling er der plads til alle, s\u00e5vel juniorer som blot \u00f8nsker at spille golf p\u00e5 \u201chobbyplan\u201d og juniorer med ambitioner om en dag at blive elitespiller. Klik her for at l\u00e6se mere.\",\"breadcrumb\":{\"@id\":\"https:\\\/\\\/www.bggc.dk\\\/gammel\\\/ungdom\\\/aktiviteter\\\/#breadcrumb\"},\"inLanguage\":\"da-DK\",\"potentialAction\":[{\"@type\":\"ReadAction\",\"target\":[\"https:\\\/\\\/www.bggc.dk\\\/gammel\\\/ungdom\\\/aktiviteter\\\/\"]}]},{\"@type\":\"BreadcrumbList\",\"@id\":\"https:\\\/\\\/www.bggc.dk\\\/gammel\\\/ungdom\\\/aktiviteter\\\/#breadcrumb\",\"itemListElement\":[{\"@type\":\"ListItem\",\"position\":1,\"name\":\"Hjem\",\"item\":\"https:\\\/\\\/www.bggc.dk\\\/gammel\\\/\"},{\"@type\":\"ListItem\",\"position\":2,\"name\":\"Ungdom\",\"item\":\"https:\\\/\\\/www.bggc.dk\\\/gammel\\\/ungdom\\\/\"},{\"@type\":\"ListItem\",\"position\":3,\"name\":\"Aktiviteter\"}]},{\"@type\":\"WebSite\",\"@id\":\"https:\\\/\\\/www.bggc.dk\\\/gammel\\\/#website\",\"url\":\"https:\\\/\\\/www.bggc.dk\\\/gammel\\\/\",\"name\":\"Breinholtg&aring;rd Golf Klub\",\"description\":\"\",\"potentialAction\":[{\"@type\":\"SearchAction\",\"target\":{\"@type\":\"EntryPoint\",\"urlTemplate\":\"https:\\\/\\\/www.bggc.dk\\\/gammel\\\/?s={search_term_string}\"},\"query-input\":{\"@type\":\"PropertyValueSpecification\",\"valueRequired\":true,\"valueName\":\"search_term_string\"}}],\"inLanguage\":\"da-DK\"}]}<\/script>\n<!-- \/ Yoast SEO plugin. -->","yoast_head_json":{"title":"Junior - Breinholtg\u00e5rd Golf Klub Esbjerg - Mer' end golf","description":"Velkommen til Juniorafdelingen p\u00e5 Breinholtg\u00e5rd I BGK\u2019s juniorafdeling er der plads til alle, s\u00e5vel juniorer som blot \u00f8nsker at spille golf p\u00e5 \u201chobbyplan\u201d og juniorer med ambitioner om en dag at blive elitespiller. Klik her for at l\u00e6se mere.","robots":{"index":"index","follow":"follow","max-snippet":"max-snippet:-1","max-image-preview":"max-image-preview:large","max-video-preview":"max-video-preview:-1"},"canonical":"https:\/\/www.bggc.dk\/gammel\/ungdom\/aktiviteter\/","og_locale":"da_DK","og_type":"article","og_title":"Junior - Breinholtg\u00e5rd Golf Klub Esbjerg - Mer' end golf","og_description":"Velkommen til Juniorafdelingen p\u00e5 Breinholtg\u00e5rd I BGK\u2019s juniorafdeling er der plads til alle, s\u00e5vel juniorer som blot \u00f8nsker at spille golf p\u00e5 \u201chobbyplan\u201d og juniorer med ambitioner om en dag at blive elitespiller. Klik her for at l\u00e6se mere.","og_url":"https:\/\/www.bggc.dk\/gammel\/ungdom\/aktiviteter\/","og_site_name":"Breinholtg&aring;rd Golf Klub","article_publisher":"https:\/\/www.facebook.com\/breinholtgaardgolfklub\/","article_modified_time":"2025-09-12T15:37:26+00:00","twitter_card":"summary_large_image","twitter_misc":{"Estimeret l\u00e6setid":"3 minutter"},"schema":{"@context":"https:\/\/schema.org","@graph":[{"@type":"WebPage","@id":"https:\/\/www.bggc.dk\/gammel\/ungdom\/aktiviteter\/","url":"https:\/\/www.bggc.dk\/gammel\/ungdom\/aktiviteter\/","name":"Junior - Breinholtg\u00e5rd Golf Klub Esbjerg - Mer' end golf","isPartOf":{"@id":"https:\/\/www.bggc.dk\/gammel\/#website"},"datePublished":"2023-04-01T11:56:38+00:00","dateModified":"2025-09-12T15:37:26+00:00","description":"Velkommen til Juniorafdelingen p\u00e5 Breinholtg\u00e5rd I BGK\u2019s juniorafdeling er der plads til alle, s\u00e5vel juniorer som blot \u00f8nsker at spille golf p\u00e5 \u201chobbyplan\u201d og juniorer med ambitioner om en dag at blive elitespiller. Klik her for at l\u00e6se mere.","breadcrumb":{"@id":"https:\/\/www.bggc.dk\/gammel\/ungdom\/aktiviteter\/#breadcrumb"},"inLanguage":"da-DK","potentialAction":[{"@type":"ReadAction","target":["https:\/\/www.bggc.dk\/gammel\/ungdom\/aktiviteter\/"]}]},{"@type":"BreadcrumbList","@id":"https:\/\/www.bggc.dk\/gammel\/ungdom\/aktiviteter\/#breadcrumb","itemListElement":[{"@type":"ListItem","position":1,"name":"Hjem","item":"https:\/\/www.bggc.dk\/gammel\/"},{"@type":"ListItem","position":2,"name":"Ungdom","item":"https:\/\/www.bggc.dk\/gammel\/ungdom\/"},{"@type":"ListItem","position":3,"name":"Aktiviteter"}]},{"@type":"WebSite","@id":"https:\/\/www.bggc.dk\/gammel\/#website","url":"https:\/\/www.bggc.dk\/gammel\/","name":"Breinholtg&aring;rd Golf Klub","description":"","potentialAction":[{"@type":"SearchAction","target":{"@type":"EntryPoint","urlTemplate":"https:\/\/www.bggc.dk\/gammel\/?s={search_term_string}"},"query-input":{"@type":"PropertyValueSpecification","valueRequired":true,"valueName":"search_term_string"}}],"inLanguage":"da-DK"}]}},"jetpack_sharing_enabled":true,"jetpack_shortlink":"https:\/\/wp.me\/P8jnZw-7Or","jetpack-related-posts":[],"_links":{"self":[{"href":"https:\/\/www.bggc.dk\/gammel\/wp-json\/wp\/v2\/pages\/30035","targetHints":{"allow":["GET"]}}],"collection":[{"href":"https:\/\/www.bggc.dk\/gammel\/wp-json\/wp\/v2\/pages"}],"about":[{"href":"https:\/\/www.bggc.dk\/gammel\/wp-json\/wp\/v2\/types\/page"}],"author":[{"embeddable":true,"href":"https:\/\/www.bggc.dk\/gammel\/wp-json\/wp\/v2\/users\/7"}],"replies":[{"embeddable":true,"href":"https:\/\/www.bggc.dk\/gammel\/wp-json\/wp\/v2\/comments?post=30035"}],"version-history":[{"count":6,"href":"https:\/\/www.bggc.dk\/gammel\/wp-json\/wp\/v2\/pages\/30035\/revisions"}],"predecessor-version":[{"id":41327,"href":"https:\/\/www.bggc.dk\/gammel\/wp-json\/wp\/v2\/pages\/30035\/revisions\/41327"}],"up":[{"embeddable":true,"href":"https:\/\/www.bggc.dk\/gammel\/wp-json\/wp\/v2\/pages\/30002"}],"wp:attachment":[{"href":"https:\/\/www.bggc.dk\/gammel\/wp-json\/wp\/v2\/media?parent=30035"}],"curies":[{"name":"wp","href":"https:\/\/api.w.org\/{rel}","templated":true}]}}