{"id":22872,"date":"2022-03-18T14:05:40","date_gmt":"2022-03-18T13:05:40","guid":{"rendered":"http:\/\/www.bggc.dk\/gammel\/?page_id=22872"},"modified":"2025-09-20T16:17:46","modified_gmt":"2025-09-20T15:17:46","slug":"rehabgolf","status":"publish","type":"page","link":"https:\/\/www.bggc.dk\/gammel\/klubben\/rehabgolf\/","title":{"rendered":"REHAB-golf"},"content":{"rendered":"<section class=\"wpb-content-wrapper\"><p>[vc_row][vc_column][vc_column_text]<\/p>\n<h1>REHAB-golf <span style=\"font-size: x-large;\"> &#8211; Breinholtg\u00e5rd Golf Klub, Esbjerg<\/span><\/h1>\n<p>[\/vc_column_text][vc_empty_space height=&#8221;8px&#8221;]<div class=\"hr-thin style-line\" style=\"width: 100%;border-color: #d3af1d;\"><\/div>[vc_empty_space][\/vc_column][\/vc_row][vc_row][vc_column][vc_column_text]<\/p>\n<h3>Golf er for alle og for hele livet<\/h3>\n<p>[\/vc_column_text][vc_empty_space height=&#8221;12px&#8221;][\/vc_column][\/vc_row][vc_row][vc_column width=&#8221;6\/12&#8243;][vc_column_text]Man beh\u00f8ver ikke v\u00e6re ung eller en toptr\u00e6net person for at f\u00e5 gavn af at spille golf.<\/p>\n<p style=\"text-align: center;\"><strong>&#8220;Golf er for alle\u00a0 &#8211;\u00a0 og for hele livet&#8221;<\/strong><\/p>\n<p>Breinholtg\u00e5rd Golf Klub vil i samarbejde med Dansk Handicap Forbund og Hjerneskadeforeningen fortsat introducere og gennemf\u00f8re rehabiliteringsgolf, som et element i forbindelse med genoptr\u00e6ning og rehabilitering af bev\u00e6gelses-h\u00e6mmede<br \/>\nHeraf ben\u00e6vnelsen \u201dREHAB\u201d.<\/p>\n<p>Breinholtg\u00e5rd Golf Klub er af Dansk Handicapforbund, udpeget til \u2013 og i samarbejde med Hjerneskadeforeningen \u2013 at tilbyde golf, som et element i forbindelse med genoptr\u00e6ningen af mennesker med fysisk og kognitiv funktionsneds\u00e6ttelse.<\/p>\n<p>Kontakt INFO <a href=\"#kontakt\">KLIK HER<\/a>[\/vc_column_text][\/vc_column][vc_column width=&#8221;4\/12&#8243;][vc_column_text]<a class=\"dt-single-image\" href=\"https:\/\/i0.wp.com\/www.bggc.dk\/gammel\/wp-content\/uploads\/2023\/03\/220916-REHAB-2-R-rotated.jpg\" data-dt-img-description=\"\"><img data-recalc-dims=\"1\" loading=\"lazy\" decoding=\"async\" data-attachment-id=\"29694\" data-permalink=\"https:\/\/www.bggc.dk\/gammel\/klubben\/rehabgolf\/220916-rehab-2-r\/\" data-orig-file=\"https:\/\/www.bggc.dk\/gammel\/wp-content\/uploads\/2023\/03\/220916-REHAB-2-R-rotated.jpg\" data-orig-size=\"768,1024\" data-comments-opened=\"0\" data-image-meta=\"{&quot;aperture&quot;:&quot;0&quot;,&quot;credit&quot;:&quot;&quot;,&quot;camera&quot;:&quot;&quot;,&quot;caption&quot;:&quot;&quot;,&quot;created_timestamp&quot;:&quot;0&quot;,&quot;copyright&quot;:&quot;&quot;,&quot;focal_length&quot;:&quot;0&quot;,&quot;iso&quot;:&quot;0&quot;,&quot;shutter_speed&quot;:&quot;0&quot;,&quot;title&quot;:&quot;&quot;,&quot;orientation&quot;:&quot;1&quot;}\" data-image-title=\"220916 REHAB 2 R\" data-image-description=\"\" data-image-caption=\"\" data-large-file=\"https:\/\/www.bggc.dk\/gammel\/wp-content\/uploads\/2023\/03\/220916-REHAB-2-R-rotated.jpg\" class=\"alignnone size-full wp-image-29694\" src=\"https:\/\/i0.wp.com\/www.bggc.dk\/gammel\/wp-content\/uploads\/2023\/03\/220916-REHAB-2-R-rotated.jpg?resize=768%2C1024\" alt=\"\" width=\"768\" height=\"1024\" srcset=\"https:\/\/i0.wp.com\/www.bggc.dk\/gammel\/wp-content\/uploads\/2023\/03\/220916-REHAB-2-R-rotated.jpg?w=768&amp;ssl=1 768w, https:\/\/i0.wp.com\/www.bggc.dk\/gammel\/wp-content\/uploads\/2023\/03\/220916-REHAB-2-R-rotated.jpg?resize=225%2C300&amp;ssl=1 225w\" sizes=\"auto, (max-width: 768px) 100vw, 768px\" \/><\/a>[\/vc_column_text][\/vc_column][vc_column width=&#8221;2\/12&#8243;][vc_column_text]<img data-recalc-dims=\"1\" loading=\"lazy\" decoding=\"async\" data-attachment-id=\"22978\" data-permalink=\"https:\/\/www.bggc.dk\/gammel\/klubben\/rehabgolf\/logo_bgk_rgb_hv-bgr_rehab\/\" data-orig-file=\"https:\/\/www.bggc.dk\/gammel\/wp-content\/uploads\/2022\/03\/Logo_BGK_RGB_Hv-bgr_REHAB.jpg\" data-orig-size=\"1000,740\" data-comments-opened=\"0\" data-image-meta=\"{&quot;aperture&quot;:&quot;0&quot;,&quot;credit&quot;:&quot;&quot;,&quot;camera&quot;:&quot;&quot;,&quot;caption&quot;:&quot;&quot;,&quot;created_timestamp&quot;:&quot;0&quot;,&quot;copyright&quot;:&quot;&quot;,&quot;focal_length&quot;:&quot;0&quot;,&quot;iso&quot;:&quot;0&quot;,&quot;shutter_speed&quot;:&quot;0&quot;,&quot;title&quot;:&quot;&quot;,&quot;orientation&quot;:&quot;1&quot;}\" data-image-title=\"Logo BGK RGB Hv Bgr REHAB\" data-image-description=\"\" data-image-caption=\"\" data-large-file=\"https:\/\/www.bggc.dk\/gammel\/wp-content\/uploads\/2022\/03\/Logo_BGK_RGB_Hv-bgr_REHAB.jpg\" class=\"alignright wp-image-22978\" src=\"https:\/\/i0.wp.com\/www.bggc.dk\/gammel\/wp-content\/uploads\/2022\/03\/Logo_BGK_RGB_Hv-bgr_REHAB.jpg?resize=250%2C185\" alt=\"\" width=\"250\" height=\"185\" srcset=\"https:\/\/i0.wp.com\/www.bggc.dk\/gammel\/wp-content\/uploads\/2022\/03\/Logo_BGK_RGB_Hv-bgr_REHAB.jpg?w=1000&amp;ssl=1 1000w, https:\/\/i0.wp.com\/www.bggc.dk\/gammel\/wp-content\/uploads\/2022\/03\/Logo_BGK_RGB_Hv-bgr_REHAB.jpg?resize=300%2C222&amp;ssl=1 300w, https:\/\/i0.wp.com\/www.bggc.dk\/gammel\/wp-content\/uploads\/2022\/03\/Logo_BGK_RGB_Hv-bgr_REHAB.jpg?resize=768%2C568&amp;ssl=1 768w\" sizes=\"auto, (max-width: 250px) 100vw, 250px\" \/>[\/vc_column_text][\/vc_column][\/vc_row][vc_row][vc_column][vc_empty_space][\/vc_column][\/vc_row][vc_row][vc_column width=&#8221;1\/2&#8243;][vc_column_text]<\/p>\n<h3>&#8220;REHAB-golf&#8221; &#8211; hvad er det<\/h3>\n<p>Fysisk aktivitet, frisk luft, tr\u00e6ning, golfspil og deltagelse i et socialt f\u00e6llesskab. REHAB-golf har vist sig at v\u00e6re endog meget velegnet i forbindelse med rehabilitering af mennesker med fysiske og kognitive udfordringer.<\/p>\n<p>Golftr\u00e6ning og golfspil giver motion, kr\u00e6fter og styrker balanceevnen, og kan som f\u00f8lge heraf v\u00e6re et godt supplement til anden form for genoptr\u00e6ning.<\/p>\n<p style=\"text-align: center;\"><strong>\u201cREHAB-golf&#8221; bidrager til for\u00f8get livskvalitet<\/strong><\/p>\n<p>[\/vc_column_text][vc_empty_space height=&#8221;16px&#8221;][vc_column_text]<a class=\"dt-single-image\" href=\"https:\/\/i0.wp.com\/www.bggc.dk\/gammel\/wp-content\/uploads\/2023\/03\/220916-REHAB-0.jpg\" data-dt-img-description=\"\"><img data-recalc-dims=\"1\" loading=\"lazy\" decoding=\"async\" data-attachment-id=\"29692\" data-permalink=\"https:\/\/www.bggc.dk\/gammel\/klubben\/rehabgolf\/220916-rehab-0\/\" data-orig-file=\"https:\/\/www.bggc.dk\/gammel\/wp-content\/uploads\/2023\/03\/220916-REHAB-0.jpg\" data-orig-size=\"768,1024\" data-comments-opened=\"0\" data-image-meta=\"{&quot;aperture&quot;:&quot;0&quot;,&quot;credit&quot;:&quot;&quot;,&quot;camera&quot;:&quot;&quot;,&quot;caption&quot;:&quot;&quot;,&quot;created_timestamp&quot;:&quot;0&quot;,&quot;copyright&quot;:&quot;&quot;,&quot;focal_length&quot;:&quot;0&quot;,&quot;iso&quot;:&quot;0&quot;,&quot;shutter_speed&quot;:&quot;0&quot;,&quot;title&quot;:&quot;&quot;,&quot;orientation&quot;:&quot;0&quot;}\" data-image-title=\"220916 REHAB 0\" data-image-description=\"\" data-image-caption=\"\" data-large-file=\"https:\/\/www.bggc.dk\/gammel\/wp-content\/uploads\/2023\/03\/220916-REHAB-0.jpg\" class=\"alignnone size-full wp-image-29692\" src=\"https:\/\/i0.wp.com\/www.bggc.dk\/gammel\/wp-content\/uploads\/2023\/03\/220916-REHAB-0.jpg?resize=768%2C1024\" alt=\"\" width=\"768\" height=\"1024\" srcset=\"https:\/\/i0.wp.com\/www.bggc.dk\/gammel\/wp-content\/uploads\/2023\/03\/220916-REHAB-0.jpg?w=768&amp;ssl=1 768w, https:\/\/i0.wp.com\/www.bggc.dk\/gammel\/wp-content\/uploads\/2023\/03\/220916-REHAB-0.jpg?resize=225%2C300&amp;ssl=1 225w\" sizes=\"auto, (max-width: 768px) 100vw, 768px\" \/><\/a>[\/vc_column_text][\/vc_column][vc_column width=&#8221;1\/2&#8243;][vc_column_text]<\/p>\n<h3>REHAB medlemskab<\/h3>\n<p>Medlemskab for \u201cREHAB\u201d-spillere i BGK koster 1.370,00 kr. for hele 2025.<br \/>\nMedlemskabet giver f\u00f8lgende muligheder:<\/p>\n<ul>\n<li>deltagelse i fredagens vejledning, tr\u00e6ning og spil<\/li>\n<li>fri benyttelse af tr\u00e6ningsfaciliteterne<\/li>\n<li>fri benyttelse af tr\u00e6ningsbolde p\u00e5 driving-range<\/li>\n<li>fri benyttelse af Par 3-banen<\/li>\n<\/ul>\n<p>Der er mulighed for en pr\u00f8veperiode p\u00e5 en m\u00e5ned inden endelig tilmelding.<\/p>\n<p>Som ikke tidligere golfspiller vil man ved deltagelse i fredagsarrangementerne f\u00e5 viden om golfregler, golfspil og golfetikette.<\/p>\n<p>Der er mulighed for at l\u00e5ne golf k\u00f8ller\/jern.[\/vc_column_text][vc_empty_space][vc_column_text]<\/p>\n<h3>Socialt samv\u00e6r<\/h3>\n<p>Breinholtg\u00e5rd Golf Klubs historie str\u00e6kker sig tilbage til 1991 og 1. marts 1992 blev klubben godkendt som nr. 78 i DGU\u2019s regi.<\/p>\n<p>Breinholtg\u00e5rd Golf Klub er et af Danmarks bedste 27 hullers golfanl\u00e6g, anlagt i smukke omgivelser lige uden for Esbjerg.<br \/>\nDe varierede huller og vestenvinden giver masser af udfordringer for alle golfspillere.<\/p>\n<p>REHAB golfere vil prim\u00e6rt anvende golfbanens tr\u00e6ningsfaciliteter og Par 3 banen.<\/p>\n<p>Breinholtg\u00e5rd Golf Klub l\u00e6gger v\u00e6gt p\u00e5 f\u00e6llesskab og gensidig respekt.<br \/>\nVi er en klub med medlemmer fra 4 \u00e5r til sidst i 80\u2019erne og vi har fra ungdom og elite til Seniorklubber og alt ind i mellem[\/vc_column_text][\/vc_column][\/vc_row][vc_row][vc_column][vc_empty_space][\/vc_column][\/vc_row][vc_row][vc_column width=&#8221;1\/2&#8243;][vc_column_text]<\/p>\n<h3>Tr\u00e6nings og spilledage<\/h3>\n<p>Tr\u00e6ning p\u00e5 fredage gennemf\u00f8res under vejledning af professionelle tr\u00e6nere med st\u00f8tte fra frivillige hj\u00e6lpere.<br \/>\nEr man ikke selvhjulpen \/ -transporterende skal man medtage en ledsager \/ personlig hj\u00e6lper.<\/p>\n<p>M\u00f8detid ved tr\u00e6ningsbanen kl. 9.30<\/p>\n<ul>\n<li>Tr\u00e6ning og vejledning kl. 9.30 &#8211; 10.15.<\/li>\n<li>Spil p\u00e5 Par-3 banen<br \/>\nKl. 10.15 &#8211; Der spilles 9 huller, hvis fysikken er til det.<\/li>\n<li>Kl. 12.15 m\u00f8des vi alle p\u00e5 terrassen eller i klubhuset, alt efter vejret.<br \/>\nAfslutning p\u00e5 spillet.<br \/>\nMulighed for k\u00f8b af mad og drikke.<br \/>\nSocialt samv\u00e6r.<\/li>\n<\/ul>\n<p>F\u00f8rste spilledag er fredag i uge 17 (den 25. april 2025).<br \/>\nSidste spilledag er fredag i uge 40 (den 3. oktober 2025)<\/p>\n<p>Der er sommerpause i perioden ugerne 27 &#8211; 31 (den 4. juli til den 1. august 2025).[\/vc_column_text][\/vc_column][vc_column width=&#8221;1\/2&#8243;][vc_column_text]<\/p>\n<h3>Frivillige hj\u00e6lpere<\/h3>\n<p>Der etableres en gruppe af frivillige hj\u00e6lpere, som tager sig af praktiske opgaver og vejledning.<br \/>\nSom hj\u00e6lper er der mange forskellige opgaver, der alle har til form\u00e5l at sikre, at \u201cREHAB\u201d-golf spilleren f\u00e5r en god oplevelse.<br \/>\nDe frivillige hj\u00e6lpere deltager i hele arrangementet og kan hj\u00e6lpe med stort som sm\u00e5t.<\/p>\n<p>Deltagerne m\u00e5 ogs\u00e5 gerne selv medbringe hj\u00e6lper eventuelt med kendskab til golfspillet &#8211; men er ikke noget krav.<\/p>\n<p>Er du interesseret i at blive \u201cREHAB\u201d hj\u00e6lper og derved hj\u00e6lpe andre i gang med dette fantastiske spil \u2013 og samtidig g\u00f8re en rigtig god gerning.<br \/>\nKontakt <strong>Kim Meyer<\/strong><br \/>\nmail: <strong>kim58meyer@outlook.dk<\/strong><br \/>\nmobil: <strong>4025 0661<\/strong>[\/vc_column_text][\/vc_column][\/vc_row][vc_row][vc_column][vc_empty_space][\/vc_column][\/vc_row][vc_row][vc_column width=&#8221;1\/2&#8243;][vc_column_text]<\/p>\n<h3>Information og tilmelding<\/h3>\n<p>For tilmelding eller yderligere information kontakt:<\/p>\n<p><strong>Kim Meyer<br \/>\n<\/strong>mail: <strong>kim58meyer@outlook.dk<br \/>\n<\/strong>mobil: <strong>4025 0661<\/strong><\/p>\n<p><strong>Mette Rindom Pedersen<br \/>\n<\/strong>mail: <strong>mette.rindom@hotmail.dk<\/strong><br \/>\nmobil: <strong>2088 5651<\/strong><\/p>\n<p>Oplys navn, mailadresse, alder, handicap (fysisk begr\u00e6nsning), h\u00f8jre\/venstre h\u00e5ndet og om du er selvtransporterende.[\/vc_column_text][vc_empty_space height=&#8221;48px&#8221;][vc_column_text]<a href=\"http:\/\/www.bggc.dk\/gammel\/wp-content\/uploads\/2025\/03\/REHAB-GOLF.pdf\" target=\"_blank\" rel=\"noopener\">Download BGK&#8217;s REHAB folder<\/a>[\/vc_column_text][\/vc_column][vc_column width=&#8221;1\/2&#8243;][vc_column_text]<a class=\"dt-single-image\" href=\"https:\/\/i0.wp.com\/www.bggc.dk\/gammel\/wp-content\/uploads\/2023\/03\/220916-REHAB-4-R-rotated.jpg\" data-dt-img-description=\"\"><img data-recalc-dims=\"1\" loading=\"lazy\" decoding=\"async\" data-attachment-id=\"29698\" data-permalink=\"https:\/\/www.bggc.dk\/gammel\/klubben\/rehabgolf\/220916-rehab-4-r\/\" data-orig-file=\"https:\/\/www.bggc.dk\/gammel\/wp-content\/uploads\/2023\/03\/220916-REHAB-4-R-rotated-e1678174800230.jpg\" data-orig-size=\"768,719\" data-comments-opened=\"0\" data-image-meta=\"{&quot;aperture&quot;:&quot;0&quot;,&quot;credit&quot;:&quot;&quot;,&quot;camera&quot;:&quot;&quot;,&quot;caption&quot;:&quot;&quot;,&quot;created_timestamp&quot;:&quot;0&quot;,&quot;copyright&quot;:&quot;&quot;,&quot;focal_length&quot;:&quot;0&quot;,&quot;iso&quot;:&quot;0&quot;,&quot;shutter_speed&quot;:&quot;0&quot;,&quot;title&quot;:&quot;&quot;,&quot;orientation&quot;:&quot;1&quot;}\" data-image-title=\"220916 REHAB 4 R\" data-image-description=\"\" data-image-caption=\"\" data-large-file=\"https:\/\/www.bggc.dk\/gammel\/wp-content\/uploads\/2023\/03\/220916-REHAB-4-R-rotated-e1678174800230.jpg\" class=\"alignnone wp-image-29698 size-full\" src=\"https:\/\/i0.wp.com\/www.bggc.dk\/gammel\/wp-content\/uploads\/2023\/03\/220916-REHAB-4-R-rotated-e1678174800230.jpg?resize=768%2C719\" alt=\"\" width=\"768\" height=\"719\" srcset=\"https:\/\/i0.wp.com\/www.bggc.dk\/gammel\/wp-content\/uploads\/2023\/03\/220916-REHAB-4-R-rotated-e1678174800230.jpg?w=768&amp;ssl=1 768w, https:\/\/i0.wp.com\/www.bggc.dk\/gammel\/wp-content\/uploads\/2023\/03\/220916-REHAB-4-R-rotated-e1678174800230.jpg?resize=300%2C281&amp;ssl=1 300w\" sizes=\"auto, (max-width: 768px) 100vw, 768px\" \/><\/a>[\/vc_column_text][\/vc_column][\/vc_row][vc_row][vc_column][vc_empty_space][\/vc_column][\/vc_row]<\/p>\n<\/section>","protected":false},"excerpt":{"rendered":"<p>[vc_row][vc_column][vc_column_text] REHAB-golf &#8211; Breinholtg\u00e5rd Golf Klub, Esbjerg [\/vc_column_text][vc_empty_space height=&#8221;8px&#8221;][vc_empty_space][\/vc_column][\/vc_row][vc_row][vc_column][vc_column_text] Golf er for alle og for hele livet [\/vc_column_text][vc_empty_space height=&#8221;12px&#8221;][\/vc_column][\/vc_row][vc_row][vc_column width=&#8221;6\/12&#8243;][vc_column_text]Man beh\u00f8ver ikke v\u00e6re ung eller en toptr\u00e6net person for at f\u00e5 gavn af at spille golf. &#8220;Golf er for alle\u00a0 &#8211;\u00a0 og for hele livet&#8221; Breinholtg\u00e5rd Golf Klub vil i samarbejde med Dansk Handicap Forbund&hellip;<\/p>\n","protected":false},"author":7,"featured_media":0,"parent":104,"menu_order":60,"comment_status":"closed","ping_status":"closed","template":"","meta":{"_monsterinsights_skip_tracking":false,"_monsterinsights_sitenote_active":false,"_monsterinsights_sitenote_note":"","_monsterinsights_sitenote_category":0,"footnotes":""},"class_list":["post-22872","page","type-page","status-publish","hentry","description-off"],"yoast_head":"<!-- This site is optimized with the Yoast SEO plugin v27.4 - https:\/\/yoast.com\/product\/yoast-seo-wordpress\/ -->\n<title>REHAB-golf - Breinholtg&aring;rd Golf Klub<\/title>\n<meta name=\"robots\" content=\"index, follow, max-snippet:-1, max-image-preview:large, max-video-preview:-1\" \/>\n<link rel=\"canonical\" href=\"https:\/\/www.bggc.dk\/gammel\/klubben\/rehabgolf\/\" \/>\n<meta property=\"og:locale\" content=\"da_DK\" \/>\n<meta property=\"og:type\" content=\"article\" \/>\n<meta property=\"og:title\" content=\"REHAB-golf - Breinholtg&aring;rd Golf Klub\" \/>\n<meta property=\"og:description\" content=\"[vc_row][vc_column][vc_column_text] REHAB-golf &#8211; Breinholtg\u00e5rd Golf Klub, Esbjerg [\/vc_column_text][vc_empty_space height=&#8221;8px&#8221;][vc_empty_space][\/vc_column][\/vc_row][vc_row][vc_column][vc_column_text] Golf er for alle og for hele livet [\/vc_column_text][vc_empty_space height=&#8221;12px&#8221;][\/vc_column][\/vc_row][vc_row][vc_column width=&#8221;6\/12&#8243;][vc_column_text]Man beh\u00f8ver ikke v\u00e6re ung eller en toptr\u00e6net person for at f\u00e5 gavn af at spille golf. &#8220;Golf er for alle\u00a0 &#8211;\u00a0 og for hele livet&#8221; Breinholtg\u00e5rd Golf Klub vil i samarbejde med Dansk Handicap Forbund&hellip;\" \/>\n<meta property=\"og:url\" content=\"https:\/\/www.bggc.dk\/gammel\/klubben\/rehabgolf\/\" \/>\n<meta property=\"og:site_name\" content=\"Breinholtg&aring;rd Golf Klub\" \/>\n<meta property=\"article:publisher\" content=\"https:\/\/www.facebook.com\/breinholtgaardgolfklub\/\" \/>\n<meta property=\"article:modified_time\" content=\"2025-09-20T15:17:46+00:00\" \/>\n<meta property=\"og:image\" content=\"http:\/\/www.bggc.dk\/gammel\/wp-content\/uploads\/2023\/03\/220916-REHAB-2-R-rotated.jpg\" \/>\n<meta name=\"twitter:card\" content=\"summary_large_image\" \/>\n<meta name=\"twitter:label1\" content=\"Estimeret l\u00e6setid\" \/>\n\t<meta name=\"twitter:data1\" content=\"5 minutter\" \/>\n<script type=\"application\/ld+json\" class=\"yoast-schema-graph\">{\"@context\":\"https:\\\/\\\/schema.org\",\"@graph\":[{\"@type\":\"WebPage\",\"@id\":\"https:\\\/\\\/www.bggc.dk\\\/gammel\\\/klubben\\\/rehabgolf\\\/\",\"url\":\"https:\\\/\\\/www.bggc.dk\\\/gammel\\\/klubben\\\/rehabgolf\\\/\",\"name\":\"REHAB-golf - Breinholtg&aring;rd Golf Klub\",\"isPartOf\":{\"@id\":\"https:\\\/\\\/www.bggc.dk\\\/gammel\\\/#website\"},\"primaryImageOfPage\":{\"@id\":\"https:\\\/\\\/www.bggc.dk\\\/gammel\\\/klubben\\\/rehabgolf\\\/#primaryimage\"},\"image\":{\"@id\":\"https:\\\/\\\/www.bggc.dk\\\/gammel\\\/klubben\\\/rehabgolf\\\/#primaryimage\"},\"thumbnailUrl\":\"http:\\\/\\\/www.bggc.dk\\\/gammel\\\/wp-content\\\/uploads\\\/2023\\\/03\\\/220916-REHAB-2-R-rotated.jpg\",\"datePublished\":\"2022-03-18T13:05:40+00:00\",\"dateModified\":\"2025-09-20T15:17:46+00:00\",\"breadcrumb\":{\"@id\":\"https:\\\/\\\/www.bggc.dk\\\/gammel\\\/klubben\\\/rehabgolf\\\/#breadcrumb\"},\"inLanguage\":\"da-DK\",\"potentialAction\":[{\"@type\":\"ReadAction\",\"target\":[\"https:\\\/\\\/www.bggc.dk\\\/gammel\\\/klubben\\\/rehabgolf\\\/\"]}]},{\"@type\":\"ImageObject\",\"inLanguage\":\"da-DK\",\"@id\":\"https:\\\/\\\/www.bggc.dk\\\/gammel\\\/klubben\\\/rehabgolf\\\/#primaryimage\",\"url\":\"https:\\\/\\\/www.bggc.dk\\\/gammel\\\/wp-content\\\/uploads\\\/2023\\\/03\\\/220916-REHAB-2-R-rotated.jpg\",\"contentUrl\":\"https:\\\/\\\/www.bggc.dk\\\/gammel\\\/wp-content\\\/uploads\\\/2023\\\/03\\\/220916-REHAB-2-R-rotated.jpg\",\"width\":768,\"height\":1024},{\"@type\":\"BreadcrumbList\",\"@id\":\"https:\\\/\\\/www.bggc.dk\\\/gammel\\\/klubben\\\/rehabgolf\\\/#breadcrumb\",\"itemListElement\":[{\"@type\":\"ListItem\",\"position\":1,\"name\":\"Hjem\",\"item\":\"https:\\\/\\\/www.bggc.dk\\\/gammel\\\/\"},{\"@type\":\"ListItem\",\"position\":2,\"name\":\"Klubben\",\"item\":\"https:\\\/\\\/www.bggc.dk\\\/gammel\\\/klubben\\\/\"},{\"@type\":\"ListItem\",\"position\":3,\"name\":\"REHAB-golf\"}]},{\"@type\":\"WebSite\",\"@id\":\"https:\\\/\\\/www.bggc.dk\\\/gammel\\\/#website\",\"url\":\"https:\\\/\\\/www.bggc.dk\\\/gammel\\\/\",\"name\":\"Breinholtg&aring;rd Golf Klub\",\"description\":\"\",\"potentialAction\":[{\"@type\":\"SearchAction\",\"target\":{\"@type\":\"EntryPoint\",\"urlTemplate\":\"https:\\\/\\\/www.bggc.dk\\\/gammel\\\/?s={search_term_string}\"},\"query-input\":{\"@type\":\"PropertyValueSpecification\",\"valueRequired\":true,\"valueName\":\"search_term_string\"}}],\"inLanguage\":\"da-DK\"}]}<\/script>\n<!-- \/ Yoast SEO plugin. -->","yoast_head_json":{"title":"REHAB-golf - Breinholtg&aring;rd Golf Klub","robots":{"index":"index","follow":"follow","max-snippet":"max-snippet:-1","max-image-preview":"max-image-preview:large","max-video-preview":"max-video-preview:-1"},"canonical":"https:\/\/www.bggc.dk\/gammel\/klubben\/rehabgolf\/","og_locale":"da_DK","og_type":"article","og_title":"REHAB-golf - Breinholtg&aring;rd Golf Klub","og_description":"[vc_row][vc_column][vc_column_text] REHAB-golf &#8211; Breinholtg\u00e5rd Golf Klub, Esbjerg [\/vc_column_text][vc_empty_space height=&#8221;8px&#8221;][vc_empty_space][\/vc_column][\/vc_row][vc_row][vc_column][vc_column_text] Golf er for alle og for hele livet [\/vc_column_text][vc_empty_space height=&#8221;12px&#8221;][\/vc_column][\/vc_row][vc_row][vc_column width=&#8221;6\/12&#8243;][vc_column_text]Man beh\u00f8ver ikke v\u00e6re ung eller en toptr\u00e6net person for at f\u00e5 gavn af at spille golf. &#8220;Golf er for alle\u00a0 &#8211;\u00a0 og for hele livet&#8221; Breinholtg\u00e5rd Golf Klub vil i samarbejde med Dansk Handicap Forbund&hellip;","og_url":"https:\/\/www.bggc.dk\/gammel\/klubben\/rehabgolf\/","og_site_name":"Breinholtg&aring;rd Golf Klub","article_publisher":"https:\/\/www.facebook.com\/breinholtgaardgolfklub\/","article_modified_time":"2025-09-20T15:17:46+00:00","og_image":[{"url":"http:\/\/www.bggc.dk\/gammel\/wp-content\/uploads\/2023\/03\/220916-REHAB-2-R-rotated.jpg","type":"","width":"","height":""}],"twitter_card":"summary_large_image","twitter_misc":{"Estimeret l\u00e6setid":"5 minutter"},"schema":{"@context":"https:\/\/schema.org","@graph":[{"@type":"WebPage","@id":"https:\/\/www.bggc.dk\/gammel\/klubben\/rehabgolf\/","url":"https:\/\/www.bggc.dk\/gammel\/klubben\/rehabgolf\/","name":"REHAB-golf - Breinholtg&aring;rd Golf Klub","isPartOf":{"@id":"https:\/\/www.bggc.dk\/gammel\/#website"},"primaryImageOfPage":{"@id":"https:\/\/www.bggc.dk\/gammel\/klubben\/rehabgolf\/#primaryimage"},"image":{"@id":"https:\/\/www.bggc.dk\/gammel\/klubben\/rehabgolf\/#primaryimage"},"thumbnailUrl":"http:\/\/www.bggc.dk\/gammel\/wp-content\/uploads\/2023\/03\/220916-REHAB-2-R-rotated.jpg","datePublished":"2022-03-18T13:05:40+00:00","dateModified":"2025-09-20T15:17:46+00:00","breadcrumb":{"@id":"https:\/\/www.bggc.dk\/gammel\/klubben\/rehabgolf\/#breadcrumb"},"inLanguage":"da-DK","potentialAction":[{"@type":"ReadAction","target":["https:\/\/www.bggc.dk\/gammel\/klubben\/rehabgolf\/"]}]},{"@type":"ImageObject","inLanguage":"da-DK","@id":"https:\/\/www.bggc.dk\/gammel\/klubben\/rehabgolf\/#primaryimage","url":"https:\/\/www.bggc.dk\/gammel\/wp-content\/uploads\/2023\/03\/220916-REHAB-2-R-rotated.jpg","contentUrl":"https:\/\/www.bggc.dk\/gammel\/wp-content\/uploads\/2023\/03\/220916-REHAB-2-R-rotated.jpg","width":768,"height":1024},{"@type":"BreadcrumbList","@id":"https:\/\/www.bggc.dk\/gammel\/klubben\/rehabgolf\/#breadcrumb","itemListElement":[{"@type":"ListItem","position":1,"name":"Hjem","item":"https:\/\/www.bggc.dk\/gammel\/"},{"@type":"ListItem","position":2,"name":"Klubben","item":"https:\/\/www.bggc.dk\/gammel\/klubben\/"},{"@type":"ListItem","position":3,"name":"REHAB-golf"}]},{"@type":"WebSite","@id":"https:\/\/www.bggc.dk\/gammel\/#website","url":"https:\/\/www.bggc.dk\/gammel\/","name":"Breinholtg&aring;rd Golf Klub","description":"","potentialAction":[{"@type":"SearchAction","target":{"@type":"EntryPoint","urlTemplate":"https:\/\/www.bggc.dk\/gammel\/?s={search_term_string}"},"query-input":{"@type":"PropertyValueSpecification","valueRequired":true,"valueName":"search_term_string"}}],"inLanguage":"da-DK"}]}},"jetpack_sharing_enabled":true,"jetpack_shortlink":"https:\/\/wp.me\/P8jnZw-5WU","jetpack-related-posts":[],"_links":{"self":[{"href":"https:\/\/www.bggc.dk\/gammel\/wp-json\/wp\/v2\/pages\/22872","targetHints":{"allow":["GET"]}}],"collection":[{"href":"https:\/\/www.bggc.dk\/gammel\/wp-json\/wp\/v2\/pages"}],"about":[{"href":"https:\/\/www.bggc.dk\/gammel\/wp-json\/wp\/v2\/types\/page"}],"author":[{"embeddable":true,"href":"https:\/\/www.bggc.dk\/gammel\/wp-json\/wp\/v2\/users\/7"}],"replies":[{"embeddable":true,"href":"https:\/\/www.bggc.dk\/gammel\/wp-json\/wp\/v2\/comments?post=22872"}],"version-history":[{"count":30,"href":"https:\/\/www.bggc.dk\/gammel\/wp-json\/wp\/v2\/pages\/22872\/revisions"}],"predecessor-version":[{"id":39669,"href":"https:\/\/www.bggc.dk\/gammel\/wp-json\/wp\/v2\/pages\/22872\/revisions\/39669"}],"up":[{"embeddable":true,"href":"https:\/\/www.bggc.dk\/gammel\/wp-json\/wp\/v2\/pages\/104"}],"wp:attachment":[{"href":"https:\/\/www.bggc.dk\/gammel\/wp-json\/wp\/v2\/media?parent=22872"}],"curies":[{"name":"wp","href":"https:\/\/api.w.org\/{rel}","templated":true}]}}