{"id":15852,"date":"2019-12-06T07:37:34","date_gmt":"2019-12-06T06:37:34","guid":{"rendered":"http:\/\/www.bggc.dk\/gammel\/?page_id=15852"},"modified":"2022-03-16T13:19:36","modified_gmt":"2022-03-16T12:19:36","slug":"indmeldelse-proevemedlem","status":"publish","type":"page","link":"https:\/\/www.bggc.dk\/gammel\/klubben\/indmeldelse-proevemedlem\/","title":{"rendered":"Indmeldelsesformular-Ny i Golf"},"content":{"rendered":"<section class=\"wpb-content-wrapper\"><p>[vc_row][vc_column][vc_column_text]<\/p>\n<h1>Indmeldelsesformular for &#8220;Ny i Golf&#8221; &#8211; <span style=\"font-size: xx-large;\">Breinholtg\u00e5rd Golf Klub<\/span><\/h1>\n<p>[\/vc_column_text][vc_empty_space height=&#8221;8px&#8221;]<div class=\"hr-thin style-line\" style=\"width: 100%;border-color: #d3af1d;\"><\/div>[vc_empty_space][\/vc_column][\/vc_row][vc_row][vc_column width=&#8221;4\/12&#8243;][vc_column_text]Som \u201cNy i Golf\u201d, skal du f\u00f8rst have et golfk\u00f8rekort, hvor du l\u00e6rer spillets basale teknikker og regler.<br \/>\nUnder uddannelsen er du registreret som \u201cPr\u00f8vemedlem\u201d<\/p>\n<h3>Indmeldelsesformular<\/h3>\n<p>Udfyld felterne og klik p\u00e5 &#8220;Indsend&#8221;<br \/>\nFelter m\u00e6rket med * skal udfyldes.<\/p>\n<p>Vi kontakter dig snarest efter modtagelse af din indmeldelse.<\/p>\n<p>Har du sp\u00f8rgsm\u00e5l &#8211; kontakt<br \/>\nGolfmanager Mogens Mikkelsen.<br \/>\n7511 5700[\/vc_column_text][vc_empty_space][vc_column_text]\n<div class=\"wpcf7 no-js\" id=\"wpcf7-f15846-o1\" lang=\"da-DK\" dir=\"ltr\" data-wpcf7-id=\"15846\">\n<div class=\"screen-reader-response\"><p role=\"status\" aria-live=\"polite\" aria-atomic=\"true\"><\/p> <ul><\/ul><\/div>\n<form action=\"\/gammel\/wp-json\/wp\/v2\/pages\/15852#wpcf7-f15846-o1\" method=\"post\" class=\"wpcf7-form init\" aria-label=\"Kontaktformular\" novalidate=\"novalidate\" data-status=\"init\">\n<fieldset class=\"hidden-fields-container\"><input type=\"hidden\" name=\"_wpcf7\" value=\"15846\" \/><input type=\"hidden\" name=\"_wpcf7_version\" value=\"6.1.5\" \/><input type=\"hidden\" name=\"_wpcf7_locale\" value=\"da_DK\" \/><input type=\"hidden\" name=\"_wpcf7_unit_tag\" value=\"wpcf7-f15846-o1\" \/><input type=\"hidden\" name=\"_wpcf7_container_post\" value=\"0\" \/><input type=\"hidden\" name=\"_wpcf7_posted_data_hash\" value=\"\" \/><input type=\"hidden\" name=\"_wpcf7_recaptcha_response\" value=\"\" \/>\n<\/fieldset>\n<p><label> Navn: *<br \/>\n<span class=\"wpcf7-form-control-wrap\" data-name=\"Navn\"><input size=\"40\" maxlength=\"400\" class=\"wpcf7-form-control wpcf7-text wpcf7-validates-as-required\" aria-required=\"true\" aria-invalid=\"false\" value=\"\" type=\"text\" name=\"Navn\" \/><\/span> <\/label>\n<\/p>\n<p><label> Adresse: *<br \/>\n<span class=\"wpcf7-form-control-wrap\" data-name=\"Adresse\"><input size=\"40\" maxlength=\"400\" class=\"wpcf7-form-control wpcf7-text wpcf7-validates-as-required\" aria-required=\"true\" aria-invalid=\"false\" value=\"\" type=\"text\" name=\"Adresse\" \/><\/span> <\/label>\n<\/p>\n<p><label> Postnr og By: *<br \/>\n<span class=\"wpcf7-form-control-wrap\" data-name=\"Postnr\"><input size=\"40\" maxlength=\"400\" class=\"wpcf7-form-control wpcf7-text wpcf7-validates-as-required\" aria-required=\"true\" aria-invalid=\"false\" value=\"\" type=\"text\" name=\"Postnr\" \/><\/span> <\/label>\n<\/p>\n<p><label> Telefon: *<br \/>\n<span class=\"wpcf7-form-control-wrap\" data-name=\"telf\"><input size=\"40\" maxlength=\"400\" class=\"wpcf7-form-control wpcf7-tel wpcf7-validates-as-required wpcf7-text wpcf7-validates-as-tel\" aria-required=\"true\" aria-invalid=\"false\" value=\"\" type=\"tel\" name=\"telf\" \/><\/span> <\/label>\n<\/p>\n<p><label> Mail adresse: *<br \/>\n<span class=\"wpcf7-form-control-wrap\" data-name=\"mail-adr\"><input size=\"40\" maxlength=\"400\" class=\"wpcf7-form-control wpcf7-email wpcf7-validates-as-required wpcf7-text wpcf7-validates-as-email\" aria-required=\"true\" aria-invalid=\"false\" value=\"\" type=\"email\" name=\"mail-adr\" \/><\/span> <\/label>\n<\/p>\n<p><label> F\u00f8dselsdato: *<br \/>\n<span class=\"wpcf7-form-control-wrap\" data-name=\"dato-F\"><input size=\"40\" maxlength=\"400\" class=\"wpcf7-form-control wpcf7-text wpcf7-validates-as-required\" aria-required=\"true\" aria-invalid=\"false\" value=\"\" type=\"text\" name=\"dato-F\" \/><\/span> <\/label>\n<\/p>\n<p><label> . <\/label>\n<\/p>\n<p><label> \u00d8nsker du at f\u00e5 tilsendt BGK's nyhedsbrev: * <\/label><br \/>\n<span class=\"wpcf7-form-control-wrap\" data-name=\"nyheder\"><span class=\"wpcf7-form-control wpcf7-checkbox wpcf7-validates-as-required wpcf7-exclusive-checkbox\"><span class=\"wpcf7-list-item first\"><input type=\"checkbox\" name=\"nyheder\" value=\"Ja\" \/><span class=\"wpcf7-list-item-label\">Ja<\/span><\/span><span class=\"wpcf7-list-item last\"><input type=\"checkbox\" name=\"nyheder\" value=\"Nej\" \/><span class=\"wpcf7-list-item-label\">Nej<\/span><\/span><\/span><\/span>\n<\/p>\n<p><label> . <\/label>\n<\/p>\n<p><label> Evt. besked:<br \/>\n<span class=\"wpcf7-form-control-wrap\" data-name=\"besked\"><textarea cols=\"40\" rows=\"10\" maxlength=\"2000\" class=\"wpcf7-form-control wpcf7-textarea\" aria-invalid=\"false\" name=\"besked\"><\/textarea><\/span> <\/label>\n<\/p>\n<p><label> . <\/label><br \/>\n<label> Jeg har l\u00e6st og forst\u00e5et: * <\/label><br \/>\n<span class=\"wpcf7-form-control-wrap\" data-name=\"vedtaegter\"><span class=\"wpcf7-form-control wpcf7-checkbox wpcf7-validates-as-required\"><span class=\"wpcf7-list-item first last\"><input type=\"checkbox\" name=\"vedtaegter[]\" value=\"BGK&#039;s vedt\u00e6gter og herunder betingelserne for udmeldelse\" \/><span class=\"wpcf7-list-item-label\">BGK&#039;s vedt\u00e6gter og herunder betingelserne for udmeldelse<\/span><\/span><\/span><\/span><br \/>\n<span class=\"wpcf7-form-control-wrap\" data-name=\"privatliv\"><span class=\"wpcf7-form-control wpcf7-checkbox wpcf7-validates-as-required\"><span class=\"wpcf7-list-item first last\"><input type=\"checkbox\" name=\"privatliv[]\" value=\"BGK&#039;s privatlivspolitik\" \/><span class=\"wpcf7-list-item-label\">BGK&#039;s privatlivspolitik<\/span><\/span><\/span><\/span>\n<\/p>\n<p><label> . <\/label>\n<\/p>\n<p>For personer under 18 \u00e5r skal anf\u00f8res<br \/>\nkontaktoplysninger for for\u00e6ldre \/ v\u00e6rge:\n<\/p>\n<p><label> Navn:<br \/>\n<span class=\"wpcf7-form-control-wrap\" data-name=\"vaerge-navn\"><input size=\"40\" maxlength=\"400\" class=\"wpcf7-form-control wpcf7-text\" aria-invalid=\"false\" value=\"\" type=\"text\" name=\"vaerge-navn\" \/><\/span> <\/label>\n<\/p>\n<p><label> Adresse:<br \/>\n<span class=\"wpcf7-form-control-wrap\" data-name=\"vaerge-adr\"><input size=\"40\" maxlength=\"400\" class=\"wpcf7-form-control wpcf7-text\" aria-invalid=\"false\" value=\"\" type=\"text\" name=\"vaerge-adr\" \/><\/span> <\/label>\n<\/p>\n<p><label> Postnr. og by:<br \/>\n<span class=\"wpcf7-form-control-wrap\" data-name=\"vaerge-pnr\"><input size=\"40\" maxlength=\"400\" class=\"wpcf7-form-control wpcf7-text\" aria-invalid=\"false\" value=\"\" type=\"text\" name=\"vaerge-pnr\" \/><\/span> <\/label>\n<\/p>\n<p><label> Telefonnr.:<br \/>\n<span class=\"wpcf7-form-control-wrap\" data-name=\"vaerge-tlf\"><input size=\"40\" maxlength=\"400\" class=\"wpcf7-form-control wpcf7-tel wpcf7-text wpcf7-validates-as-tel\" aria-invalid=\"false\" value=\"\" type=\"tel\" name=\"vaerge-tlf\" \/><\/span> <\/label>\n<\/p>\n<p><label> Mail adresse:<br \/>\n<span class=\"wpcf7-form-control-wrap\" data-name=\"vaerge-mail\"><input size=\"40\" maxlength=\"400\" class=\"wpcf7-form-control wpcf7-email wpcf7-text wpcf7-validates-as-email\" aria-invalid=\"false\" value=\"\" type=\"email\" name=\"vaerge-mail\" \/><\/span> <\/label>\n<\/p>\n<p><input class=\"wpcf7-form-control wpcf7-submit has-spinner\" type=\"submit\" value=\"Indsend\" \/>\n<\/p><div class=\"wpcf7-response-output\" aria-hidden=\"true\"><\/div>\n<\/form>\n<\/div>\n[\/vc_column_text][\/vc_column][vc_column width=&#8221;8\/12&#8243;][vc_column_text]<\/p>\n<h3>BGK&#8217;s vedt\u00e6gter<\/h3>\n<p><a href=\"http:\/\/www.bggc.dk\/gammel\/wp-content\/uploads\/2019\/12\/2019-12-03_BGK-30_Vedt\u00e6gter.pdf\" target=\"_blank\" rel=\"noopener\">Download som pdf<\/a>[\/vc_column_text][vc_empty_space height=&#8221;16px&#8221;][vc_column_text][pdf-embedder url=&#8221;http:\/\/www.bggc.dk\/gammel\/wp-content\/uploads\/2019\/12\/2019-12-03_BGK-30_Vedt\u00e6gter.pdf&#8221; toolbar=&#8221;none&#8221; height=&#8221;350&#8243;][\/vc_column_text][vc_empty_space]<div class=\"hr-thin style-line\" style=\"width: 100%;border-color: #d3af1d;\"><\/div>[vc_empty_space][vc_column_text]<\/p>\n<h3>BGK&#8217;s privatlivspolitik<\/h3>\n<p><a href=\"http:\/\/www.bggc.dk\/gammel\/wp-content\/uploads\/2021\/11\/2020-02-15_BGK-15_Privatlivspolitik_WEB.pdf\" target=\"_blank\" rel=\"noopener\">Download som pdf<\/a>[\/vc_column_text][vc_empty_space height=&#8221;16px&#8221;][vc_column_text][pdf-embedder url=&#8221;http:\/\/www.bggc.dk\/gammel\/wp-content\/uploads\/2020\/02\/2020-02-15_BGK-15_Privatlivspolitik.pdf&#8221; title=&#8221;2020 02 15 BGK 15 Privatlivspolitik&#8221; toolbar=&#8221;none&#8221; height=&#8221;350&#8243;][\/vc_column_text][vc_empty_space]<div class=\"hr-thin style-line\" style=\"width: 100%;border-color: #d3af1d;\"><\/div>[vc_empty_space][vc_column_text]<\/p>\n<h3>BGK&#8217;s politik for inddrivelse af restancer<\/h3>\n<p>Download som pdf[\/vc_column_text][vc_empty_space height=&#8221;16px&#8221;][vc_column_text][pdf-embedder url=&#8221;http:\/\/www.bggc.dk\/gammel\/wp-content\/uploads\/2020\/02\/2020-02-26_BGK-30_Politik-Inddrivelse-Restancer.pdf&#8221; title=&#8221;2020 02 26 BGK 30 Politik Inddrivelse Restancer&#8221; toolbar=&#8221;none&#8221; height=&#8221;350&#8243;][\/vc_column_text][vc_empty_space][\/vc_column][\/vc_row][vc_row][vc_column][vc_empty_space][\/vc_column][\/vc_row]<\/p>\n<\/section>","protected":false},"excerpt":{"rendered":"<p>[vc_row][vc_column][vc_column_text] Indmeldelsesformular for &#8220;Ny i Golf&#8221; &#8211; Breinholtg\u00e5rd Golf Klub [\/vc_column_text][vc_empty_space height=&#8221;8px&#8221;][vc_empty_space][\/vc_column][\/vc_row][vc_row][vc_column width=&#8221;4\/12&#8243;][vc_column_text]Som \u201cNy i Golf\u201d, skal du f\u00f8rst have et golfk\u00f8rekort, hvor du l\u00e6rer spillets basale teknikker og regler. Under uddannelsen er du registreret som \u201cPr\u00f8vemedlem\u201d Indmeldelsesformular Udfyld felterne og klik p\u00e5 &#8220;Indsend&#8221; Felter m\u00e6rket med * skal udfyldes. Vi kontakter dig snarest efter&hellip;<\/p>\n","protected":false},"author":7,"featured_media":0,"parent":104,"menu_order":6,"comment_status":"closed","ping_status":"closed","template":"","meta":{"_monsterinsights_skip_tracking":false,"_monsterinsights_sitenote_active":false,"_monsterinsights_sitenote_note":"","_monsterinsights_sitenote_category":0,"footnotes":""},"class_list":["post-15852","page","type-page","status-publish","hentry","description-off"],"yoast_head":"<!-- This site is optimized with the Yoast SEO plugin v27.4 - https:\/\/yoast.com\/product\/yoast-seo-wordpress\/ -->\n<title>Indmeldelsesformular-Ny i Golf - Breinholtg&aring;rd Golf Klub<\/title>\n<meta name=\"robots\" content=\"index, follow, max-snippet:-1, max-image-preview:large, max-video-preview:-1\" \/>\n<link rel=\"canonical\" href=\"https:\/\/www.bggc.dk\/gammel\/klubben\/indmeldelse-proevemedlem\/\" \/>\n<meta property=\"og:locale\" content=\"da_DK\" \/>\n<meta property=\"og:type\" content=\"article\" \/>\n<meta property=\"og:title\" content=\"Indmeldelsesformular-Ny i Golf - Breinholtg&aring;rd Golf Klub\" \/>\n<meta property=\"og:description\" content=\"[vc_row][vc_column][vc_column_text] Indmeldelsesformular for &#8220;Ny i Golf&#8221; &#8211; Breinholtg\u00e5rd Golf Klub [\/vc_column_text][vc_empty_space height=&#8221;8px&#8221;][vc_empty_space][\/vc_column][\/vc_row][vc_row][vc_column width=&#8221;4\/12&#8243;][vc_column_text]Som \u201cNy i Golf\u201d, skal du f\u00f8rst have et golfk\u00f8rekort, hvor du l\u00e6rer spillets basale teknikker og regler. Under uddannelsen er du registreret som \u201cPr\u00f8vemedlem\u201d Indmeldelsesformular Udfyld felterne og klik p\u00e5 &#8220;Indsend&#8221; Felter m\u00e6rket med * skal udfyldes. Vi kontakter dig snarest efter&hellip;\" \/>\n<meta property=\"og:url\" content=\"https:\/\/www.bggc.dk\/gammel\/klubben\/indmeldelse-proevemedlem\/\" \/>\n<meta property=\"og:site_name\" content=\"Breinholtg&aring;rd Golf Klub\" \/>\n<meta property=\"article:publisher\" content=\"https:\/\/www.facebook.com\/breinholtgaardgolfklub\/\" \/>\n<meta property=\"article:modified_time\" content=\"2022-03-16T12:19:36+00:00\" \/>\n<meta name=\"twitter:card\" content=\"summary_large_image\" \/>\n<meta name=\"twitter:label1\" content=\"Estimeret l\u00e6setid\" \/>\n\t<meta name=\"twitter:data1\" content=\"1 minut\" \/>\n<script type=\"application\/ld+json\" class=\"yoast-schema-graph\">{\"@context\":\"https:\\\/\\\/schema.org\",\"@graph\":[{\"@type\":\"WebPage\",\"@id\":\"https:\\\/\\\/www.bggc.dk\\\/gammel\\\/klubben\\\/indmeldelse-proevemedlem\\\/\",\"url\":\"https:\\\/\\\/www.bggc.dk\\\/gammel\\\/klubben\\\/indmeldelse-proevemedlem\\\/\",\"name\":\"Indmeldelsesformular-Ny i Golf - Breinholtg&aring;rd Golf Klub\",\"isPartOf\":{\"@id\":\"https:\\\/\\\/www.bggc.dk\\\/gammel\\\/#website\"},\"datePublished\":\"2019-12-06T06:37:34+00:00\",\"dateModified\":\"2022-03-16T12:19:36+00:00\",\"breadcrumb\":{\"@id\":\"https:\\\/\\\/www.bggc.dk\\\/gammel\\\/klubben\\\/indmeldelse-proevemedlem\\\/#breadcrumb\"},\"inLanguage\":\"da-DK\",\"potentialAction\":[{\"@type\":\"ReadAction\",\"target\":[\"https:\\\/\\\/www.bggc.dk\\\/gammel\\\/klubben\\\/indmeldelse-proevemedlem\\\/\"]}]},{\"@type\":\"BreadcrumbList\",\"@id\":\"https:\\\/\\\/www.bggc.dk\\\/gammel\\\/klubben\\\/indmeldelse-proevemedlem\\\/#breadcrumb\",\"itemListElement\":[{\"@type\":\"ListItem\",\"position\":1,\"name\":\"Hjem\",\"item\":\"https:\\\/\\\/www.bggc.dk\\\/gammel\\\/\"},{\"@type\":\"ListItem\",\"position\":2,\"name\":\"Klubben\",\"item\":\"https:\\\/\\\/www.bggc.dk\\\/gammel\\\/klubben\\\/\"},{\"@type\":\"ListItem\",\"position\":3,\"name\":\"Indmeldelsesformular-Ny i Golf\"}]},{\"@type\":\"WebSite\",\"@id\":\"https:\\\/\\\/www.bggc.dk\\\/gammel\\\/#website\",\"url\":\"https:\\\/\\\/www.bggc.dk\\\/gammel\\\/\",\"name\":\"Breinholtg&aring;rd Golf Klub\",\"description\":\"\",\"potentialAction\":[{\"@type\":\"SearchAction\",\"target\":{\"@type\":\"EntryPoint\",\"urlTemplate\":\"https:\\\/\\\/www.bggc.dk\\\/gammel\\\/?s={search_term_string}\"},\"query-input\":{\"@type\":\"PropertyValueSpecification\",\"valueRequired\":true,\"valueName\":\"search_term_string\"}}],\"inLanguage\":\"da-DK\"}]}<\/script>\n<!-- \/ Yoast SEO plugin. -->","yoast_head_json":{"title":"Indmeldelsesformular-Ny i Golf - Breinholtg&aring;rd Golf Klub","robots":{"index":"index","follow":"follow","max-snippet":"max-snippet:-1","max-image-preview":"max-image-preview:large","max-video-preview":"max-video-preview:-1"},"canonical":"https:\/\/www.bggc.dk\/gammel\/klubben\/indmeldelse-proevemedlem\/","og_locale":"da_DK","og_type":"article","og_title":"Indmeldelsesformular-Ny i Golf - Breinholtg&aring;rd Golf Klub","og_description":"[vc_row][vc_column][vc_column_text] Indmeldelsesformular for &#8220;Ny i Golf&#8221; &#8211; Breinholtg\u00e5rd Golf Klub [\/vc_column_text][vc_empty_space height=&#8221;8px&#8221;][vc_empty_space][\/vc_column][\/vc_row][vc_row][vc_column width=&#8221;4\/12&#8243;][vc_column_text]Som \u201cNy i Golf\u201d, skal du f\u00f8rst have et golfk\u00f8rekort, hvor du l\u00e6rer spillets basale teknikker og regler. Under uddannelsen er du registreret som \u201cPr\u00f8vemedlem\u201d Indmeldelsesformular Udfyld felterne og klik p\u00e5 &#8220;Indsend&#8221; Felter m\u00e6rket med * skal udfyldes. Vi kontakter dig snarest efter&hellip;","og_url":"https:\/\/www.bggc.dk\/gammel\/klubben\/indmeldelse-proevemedlem\/","og_site_name":"Breinholtg&aring;rd Golf Klub","article_publisher":"https:\/\/www.facebook.com\/breinholtgaardgolfklub\/","article_modified_time":"2022-03-16T12:19:36+00:00","twitter_card":"summary_large_image","twitter_misc":{"Estimeret l\u00e6setid":"1 minut"},"schema":{"@context":"https:\/\/schema.org","@graph":[{"@type":"WebPage","@id":"https:\/\/www.bggc.dk\/gammel\/klubben\/indmeldelse-proevemedlem\/","url":"https:\/\/www.bggc.dk\/gammel\/klubben\/indmeldelse-proevemedlem\/","name":"Indmeldelsesformular-Ny i Golf - Breinholtg&aring;rd Golf Klub","isPartOf":{"@id":"https:\/\/www.bggc.dk\/gammel\/#website"},"datePublished":"2019-12-06T06:37:34+00:00","dateModified":"2022-03-16T12:19:36+00:00","breadcrumb":{"@id":"https:\/\/www.bggc.dk\/gammel\/klubben\/indmeldelse-proevemedlem\/#breadcrumb"},"inLanguage":"da-DK","potentialAction":[{"@type":"ReadAction","target":["https:\/\/www.bggc.dk\/gammel\/klubben\/indmeldelse-proevemedlem\/"]}]},{"@type":"BreadcrumbList","@id":"https:\/\/www.bggc.dk\/gammel\/klubben\/indmeldelse-proevemedlem\/#breadcrumb","itemListElement":[{"@type":"ListItem","position":1,"name":"Hjem","item":"https:\/\/www.bggc.dk\/gammel\/"},{"@type":"ListItem","position":2,"name":"Klubben","item":"https:\/\/www.bggc.dk\/gammel\/klubben\/"},{"@type":"ListItem","position":3,"name":"Indmeldelsesformular-Ny i Golf"}]},{"@type":"WebSite","@id":"https:\/\/www.bggc.dk\/gammel\/#website","url":"https:\/\/www.bggc.dk\/gammel\/","name":"Breinholtg&aring;rd Golf Klub","description":"","potentialAction":[{"@type":"SearchAction","target":{"@type":"EntryPoint","urlTemplate":"https:\/\/www.bggc.dk\/gammel\/?s={search_term_string}"},"query-input":{"@type":"PropertyValueSpecification","valueRequired":true,"valueName":"search_term_string"}}],"inLanguage":"da-DK"}]}},"jetpack_sharing_enabled":true,"jetpack_shortlink":"https:\/\/wp.me\/P8jnZw-47G","jetpack-related-posts":[],"_links":{"self":[{"href":"https:\/\/www.bggc.dk\/gammel\/wp-json\/wp\/v2\/pages\/15852","targetHints":{"allow":["GET"]}}],"collection":[{"href":"https:\/\/www.bggc.dk\/gammel\/wp-json\/wp\/v2\/pages"}],"about":[{"href":"https:\/\/www.bggc.dk\/gammel\/wp-json\/wp\/v2\/types\/page"}],"author":[{"embeddable":true,"href":"https:\/\/www.bggc.dk\/gammel\/wp-json\/wp\/v2\/users\/7"}],"replies":[{"embeddable":true,"href":"https:\/\/www.bggc.dk\/gammel\/wp-json\/wp\/v2\/comments?post=15852"}],"version-history":[{"count":21,"href":"https:\/\/www.bggc.dk\/gammel\/wp-json\/wp\/v2\/pages\/15852\/revisions"}],"predecessor-version":[{"id":42488,"href":"https:\/\/www.bggc.dk\/gammel\/wp-json\/wp\/v2\/pages\/15852\/revisions\/42488"}],"up":[{"embeddable":true,"href":"https:\/\/www.bggc.dk\/gammel\/wp-json\/wp\/v2\/pages\/104"}],"wp:attachment":[{"href":"https:\/\/www.bggc.dk\/gammel\/wp-json\/wp\/v2\/media?parent=15852"}],"curies":[{"name":"wp","href":"https:\/\/api.w.org\/{rel}","templated":true}]}}