{"id":1224,"date":"2016-01-15T12:10:52","date_gmt":"2016-01-15T12:10:52","guid":{"rendered":"http:\/\/breinholtgaardgolfklub.uniquepixels.dk\/?page_id=1224"},"modified":"2026-02-25T16:30:03","modified_gmt":"2026-02-25T15:30:03","slug":"regionsgolf-intro","status":"publish","type":"page","link":"https:\/\/www.bggc.dk\/gammel\/turneringer\/regionsgolf-intro\/","title":{"rendered":"Regionsgolf"},"content":{"rendered":"<section class=\"wpb-content-wrapper\"><p>[vc_row][vc_column][vc_column_text]<\/p>\n<h1>Regionsgolf <span style=\"font-size: x-large;\"> &#8211; Breinholtg\u00e5rd Golf Klub, Esbjerg<\/span><\/h1>\n<p>[\/vc_column_text][vc_empty_space height=&#8221;8px&#8221;]<div class=\"hr-thin style-line\" style=\"width: 100%;border-color: #d3af1d;\"><\/div>[\/vc_column][\/vc_row][vc_row][vc_column width=&#8221;1\/12&#8243;][vc_column_text]<strong>Arkiv:<\/strong>[\/vc_column_text][\/vc_column][vc_column width=&#8221;11\/12&#8243;][vc_column_text]<a href=\"http:\/\/www.bggc.dk\/gammel\/turneringer\/regionsgolf-intro\/regionsgolf-2025\/\" target=\"_blank\" rel=\"noopener\">2025\u00a0<\/a> &#8211; \u00a0<a href=\"http:\/\/www.bggc.dk\/gammel\/turneringer\/regionsgolf-intro\/regionsgolf-2024\/\">2024<\/a> &#8211; <a href=\"http:\/\/www.bggc.dk\/gammel\/turneringer\/regionsgolf-intro\/regionsgolf-2023\/\">2023<\/a> &#8211; <a href=\"http:\/\/www.bggc.dk\/gammel\/turneringer\/regionsgolf-intro\/regionsgolf-2022\/\">2022<\/a> &#8211; <a href=\"http:\/\/www.bggc.dk\/gammel\/turneringer\/regionsgolf-intro\/regionsgolf-2021\/\">2021<\/a> &#8211; <a href=\"http:\/\/www.bggc.dk\/gammel\/turneringer\/regionsgolf-intro\/regionsgolf-2020\/\">2020<\/a> &#8211; <a href=\"http:\/\/www.bggc.dk\/gammel\/turneringer\/regionsgolf-intro\/regionsgolf-2019\/\">2019<\/a>\u00a0&#8211; <a href=\"http:\/\/www.bggc.dk\/gammel\/turneringer\/regionsgolf-intro\/regionsgolf-2018\/\">2018<\/a>[\/vc_column_text][\/vc_column][\/vc_row][vc_row][vc_column][vc_empty_space height=&#8221;8px&#8221;]<div class=\"hr-thin style-line\" style=\"width: 100%;border-color: #d3af1d;\"><\/div>[vc_empty_space][\/vc_column][\/vc_row][vc_row][vc_column width=&#8221;3\/4&#8243;][vc_column_text]<\/p>\n<h3>Generelt<\/h3>\n<p>Regionsgolf er den st\u00f8rste holdturnering for klubgolfere i Danmark. Turneringen har v\u00e6ret spillet siden 1970\u2019erne.<br \/>\nBreinholtg\u00e5rd golfklub havde b\u00e5de i 2021 og 2022 11 hold med, hvilket er rekord mange og dermed er vi blandt de 5 st\u00f8rste klubber i Regions golf. I 2023 er der 10 hold med. I 2024 er der kun 8 hold med.<br \/>\nDu kan se de forskellige hold og deres Kaptain p\u00e5 siden <a href=\"http:\/\/www.bggc.dk\/gammel\/turneringer\/regionsgolf-24\/\">Regionsgolf 24<\/a>.<\/p>\n<p>L\u00e6s mere p\u00e5 <strong>Regionsgolf Danmarks<\/strong><a href=\"http:\/\/www.regionsgolf.dk\" target=\"_blank\" rel=\"noopener\"> hjemmeside<\/a><\/p>\n<p>Turneringen spilles som hulspil i puljer med 4 hold i hver pulje, hvor\u00a0der spilles en udekamp og en hjemmekamp mod hver. Pulje vinderne g\u00e5r videre til slutspillet.<br \/>\nHvert hold best\u00e5r af 2 damer og 4 herrer og hver kamp best\u00e5r af 1 dame single, 3 herre singler samt 1 mix foursome. Alle spiller fra scratch.[\/vc_column_text][\/vc_column][vc_column width=&#8221;1\/4&#8243;][vc_empty_space][vc_column_text]<a href=\"http:\/\/rgd.dk\/\"><img data-recalc-dims=\"1\" loading=\"lazy\" decoding=\"async\" data-attachment-id=\"13422\" data-permalink=\"https:\/\/www.bggc.dk\/gammel\/turneringer\/regionsgolf-intro\/logo_regionsgolf-2\/\" data-orig-file=\"https:\/\/www.bggc.dk\/gammel\/wp-content\/uploads\/2019\/02\/Logo_Regionsgolf.png\" data-orig-size=\"962,813\" data-comments-opened=\"0\" data-image-meta=\"{&quot;aperture&quot;:&quot;0&quot;,&quot;credit&quot;:&quot;&quot;,&quot;camera&quot;:&quot;&quot;,&quot;caption&quot;:&quot;&quot;,&quot;created_timestamp&quot;:&quot;0&quot;,&quot;copyright&quot;:&quot;&quot;,&quot;focal_length&quot;:&quot;0&quot;,&quot;iso&quot;:&quot;0&quot;,&quot;shutter_speed&quot;:&quot;0&quot;,&quot;title&quot;:&quot;&quot;,&quot;orientation&quot;:&quot;0&quot;}\" data-image-title=\"Logo_Regionsgolf\" data-image-description=\"\" data-image-caption=\"\" data-large-file=\"https:\/\/www.bggc.dk\/gammel\/wp-content\/uploads\/2019\/02\/Logo_Regionsgolf.png\" class=\"aligncenter wp-image-13422 size-full\" src=\"https:\/\/i0.wp.com\/www.bggc.dk\/gammel\/wp-content\/uploads\/2019\/02\/Logo_Regionsgolf.png?resize=962%2C813\" alt=\"\" width=\"962\" height=\"813\" srcset=\"https:\/\/i0.wp.com\/www.bggc.dk\/gammel\/wp-content\/uploads\/2019\/02\/Logo_Regionsgolf.png?w=962&amp;ssl=1 962w, https:\/\/i0.wp.com\/www.bggc.dk\/gammel\/wp-content\/uploads\/2019\/02\/Logo_Regionsgolf.png?resize=300%2C254&amp;ssl=1 300w, https:\/\/i0.wp.com\/www.bggc.dk\/gammel\/wp-content\/uploads\/2019\/02\/Logo_Regionsgolf.png?resize=768%2C649&amp;ssl=1 768w\" sizes=\"auto, (max-width: 962px) 100vw, 962px\" \/><\/a>[\/vc_column_text][vc_empty_space][\/vc_column][\/vc_row][vc_row][vc_column][vc_empty_space][\/vc_column][\/vc_row][vc_row][vc_column width=&#8221;6\/12&#8243;][vc_column_text]<\/p>\n<h4>Vest R\u00e6kke Senior A og B<br \/>\n.\u00a0 \u00a0 \u00a0 \u00a0R\u00e6kke Veteran A, B, C og D<br \/>\n.\u00a0 \u00a0 \u00a0 \u00a0R\u00e6kke Super Veteran A, B, C og D<\/h4>\n<p><strong>Alderskrav:<br \/>\n<\/strong>Skal v\u00e6re fyldt inden udgangen af kalender\u00e5ret<br \/>\nSENIOR: Damer 45 \u00e5r, Herrer 50 \u00e5r.<br \/>\nVETERAN: Damer 55 \u00e5r, Herrer 60 \u00e5r.<br \/>\nSUPER-VETERAN: Damer 65 \u00e5r, Herrer 70 \u00e5r.<br \/>\n<strong>Handicapkrav<\/strong>:<br \/>\nIngen.[\/vc_column_text][vc_empty_space height=&#8221;16px&#8221;][vc_column_text]<\/p>\n<h4>Vest R\u00e6kke A, B, C og D:<\/h4>\n<p><strong>Alderskrav:<br \/>\n<\/strong>Skal v\u00e6re fyldt 19 \u00e5r inden udgangen af kalender\u00e5ret.<strong><br \/>\n<\/strong><strong>Handicapkrav:<br \/>\n<\/strong>A-r\u00e6kke: ikke under 4,5<br \/>\nB-r\u00e6kke: ikke under 11,5<br \/>\nC-r\u00e6kke: ikke under 18,0<br \/>\nD-r\u00e6kke: ikke under 23,5[\/vc_column_text][vc_empty_space height=&#8221;16px&#8221;][\/vc_column][vc_column width=&#8221;3\/12&#8243;][vc_column_text]<strong>Klubkoordinator<\/strong>[\/vc_column_text][vc_column_text]<img data-recalc-dims=\"1\" loading=\"lazy\" decoding=\"async\" data-attachment-id=\"14226\" data-permalink=\"https:\/\/www.bggc.dk\/gammel\/turneringer\/regionsgolf-intro\/kent-thomsen-web\/\" data-orig-file=\"https:\/\/www.bggc.dk\/gammel\/wp-content\/uploads\/2019\/04\/Kent-Thomsen-WEB-1.jpg\" data-orig-size=\"340,424\" data-comments-opened=\"0\" data-image-meta=\"{&quot;aperture&quot;:&quot;1.5&quot;,&quot;credit&quot;:&quot;&quot;,&quot;camera&quot;:&quot;SM-G960F&quot;,&quot;caption&quot;:&quot;&quot;,&quot;created_timestamp&quot;:&quot;1554120398&quot;,&quot;copyright&quot;:&quot;&quot;,&quot;focal_length&quot;:&quot;4.3&quot;,&quot;iso&quot;:&quot;320&quot;,&quot;shutter_speed&quot;:&quot;0.03030303030303&quot;,&quot;title&quot;:&quot;&quot;,&quot;orientation&quot;:&quot;1&quot;}\" data-image-title=\"Kent Thomsen-WEB\" data-image-description=\"\" data-image-caption=\"\" data-large-file=\"https:\/\/www.bggc.dk\/gammel\/wp-content\/uploads\/2019\/04\/Kent-Thomsen-WEB-1.jpg\" class=\"aligncenter size-full wp-image-14226\" src=\"https:\/\/i0.wp.com\/www.bggc.dk\/gammel\/wp-content\/uploads\/2019\/04\/Kent-Thomsen-WEB-1.jpg?resize=340%2C424\" alt=\"\" width=\"340\" height=\"424\" srcset=\"https:\/\/i0.wp.com\/www.bggc.dk\/gammel\/wp-content\/uploads\/2019\/04\/Kent-Thomsen-WEB-1.jpg?w=340&amp;ssl=1 340w, https:\/\/i0.wp.com\/www.bggc.dk\/gammel\/wp-content\/uploads\/2019\/04\/Kent-Thomsen-WEB-1.jpg?resize=241%2C300&amp;ssl=1 241w\" sizes=\"auto, (max-width: 340px) 100vw, 340px\" \/>[\/vc_column_text][vc_column_text]\n<table id=\"tablepress-116\" class=\"tablepress tablepress-id-116\">\n<tbody>\n<tr class=\"row-1\">\n\t<td class=\"column-1\"><strong>Kent Thomsen<br \/>\n2887 4201<\/strong><br \/>\n<a href=\"mailto:kentth66@gmail.com\" rel=\"noopener noreferrer\" target=\"_blank\">Send mail<\/a><\/td>\n<\/tr>\n<\/tbody>\n<\/table>\n<!-- #tablepress-116 from cache -->[\/vc_column_text][\/vc_column][vc_column width=&#8221;3\/12&#8243;][vc_empty_space height=&#8221;25px&#8221;][vc_column_text]<img data-recalc-dims=\"1\" loading=\"lazy\" decoding=\"async\" data-attachment-id=\"19428\" data-permalink=\"https:\/\/www.bggc.dk\/gammel\/turneringer\/regionsgolf-intro\/regionsgolf-2021\/heidi-birkelev-web-a-2\/\" data-orig-file=\"https:\/\/www.bggc.dk\/gammel\/wp-content\/uploads\/2021\/01\/Heidi-Birkelev-WEB-a-1.jpg\" data-orig-size=\"340,424\" data-comments-opened=\"0\" data-image-meta=\"{&quot;aperture&quot;:&quot;0&quot;,&quot;credit&quot;:&quot;&quot;,&quot;camera&quot;:&quot;&quot;,&quot;caption&quot;:&quot;&quot;,&quot;created_timestamp&quot;:&quot;0&quot;,&quot;copyright&quot;:&quot;&quot;,&quot;focal_length&quot;:&quot;0&quot;,&quot;iso&quot;:&quot;0&quot;,&quot;shutter_speed&quot;:&quot;0&quot;,&quot;title&quot;:&quot;&quot;,&quot;orientation&quot;:&quot;1&quot;}\" data-image-title=\"Heidi Birkelev WEB A\" data-image-description=\"\" data-image-caption=\"\" data-large-file=\"https:\/\/www.bggc.dk\/gammel\/wp-content\/uploads\/2021\/01\/Heidi-Birkelev-WEB-a-1.jpg\" class=\"aligncenter size-full wp-image-19428\" src=\"https:\/\/i0.wp.com\/www.bggc.dk\/gammel\/wp-content\/uploads\/2021\/01\/Heidi-Birkelev-WEB-a-1.jpg?resize=340%2C424\" alt=\"\" width=\"340\" height=\"424\" srcset=\"https:\/\/i0.wp.com\/www.bggc.dk\/gammel\/wp-content\/uploads\/2021\/01\/Heidi-Birkelev-WEB-a-1.jpg?w=340&amp;ssl=1 340w, https:\/\/i0.wp.com\/www.bggc.dk\/gammel\/wp-content\/uploads\/2021\/01\/Heidi-Birkelev-WEB-a-1.jpg?resize=241%2C300&amp;ssl=1 241w\" sizes=\"auto, (max-width: 340px) 100vw, 340px\" \/>[\/vc_column_text][vc_column_text]\n<table id=\"tablepress-135\" class=\"tablepress tablepress-id-135\">\n<tbody>\n<tr class=\"row-1\">\n\t<td class=\"column-1\"><strong>Heidi Birkelev<br \/>\n2227 2566<\/strong><br \/>\n<a href=\"mailto:birkelev@live.dk\" rel=\"noopener noreferrer\" target=\"_blank\">Send mail<\/a><\/td>\n<\/tr>\n<\/tbody>\n<\/table>\n<!-- #tablepress-135 from cache -->[\/vc_column_text][\/vc_column][\/vc_row][vc_row][vc_column][vc_empty_space][\/vc_column][\/vc_row]<\/p>\n<\/section>","protected":false},"excerpt":{"rendered":"<p>[vc_row][vc_column][vc_column_text] Regionsgolf &#8211; Breinholtg\u00e5rd Golf Klub, Esbjerg [\/vc_column_text][vc_empty_space height=&#8221;8px&#8221;][\/vc_column][\/vc_row][vc_row][vc_column width=&#8221;1\/12&#8243;][vc_column_text]Arkiv:[\/vc_column_text][\/vc_column][vc_column width=&#8221;11\/12&#8243;][vc_column_text]2025\u00a0 &#8211; \u00a02024 &#8211; 2023 &#8211; 2022 &#8211; 2021 &#8211; 2020 &#8211; 2019\u00a0&#8211; 2018[\/vc_column_text][\/vc_column][\/vc_row][vc_row][vc_column][vc_empty_space height=&#8221;8px&#8221;][vc_empty_space][\/vc_column][\/vc_row][vc_row][vc_column width=&#8221;3\/4&#8243;][vc_column_text] Generelt Regionsgolf er den st\u00f8rste holdturnering for klubgolfere i Danmark. Turneringen har v\u00e6ret spillet siden 1970\u2019erne. Breinholtg\u00e5rd golfklub havde b\u00e5de i 2021 og 2022 11 hold med, hvilket er&hellip;<\/p>\n","protected":false},"author":7,"featured_media":0,"parent":106,"menu_order":50,"comment_status":"closed","ping_status":"closed","template":"","meta":{"_monsterinsights_skip_tracking":false,"_monsterinsights_sitenote_active":false,"_monsterinsights_sitenote_note":"","_monsterinsights_sitenote_category":0,"footnotes":""},"class_list":["post-1224","page","type-page","status-publish","hentry","description-off"],"yoast_head":"<!-- This site is optimized with the Yoast SEO plugin v27.4 - https:\/\/yoast.com\/product\/yoast-seo-wordpress\/ -->\n<title>Regionsgolf - Breinholtg&aring;rd Golf Klub<\/title>\n<meta name=\"robots\" content=\"index, follow, max-snippet:-1, max-image-preview:large, max-video-preview:-1\" \/>\n<link rel=\"canonical\" href=\"https:\/\/www.bggc.dk\/gammel\/turneringer\/regionsgolf-intro\/\" \/>\n<meta property=\"og:locale\" content=\"da_DK\" \/>\n<meta property=\"og:type\" content=\"article\" \/>\n<meta property=\"og:title\" content=\"Regionsgolf - Breinholtg&aring;rd Golf Klub\" \/>\n<meta property=\"og:description\" content=\"[vc_row][vc_column][vc_column_text] Regionsgolf &#8211; Breinholtg\u00e5rd Golf Klub, Esbjerg [\/vc_column_text][vc_empty_space height=&#8221;8px&#8221;][\/vc_column][\/vc_row][vc_row][vc_column width=&#8221;1\/12&#8243;][vc_column_text]Arkiv:[\/vc_column_text][\/vc_column][vc_column width=&#8221;11\/12&#8243;][vc_column_text]2025\u00a0 &#8211; \u00a02024 &#8211; 2023 &#8211; 2022 &#8211; 2021 &#8211; 2020 &#8211; 2019\u00a0&#8211; 2018[\/vc_column_text][\/vc_column][\/vc_row][vc_row][vc_column][vc_empty_space height=&#8221;8px&#8221;][vc_empty_space][\/vc_column][\/vc_row][vc_row][vc_column width=&#8221;3\/4&#8243;][vc_column_text] Generelt Regionsgolf er den st\u00f8rste holdturnering for klubgolfere i Danmark. Turneringen har v\u00e6ret spillet siden 1970\u2019erne. Breinholtg\u00e5rd golfklub havde b\u00e5de i 2021 og 2022 11 hold med, hvilket er&hellip;\" \/>\n<meta property=\"og:url\" content=\"https:\/\/www.bggc.dk\/gammel\/turneringer\/regionsgolf-intro\/\" \/>\n<meta property=\"og:site_name\" content=\"Breinholtg&aring;rd Golf Klub\" \/>\n<meta property=\"article:publisher\" content=\"https:\/\/www.facebook.com\/breinholtgaardgolfklub\/\" \/>\n<meta property=\"article:modified_time\" content=\"2026-02-25T15:30:03+00:00\" \/>\n<meta property=\"og:image\" content=\"http:\/\/www.bggc.dk\/gammel\/wp-content\/uploads\/2019\/02\/Logo_Regionsgolf.png\" \/>\n<meta name=\"twitter:card\" content=\"summary_large_image\" \/>\n<meta name=\"twitter:label1\" content=\"Estimeret l\u00e6setid\" \/>\n\t<meta name=\"twitter:data1\" content=\"3 minutter\" \/>\n<script type=\"application\/ld+json\" class=\"yoast-schema-graph\">{\"@context\":\"https:\\\/\\\/schema.org\",\"@graph\":[{\"@type\":\"WebPage\",\"@id\":\"https:\\\/\\\/www.bggc.dk\\\/gammel\\\/turneringer\\\/regionsgolf-intro\\\/\",\"url\":\"https:\\\/\\\/www.bggc.dk\\\/gammel\\\/turneringer\\\/regionsgolf-intro\\\/\",\"name\":\"Regionsgolf - Breinholtg&aring;rd Golf Klub\",\"isPartOf\":{\"@id\":\"https:\\\/\\\/www.bggc.dk\\\/gammel\\\/#website\"},\"primaryImageOfPage\":{\"@id\":\"https:\\\/\\\/www.bggc.dk\\\/gammel\\\/turneringer\\\/regionsgolf-intro\\\/#primaryimage\"},\"image\":{\"@id\":\"https:\\\/\\\/www.bggc.dk\\\/gammel\\\/turneringer\\\/regionsgolf-intro\\\/#primaryimage\"},\"thumbnailUrl\":\"http:\\\/\\\/www.bggc.dk\\\/gammel\\\/wp-content\\\/uploads\\\/2019\\\/02\\\/Logo_Regionsgolf.png\",\"datePublished\":\"2016-01-15T12:10:52+00:00\",\"dateModified\":\"2026-02-25T15:30:03+00:00\",\"breadcrumb\":{\"@id\":\"https:\\\/\\\/www.bggc.dk\\\/gammel\\\/turneringer\\\/regionsgolf-intro\\\/#breadcrumb\"},\"inLanguage\":\"da-DK\",\"potentialAction\":[{\"@type\":\"ReadAction\",\"target\":[\"https:\\\/\\\/www.bggc.dk\\\/gammel\\\/turneringer\\\/regionsgolf-intro\\\/\"]}]},{\"@type\":\"ImageObject\",\"inLanguage\":\"da-DK\",\"@id\":\"https:\\\/\\\/www.bggc.dk\\\/gammel\\\/turneringer\\\/regionsgolf-intro\\\/#primaryimage\",\"url\":\"https:\\\/\\\/www.bggc.dk\\\/gammel\\\/wp-content\\\/uploads\\\/2019\\\/02\\\/Logo_Regionsgolf.png\",\"contentUrl\":\"https:\\\/\\\/www.bggc.dk\\\/gammel\\\/wp-content\\\/uploads\\\/2019\\\/02\\\/Logo_Regionsgolf.png\",\"width\":962,\"height\":813},{\"@type\":\"BreadcrumbList\",\"@id\":\"https:\\\/\\\/www.bggc.dk\\\/gammel\\\/turneringer\\\/regionsgolf-intro\\\/#breadcrumb\",\"itemListElement\":[{\"@type\":\"ListItem\",\"position\":1,\"name\":\"Hjem\",\"item\":\"https:\\\/\\\/www.bggc.dk\\\/gammel\\\/\"},{\"@type\":\"ListItem\",\"position\":2,\"name\":\"Turneringer\",\"item\":\"https:\\\/\\\/www.bggc.dk\\\/gammel\\\/turneringer\\\/\"},{\"@type\":\"ListItem\",\"position\":3,\"name\":\"Regionsgolf\"}]},{\"@type\":\"WebSite\",\"@id\":\"https:\\\/\\\/www.bggc.dk\\\/gammel\\\/#website\",\"url\":\"https:\\\/\\\/www.bggc.dk\\\/gammel\\\/\",\"name\":\"Breinholtg&aring;rd Golf Klub\",\"description\":\"\",\"potentialAction\":[{\"@type\":\"SearchAction\",\"target\":{\"@type\":\"EntryPoint\",\"urlTemplate\":\"https:\\\/\\\/www.bggc.dk\\\/gammel\\\/?s={search_term_string}\"},\"query-input\":{\"@type\":\"PropertyValueSpecification\",\"valueRequired\":true,\"valueName\":\"search_term_string\"}}],\"inLanguage\":\"da-DK\"}]}<\/script>\n<!-- \/ Yoast SEO plugin. -->","yoast_head_json":{"title":"Regionsgolf - Breinholtg&aring;rd Golf Klub","robots":{"index":"index","follow":"follow","max-snippet":"max-snippet:-1","max-image-preview":"max-image-preview:large","max-video-preview":"max-video-preview:-1"},"canonical":"https:\/\/www.bggc.dk\/gammel\/turneringer\/regionsgolf-intro\/","og_locale":"da_DK","og_type":"article","og_title":"Regionsgolf - Breinholtg&aring;rd Golf Klub","og_description":"[vc_row][vc_column][vc_column_text] Regionsgolf &#8211; Breinholtg\u00e5rd Golf Klub, Esbjerg [\/vc_column_text][vc_empty_space height=&#8221;8px&#8221;][\/vc_column][\/vc_row][vc_row][vc_column width=&#8221;1\/12&#8243;][vc_column_text]Arkiv:[\/vc_column_text][\/vc_column][vc_column width=&#8221;11\/12&#8243;][vc_column_text]2025\u00a0 &#8211; \u00a02024 &#8211; 2023 &#8211; 2022 &#8211; 2021 &#8211; 2020 &#8211; 2019\u00a0&#8211; 2018[\/vc_column_text][\/vc_column][\/vc_row][vc_row][vc_column][vc_empty_space height=&#8221;8px&#8221;][vc_empty_space][\/vc_column][\/vc_row][vc_row][vc_column width=&#8221;3\/4&#8243;][vc_column_text] Generelt Regionsgolf er den st\u00f8rste holdturnering for klubgolfere i Danmark. Turneringen har v\u00e6ret spillet siden 1970\u2019erne. Breinholtg\u00e5rd golfklub havde b\u00e5de i 2021 og 2022 11 hold med, hvilket er&hellip;","og_url":"https:\/\/www.bggc.dk\/gammel\/turneringer\/regionsgolf-intro\/","og_site_name":"Breinholtg&aring;rd Golf Klub","article_publisher":"https:\/\/www.facebook.com\/breinholtgaardgolfklub\/","article_modified_time":"2026-02-25T15:30:03+00:00","og_image":[{"url":"http:\/\/www.bggc.dk\/gammel\/wp-content\/uploads\/2019\/02\/Logo_Regionsgolf.png","type":"","width":"","height":""}],"twitter_card":"summary_large_image","twitter_misc":{"Estimeret l\u00e6setid":"3 minutter"},"schema":{"@context":"https:\/\/schema.org","@graph":[{"@type":"WebPage","@id":"https:\/\/www.bggc.dk\/gammel\/turneringer\/regionsgolf-intro\/","url":"https:\/\/www.bggc.dk\/gammel\/turneringer\/regionsgolf-intro\/","name":"Regionsgolf - Breinholtg&aring;rd Golf Klub","isPartOf":{"@id":"https:\/\/www.bggc.dk\/gammel\/#website"},"primaryImageOfPage":{"@id":"https:\/\/www.bggc.dk\/gammel\/turneringer\/regionsgolf-intro\/#primaryimage"},"image":{"@id":"https:\/\/www.bggc.dk\/gammel\/turneringer\/regionsgolf-intro\/#primaryimage"},"thumbnailUrl":"http:\/\/www.bggc.dk\/gammel\/wp-content\/uploads\/2019\/02\/Logo_Regionsgolf.png","datePublished":"2016-01-15T12:10:52+00:00","dateModified":"2026-02-25T15:30:03+00:00","breadcrumb":{"@id":"https:\/\/www.bggc.dk\/gammel\/turneringer\/regionsgolf-intro\/#breadcrumb"},"inLanguage":"da-DK","potentialAction":[{"@type":"ReadAction","target":["https:\/\/www.bggc.dk\/gammel\/turneringer\/regionsgolf-intro\/"]}]},{"@type":"ImageObject","inLanguage":"da-DK","@id":"https:\/\/www.bggc.dk\/gammel\/turneringer\/regionsgolf-intro\/#primaryimage","url":"https:\/\/www.bggc.dk\/gammel\/wp-content\/uploads\/2019\/02\/Logo_Regionsgolf.png","contentUrl":"https:\/\/www.bggc.dk\/gammel\/wp-content\/uploads\/2019\/02\/Logo_Regionsgolf.png","width":962,"height":813},{"@type":"BreadcrumbList","@id":"https:\/\/www.bggc.dk\/gammel\/turneringer\/regionsgolf-intro\/#breadcrumb","itemListElement":[{"@type":"ListItem","position":1,"name":"Hjem","item":"https:\/\/www.bggc.dk\/gammel\/"},{"@type":"ListItem","position":2,"name":"Turneringer","item":"https:\/\/www.bggc.dk\/gammel\/turneringer\/"},{"@type":"ListItem","position":3,"name":"Regionsgolf"}]},{"@type":"WebSite","@id":"https:\/\/www.bggc.dk\/gammel\/#website","url":"https:\/\/www.bggc.dk\/gammel\/","name":"Breinholtg&aring;rd Golf Klub","description":"","potentialAction":[{"@type":"SearchAction","target":{"@type":"EntryPoint","urlTemplate":"https:\/\/www.bggc.dk\/gammel\/?s={search_term_string}"},"query-input":{"@type":"PropertyValueSpecification","valueRequired":true,"valueName":"search_term_string"}}],"inLanguage":"da-DK"}]}},"jetpack_sharing_enabled":true,"jetpack_shortlink":"https:\/\/wp.me\/P8jnZw-jK","jetpack-related-posts":[],"_links":{"self":[{"href":"https:\/\/www.bggc.dk\/gammel\/wp-json\/wp\/v2\/pages\/1224","targetHints":{"allow":["GET"]}}],"collection":[{"href":"https:\/\/www.bggc.dk\/gammel\/wp-json\/wp\/v2\/pages"}],"about":[{"href":"https:\/\/www.bggc.dk\/gammel\/wp-json\/wp\/v2\/types\/page"}],"author":[{"embeddable":true,"href":"https:\/\/www.bggc.dk\/gammel\/wp-json\/wp\/v2\/users\/7"}],"replies":[{"embeddable":true,"href":"https:\/\/www.bggc.dk\/gammel\/wp-json\/wp\/v2\/comments?post=1224"}],"version-history":[{"count":74,"href":"https:\/\/www.bggc.dk\/gammel\/wp-json\/wp\/v2\/pages\/1224\/revisions"}],"predecessor-version":[{"id":42498,"href":"https:\/\/www.bggc.dk\/gammel\/wp-json\/wp\/v2\/pages\/1224\/revisions\/42498"}],"up":[{"embeddable":true,"href":"https:\/\/www.bggc.dk\/gammel\/wp-json\/wp\/v2\/pages\/106"}],"wp:attachment":[{"href":"https:\/\/www.bggc.dk\/gammel\/wp-json\/wp\/v2\/media?parent=1224"}],"curies":[{"name":"wp","href":"https:\/\/api.w.org\/{rel}","templated":true}]}}