{"id":10515,"date":"2018-03-04T11:03:00","date_gmt":"2018-03-04T10:03:00","guid":{"rendered":"http:\/\/www.bggc.dk\/gammel\/?page_id=10515"},"modified":"2023-10-08T09:37:08","modified_gmt":"2023-10-08T08:37:08","slug":"regionsgolf-2018","status":"publish","type":"page","link":"https:\/\/www.bggc.dk\/gammel\/turneringer\/regionsgolf-intro\/regionsgolf-2018\/","title":{"rendered":"Regionsgolf-2018 *"},"content":{"rendered":"<section class=\"wpb-content-wrapper\"><p>[vc_row][vc_column][vc_column_text]<\/p>\n<h1><a name=\"top\"><\/a>Regionsgolf 2018 &#8211; <span style=\"font-size: xx-large;\">Breinholtg\u00e5rd Golf Klub<\/span><\/h1>\n<p>[\/vc_column_text][vc_empty_space height=&#8221;8px&#8221;]<div class=\"hr-thin style-line\" style=\"width: 100%;border-color: #d3af1d;\"><\/div>[vc_empty_space][\/vc_column][\/vc_row][vc_row][vc_column][vc_column_text]<\/p>\n<h3>Tilmeldte hold<\/h3>\n<p>[\/vc_column_text][vc_empty_space][\/vc_column][\/vc_row][vc_row][vc_column width=&#8221;1\/3&#8243;][vc_column_text]<\/p>\n<h4>VEST ABCD &#8211; R\u00e6kke A<\/h4>\n<p>Slutstilling puljespil: 2. plads<\/p>\n<p><a href=\"#A4\">Stilling &#8211; Kampprogram<\/a>[\/vc_column_text][\/vc_column][vc_column width=&#8221;1\/3&#8243;][vc_column_text]<\/p>\n<h4>VEST ABCD &#8211; R\u00e6kke B<\/h4>\n<p>Slutstilling puljespil: 3. plads<\/p>\n<p><a href=\"#B7\">Stilling &#8211; Kampprogram<\/a>[\/vc_column_text][\/vc_column][vc_column width=&#8221;1\/3&#8243;][vc_column_text]<\/p>\n<h4>VEST ABCD &#8211; R\u00e6kke C<\/h4>\n<p>Slutstilling puljespil: 4. plads<\/p>\n<p><a href=\"#C7\">Stilling &#8211; Kampprogram<\/a>[\/vc_column_text][vc_empty_space height=&#8221;8px&#8221;][\/vc_column][\/vc_row][vc_row][vc_column width=&#8221;1\/6&#8243;][vc_column_text]<strong>Kaptajn<\/strong>[\/vc_column_text][\/vc_column][vc_column width=&#8221;1\/6&#8243;][vc_column_text]<strong>Bruttotrup<\/strong>[\/vc_column_text][\/vc_column][vc_column width=&#8221;1\/6&#8243;][vc_column_text]<strong>Kaptajn<\/strong>[\/vc_column_text][\/vc_column][vc_column width=&#8221;1\/6&#8243;][vc_column_text]<strong>Bruttotrup<\/strong>[\/vc_column_text][\/vc_column][vc_column width=&#8221;1\/6&#8243;][vc_column_text]<strong>Kaptajn<\/strong>[\/vc_column_text][\/vc_column][vc_column width=&#8221;1\/6&#8243;][vc_column_text]<strong>Bruttotrup<\/strong>[\/vc_column_text][\/vc_column][\/vc_row][vc_row][vc_column width=&#8221;1\/6&#8243;][vc_column_text]Kent Thomsen[\/vc_column_text][\/vc_column][vc_column width=&#8221;1\/6&#8243;][vc_column_text]<span style=\"font-size: 8pt;\">Min G. Hansen<br \/>\nRikke Bernhard<br \/>\nBrian Lauridsen<br \/>\nPer Christensen<br \/>\nRobin Thybo<br \/>\nThomas Nielsen<br \/>\nPeter Skj\u00e6rb\u00e6k<br \/>\nKim Lund<\/span>[\/vc_column_text][\/vc_column][vc_column width=&#8221;1\/6&#8243;][vc_column_text]J\u00f8rn Mols Hansen[\/vc_column_text][\/vc_column][vc_column width=&#8221;1\/6&#8243;][vc_column_text]<span style=\"font-size: 8pt;\">Heidi Birkelev<br \/>\nDorte Omann<br \/>\nJoan Valeur<br \/>\nPer Wilton<br \/>\nLars Smedegaard<br \/>\nOlav Olsen<br \/>\nHenning Jeppesen<br \/>\nJohn B. Christensen<\/span>[\/vc_column_text][\/vc_column][vc_column width=&#8221;1\/6&#8243;][vc_column_text]Merete Jensen[\/vc_column_text][\/vc_column][vc_column width=&#8221;1\/6&#8243;][vc_column_text]<span style=\"font-size: 8pt;\">Anni Taarn Nielsen<br \/>\nLise Johansen<br \/>\nLone Ibsen<br \/>\nAllan Baun<br \/>\nKurt Tj\u00f8rnelund<br \/>\nFrank Thomsen<br \/>\nRasmus Graarup<br \/>\nPer N\u00f8rsten<br \/>\nThomas Bailey<\/span>[\/vc_column_text][\/vc_column][\/vc_row][vc_row][vc_column][vc_empty_space height=&#8221;8px&#8221;]<div class=\"hr-thin style-line\" style=\"width: 100%;border-color: #d3af1d;\"><\/div>[vc_empty_space][\/vc_column][\/vc_row][vc_row][vc_column width=&#8221;1\/3&#8243;][vc_column_text]<\/p>\n<h4>VEST Veteran &#8211; R\u00e6kke Elite<\/h4>\n<p>Slutstilling puljespil: 4. plads<\/p>\n<p><a href=\"#VE6\">Stilling &#8211; Kampprogram<\/a>[\/vc_column_text][\/vc_column][vc_column width=&#8221;1\/3&#8243;][vc_column_text]<\/p>\n<h4>VEST Veteran &#8211; R\u00e6kke A<\/h4>\n<p>Slutstilling puljespil: 4. plads<\/p>\n<p><a href=\"#VA7\">Stilling &#8211; Kampprogram<\/a>[\/vc_column_text][\/vc_column][vc_column width=&#8221;1\/3&#8243;][vc_column_text]<\/p>\n<h4>VEST Veteran &#8211; R\u00e6kke C<\/h4>\n<p>Slutstilling puljespil: 1. plads<\/p>\n<p><a href=\"#VC13\">Stilling &#8211; Kampprogram<\/a>[\/vc_column_text][vc_empty_space height=&#8221;8px&#8221;][\/vc_column][\/vc_row][vc_row][vc_column width=&#8221;1\/6&#8243;][vc_column_text]<strong>Kaptajn<\/strong>[\/vc_column_text][\/vc_column][vc_column width=&#8221;1\/6&#8243;][vc_column_text]<strong>Bruttotrup<\/strong>[\/vc_column_text][\/vc_column][vc_column width=&#8221;1\/6&#8243;][vc_column_text]<strong>Kaptajn<\/strong>[\/vc_column_text][\/vc_column][vc_column width=&#8221;1\/6&#8243;][vc_column_text]<strong>Bruttotrup<\/strong>[\/vc_column_text][\/vc_column][vc_column width=&#8221;1\/6&#8243;][vc_column_text]<strong>Kaptajn<\/strong>[\/vc_column_text][\/vc_column][vc_column width=&#8221;1\/6&#8243;][vc_column_text]<strong>Bruttotrup<\/strong>[\/vc_column_text][\/vc_column][\/vc_row][vc_row][vc_column width=&#8221;1\/6&#8243;][vc_column_text]Vilhelm Larsen[\/vc_column_text][\/vc_column][vc_column width=&#8221;1\/6&#8243;][vc_column_text]<span style=\"font-size: 8pt;\">Grete Larsen<br \/>\nAnne-Grethe Nielsen<br \/>\nFinn Hansen<br \/>\nHenning Jeppesen<br \/>\nOle Byrresen<br \/>\nIb Olsen<br \/>\nJ\u00f8rn Ibsen<\/span>[\/vc_column_text][\/vc_column][vc_column width=&#8221;1\/6&#8243;][\/vc_column][vc_column width=&#8221;1\/6&#8243;][vc_column_text]<span style=\"font-size: 8pt;\">Lilli Fr\u00f8kj\u00e6r<br \/>\nGurli Haandb\u00e6k<br \/>\nJohn Hansen<br \/>\nJens Vad Christensen<br \/>\nPeter Larsen<\/span>[\/vc_column_text][\/vc_column][vc_column width=&#8221;1\/6&#8243;][vc_column_text]Sven Jensen[\/vc_column_text][\/vc_column][vc_column width=&#8221;1\/6&#8243;][vc_column_text]<span style=\"font-size: 8pt;\">Jette Toft Christensen<br \/>\nEdith Hansen<br \/>\nKaren Frederiksen<br \/>\nCarsten Christensen<br \/>\nKaj M. Pedersen<br \/>\nS\u00f8ren Lysgaard<br \/>\nErik M. Pedersen<br \/>\nPer Hansen<br \/>\nSvend Bj\u00f8rnhardt<\/span>[\/vc_column_text][\/vc_column][\/vc_row][vc_row][vc_column][vc_empty_space][vc_column_text]<\/p>\n<h3>Resultat af puljespillet.<\/h3>\n<p>[\/vc_column_text][vc_empty_space height=&#8221;16px&#8221;][vc_column_text]Puljespillet er slut,.<br \/>\nSom den eneste af de 6 deltagende hold vandt <strong>Veteran C <\/strong>puljespillet og gik videre til slutspillet.<\/p>\n<p><strong>Vest ABCD<br \/>\n<\/strong><strong> A:<\/strong> BGK blev nr. 2 med 4 point efter Vejen med 6 point.<br \/>\n<strong>B<\/strong>: BGK blev nr. 3 med 6 point, \u00e1 point med Ribe, Varde tog 1. pladsen med 10 point.<br \/>\n<strong>C:<\/strong> BGK blev nr. 4 (sidst) med 4 point, \u00e1 point med Bl\u00e5vandshuk.<\/p>\n<p><strong>Vest VETERAN<\/strong><br \/>\n<strong>VE<\/strong>: BGK blev nr. 4 (sidst) med 4 point, \u00e1 point med Juelsminde.<br \/>\n<strong>VA:<\/strong> BGK blev nr. 4 (sidst) med 2 point.<br \/>\n<strong>VC:<\/strong> BGK blev nr 1 med 10 point foran Bl\u00e5vandshuk med 8 point &#8211; Til Lykke til Svens hold!<br \/>\n&#8211;\u00a0 \u00a0 \u00a0 I 1\/8-delsfinalen vand BGK over Stensballeg\u00e5rd med 5,5 &#8211; 5,5,<br \/>\n&#8211;\u00a0 \u00a0 \u00a0 men i kvartfinalen tabte BGK til Aahus Aadal med 4 &#8211; 7.[\/vc_column_text][vc_empty_space][\/vc_column][\/vc_row][vc_row][vc_column][vc_column_text]<\/p>\n<h3>Stillinger og kampprogrammer<\/h3>\n<p>Bem\u00e6rk: Dato og spilletid kan v\u00e6re \u00e6ndret siden opdatering af hjemmesiden.[\/vc_column_text][vc_empty_space][\/vc_column][\/vc_row][vc_row][vc_column][vc_column_text]<a name=\"A4\"><\/a><a href=\"#top\">Tilbage til top af siden<\/a><\/p>\n<h3>VEST ABCD &#8211; R\u00e6kke A\u00a0 Pulje 4<\/h3>\n<p>[\/vc_column_text][vc_empty_space height=&#8221;16px&#8221;][vc_column_text][pdf-embedder url=&#8221;http:\/\/www.bggc.dk\/gammel\/wp-content\/uploads\/2023\/10\/2018_Vest-A.pdf&#8221; title=&#8221;2018 Vest A&#8221; scrollbar=&#8221;vertical&#8221; height=&#8221;300&#8243; ][\/vc_column_text][vc_empty_space][\/vc_column][\/vc_row][vc_row][vc_column][vc_column_text]<a name=\"B7\"><\/a><a href=\"#top\">Tilbage til top af siden<\/a><\/p>\n<h3>VEST ABCD &#8211; R\u00e6kke B\u00a0 Pulje 7<\/h3>\n<p>[\/vc_column_text][vc_empty_space height=&#8221;16px&#8221;][vc_column_text][pdf-embedder url=&#8221;http:\/\/www.bggc.dk\/gammel\/wp-content\/uploads\/2023\/10\/2018_Vest-B.pdf&#8221; title=&#8221;2018 Vest B&#8221; scrollbar=&#8221;vertical&#8221; height=&#8221;300&#8243;][\/vc_column_text][vc_empty_space][\/vc_column][\/vc_row][vc_row][vc_column][vc_column_text]<a name=\"C7\"><\/a><a href=\"#top\">Tilbage til top af siden<\/a><\/p>\n<h3>VEST ABCD &#8211; R\u00e6kke C\u00a0 Pulje 7<\/h3>\n<p>[\/vc_column_text][vc_empty_space height=&#8221;16px&#8221;][vc_column_text][pdf-embedder url=&#8221;http:\/\/www.bggc.dk\/gammel\/wp-content\/uploads\/2018\/07\/180615_RgD-C7_Pulje-slut.pdf&#8221; toolbar=none height=&#8221;500&#8243;][\/vc_column_text][vc_empty_space][\/vc_column][\/vc_row][vc_row][vc_column][vc_column_text]<a name=\"VE6\"><\/a><a href=\"#top\">Tilbage til top af siden<\/a><\/p>\n<h3>VEST Veteran &#8211; R\u00e6kke Elite\u00a0 Pulje 6<\/h3>\n<p>[\/vc_column_text][vc_empty_space height=&#8221;16px&#8221;][vc_column_text][pdf-embedder url=&#8221;http:\/\/www.bggc.dk\/gammel\/wp-content\/uploads\/2023\/10\/2018_Vest-VE.pdf&#8221; title=&#8221;2018 Vest VE&#8221; scrollbar=&#8221;vertical&#8221; height=&#8221;300&#8243;][\/vc_column_text][vc_empty_space][\/vc_column][\/vc_row][vc_row][vc_column][vc_column_text]<a name=\"VA7\"><\/a><a href=\"#top\">Tilbage til top af siden<\/a><\/p>\n<h3>VEST Veteran &#8211; R\u00e6kke A\u00a0 Pulje 7<\/h3>\n<p>[\/vc_column_text][vc_empty_space height=&#8221;16px&#8221;][vc_column_text][pdf-embedder url=&#8221;http:\/\/www.bggc.dk\/gammel\/wp-content\/uploads\/2023\/10\/2018_Vest-VA.pdf&#8221; title=&#8221;2018 Vest VA&#8221; scrollbar=&#8221;vertical&#8221; height=&#8221;300&#8243;][\/vc_column_text][vc_empty_space][\/vc_column][\/vc_row][vc_row][vc_column][vc_column_text]<a name=\"VC13\"><\/a><a href=\"#top\">Tilbage til top af siden<\/a><\/p>\n<h3>VEST Veteran &#8211; R\u00e6kke C\u00a0 Pulje 13<\/h3>\n<p>[\/vc_column_text][vc_empty_space height=&#8221;16px&#8221;][vc_column_text][pdf-embedder url=&#8221;http:\/\/www.bggc.dk\/gammel\/wp-content\/uploads\/2023\/10\/2018_Vest-VC.pdf&#8221; title=&#8221;2018 Vest VC&#8221; scrollbar=&#8221;vertical&#8221; height=&#8221;300&#8243;][\/vc_column_text][vc_empty_space][\/vc_column][\/vc_row]<\/p>\n<\/section>","protected":false},"excerpt":{"rendered":"<p>[vc_row][vc_column][vc_column_text] Regionsgolf 2018 &#8211; Breinholtg\u00e5rd Golf Klub [\/vc_column_text][vc_empty_space height=&#8221;8px&#8221;][vc_empty_space][\/vc_column][\/vc_row][vc_row][vc_column][vc_column_text] Tilmeldte hold [\/vc_column_text][vc_empty_space][\/vc_column][\/vc_row][vc_row][vc_column width=&#8221;1\/3&#8243;][vc_column_text] VEST ABCD &#8211; R\u00e6kke A Slutstilling puljespil: 2. plads Stilling &#8211; Kampprogram[\/vc_column_text][\/vc_column][vc_column width=&#8221;1\/3&#8243;][vc_column_text] VEST ABCD &#8211; R\u00e6kke B Slutstilling puljespil: 3. plads Stilling &#8211; Kampprogram[\/vc_column_text][\/vc_column][vc_column width=&#8221;1\/3&#8243;][vc_column_text] VEST ABCD &#8211; R\u00e6kke C Slutstilling puljespil: 4. plads Stilling &#8211; Kampprogram[\/vc_column_text][vc_empty_space height=&#8221;8px&#8221;][\/vc_column][\/vc_row][vc_row][vc_column width=&#8221;1\/6&#8243;][vc_column_text]Kaptajn[\/vc_column_text][\/vc_column][vc_column width=&#8221;1\/6&#8243;][vc_column_text]Bruttotrup[\/vc_column_text][\/vc_column][vc_column width=&#8221;1\/6&#8243;][vc_column_text]Kaptajn[\/vc_column_text][\/vc_column][vc_column&hellip;<\/p>\n","protected":false},"author":7,"featured_media":0,"parent":1224,"menu_order":18,"comment_status":"closed","ping_status":"closed","template":"","meta":{"_monsterinsights_skip_tracking":false,"_monsterinsights_sitenote_active":false,"_monsterinsights_sitenote_note":"","_monsterinsights_sitenote_category":0,"footnotes":""},"class_list":["post-10515","page","type-page","status-publish","hentry","description-off"],"yoast_head":"<!-- This site is optimized with the Yoast SEO plugin v27.4 - https:\/\/yoast.com\/product\/yoast-seo-wordpress\/ -->\n<title>Regionsgolf-2018 * - Breinholtg&aring;rd Golf Klub<\/title>\n<meta name=\"robots\" content=\"index, follow, max-snippet:-1, max-image-preview:large, max-video-preview:-1\" \/>\n<link rel=\"canonical\" href=\"https:\/\/www.bggc.dk\/gammel\/turneringer\/regionsgolf-intro\/regionsgolf-2018\/\" \/>\n<meta property=\"og:locale\" content=\"da_DK\" \/>\n<meta property=\"og:type\" content=\"article\" \/>\n<meta property=\"og:title\" content=\"Regionsgolf-2018 * - Breinholtg&aring;rd Golf Klub\" \/>\n<meta property=\"og:description\" content=\"[vc_row][vc_column][vc_column_text] Regionsgolf 2018 &#8211; Breinholtg\u00e5rd Golf Klub [\/vc_column_text][vc_empty_space height=&#8221;8px&#8221;][vc_empty_space][\/vc_column][\/vc_row][vc_row][vc_column][vc_column_text] Tilmeldte hold [\/vc_column_text][vc_empty_space][\/vc_column][\/vc_row][vc_row][vc_column width=&#8221;1\/3&#8243;][vc_column_text] VEST ABCD &#8211; R\u00e6kke A Slutstilling puljespil: 2. plads Stilling &#8211; Kampprogram[\/vc_column_text][\/vc_column][vc_column width=&#8221;1\/3&#8243;][vc_column_text] VEST ABCD &#8211; R\u00e6kke B Slutstilling puljespil: 3. plads Stilling &#8211; Kampprogram[\/vc_column_text][\/vc_column][vc_column width=&#8221;1\/3&#8243;][vc_column_text] VEST ABCD &#8211; R\u00e6kke C Slutstilling puljespil: 4. plads Stilling &#8211; Kampprogram[\/vc_column_text][vc_empty_space height=&#8221;8px&#8221;][\/vc_column][\/vc_row][vc_row][vc_column width=&#8221;1\/6&#8243;][vc_column_text]Kaptajn[\/vc_column_text][\/vc_column][vc_column width=&#8221;1\/6&#8243;][vc_column_text]Bruttotrup[\/vc_column_text][\/vc_column][vc_column width=&#8221;1\/6&#8243;][vc_column_text]Kaptajn[\/vc_column_text][\/vc_column][vc_column&hellip;\" \/>\n<meta property=\"og:url\" content=\"https:\/\/www.bggc.dk\/gammel\/turneringer\/regionsgolf-intro\/regionsgolf-2018\/\" \/>\n<meta property=\"og:site_name\" content=\"Breinholtg&aring;rd Golf Klub\" \/>\n<meta property=\"article:publisher\" content=\"https:\/\/www.facebook.com\/breinholtgaardgolfklub\/\" \/>\n<meta property=\"article:modified_time\" content=\"2023-10-08T08:37:08+00:00\" \/>\n<meta name=\"twitter:card\" content=\"summary_large_image\" \/>\n<meta name=\"twitter:label1\" content=\"Estimeret l\u00e6setid\" \/>\n\t<meta name=\"twitter:data1\" content=\"3 minutter\" \/>\n<script type=\"application\/ld+json\" class=\"yoast-schema-graph\">{\"@context\":\"https:\\\/\\\/schema.org\",\"@graph\":[{\"@type\":\"WebPage\",\"@id\":\"https:\\\/\\\/www.bggc.dk\\\/gammel\\\/turneringer\\\/regionsgolf-intro\\\/regionsgolf-2018\\\/\",\"url\":\"https:\\\/\\\/www.bggc.dk\\\/gammel\\\/turneringer\\\/regionsgolf-intro\\\/regionsgolf-2018\\\/\",\"name\":\"Regionsgolf-2018 * - Breinholtg&aring;rd Golf Klub\",\"isPartOf\":{\"@id\":\"https:\\\/\\\/www.bggc.dk\\\/gammel\\\/#website\"},\"datePublished\":\"2018-03-04T10:03:00+00:00\",\"dateModified\":\"2023-10-08T08:37:08+00:00\",\"breadcrumb\":{\"@id\":\"https:\\\/\\\/www.bggc.dk\\\/gammel\\\/turneringer\\\/regionsgolf-intro\\\/regionsgolf-2018\\\/#breadcrumb\"},\"inLanguage\":\"da-DK\",\"potentialAction\":[{\"@type\":\"ReadAction\",\"target\":[\"https:\\\/\\\/www.bggc.dk\\\/gammel\\\/turneringer\\\/regionsgolf-intro\\\/regionsgolf-2018\\\/\"]}]},{\"@type\":\"BreadcrumbList\",\"@id\":\"https:\\\/\\\/www.bggc.dk\\\/gammel\\\/turneringer\\\/regionsgolf-intro\\\/regionsgolf-2018\\\/#breadcrumb\",\"itemListElement\":[{\"@type\":\"ListItem\",\"position\":1,\"name\":\"Hjem\",\"item\":\"https:\\\/\\\/www.bggc.dk\\\/gammel\\\/\"},{\"@type\":\"ListItem\",\"position\":2,\"name\":\"Turneringer\",\"item\":\"https:\\\/\\\/www.bggc.dk\\\/gammel\\\/turneringer\\\/\"},{\"@type\":\"ListItem\",\"position\":3,\"name\":\"Regionsgolf\",\"item\":\"https:\\\/\\\/www.bggc.dk\\\/gammel\\\/turneringer\\\/regionsgolf-intro\\\/\"},{\"@type\":\"ListItem\",\"position\":4,\"name\":\"Regionsgolf-2018 *\"}]},{\"@type\":\"WebSite\",\"@id\":\"https:\\\/\\\/www.bggc.dk\\\/gammel\\\/#website\",\"url\":\"https:\\\/\\\/www.bggc.dk\\\/gammel\\\/\",\"name\":\"Breinholtg&aring;rd Golf Klub\",\"description\":\"\",\"potentialAction\":[{\"@type\":\"SearchAction\",\"target\":{\"@type\":\"EntryPoint\",\"urlTemplate\":\"https:\\\/\\\/www.bggc.dk\\\/gammel\\\/?s={search_term_string}\"},\"query-input\":{\"@type\":\"PropertyValueSpecification\",\"valueRequired\":true,\"valueName\":\"search_term_string\"}}],\"inLanguage\":\"da-DK\"}]}<\/script>\n<!-- \/ Yoast SEO plugin. -->","yoast_head_json":{"title":"Regionsgolf-2018 * - Breinholtg&aring;rd Golf Klub","robots":{"index":"index","follow":"follow","max-snippet":"max-snippet:-1","max-image-preview":"max-image-preview:large","max-video-preview":"max-video-preview:-1"},"canonical":"https:\/\/www.bggc.dk\/gammel\/turneringer\/regionsgolf-intro\/regionsgolf-2018\/","og_locale":"da_DK","og_type":"article","og_title":"Regionsgolf-2018 * - Breinholtg&aring;rd Golf Klub","og_description":"[vc_row][vc_column][vc_column_text] Regionsgolf 2018 &#8211; Breinholtg\u00e5rd Golf Klub [\/vc_column_text][vc_empty_space height=&#8221;8px&#8221;][vc_empty_space][\/vc_column][\/vc_row][vc_row][vc_column][vc_column_text] Tilmeldte hold [\/vc_column_text][vc_empty_space][\/vc_column][\/vc_row][vc_row][vc_column width=&#8221;1\/3&#8243;][vc_column_text] VEST ABCD &#8211; R\u00e6kke A Slutstilling puljespil: 2. plads Stilling &#8211; Kampprogram[\/vc_column_text][\/vc_column][vc_column width=&#8221;1\/3&#8243;][vc_column_text] VEST ABCD &#8211; R\u00e6kke B Slutstilling puljespil: 3. plads Stilling &#8211; Kampprogram[\/vc_column_text][\/vc_column][vc_column width=&#8221;1\/3&#8243;][vc_column_text] VEST ABCD &#8211; R\u00e6kke C Slutstilling puljespil: 4. plads Stilling &#8211; Kampprogram[\/vc_column_text][vc_empty_space height=&#8221;8px&#8221;][\/vc_column][\/vc_row][vc_row][vc_column width=&#8221;1\/6&#8243;][vc_column_text]Kaptajn[\/vc_column_text][\/vc_column][vc_column width=&#8221;1\/6&#8243;][vc_column_text]Bruttotrup[\/vc_column_text][\/vc_column][vc_column width=&#8221;1\/6&#8243;][vc_column_text]Kaptajn[\/vc_column_text][\/vc_column][vc_column&hellip;","og_url":"https:\/\/www.bggc.dk\/gammel\/turneringer\/regionsgolf-intro\/regionsgolf-2018\/","og_site_name":"Breinholtg&aring;rd Golf Klub","article_publisher":"https:\/\/www.facebook.com\/breinholtgaardgolfklub\/","article_modified_time":"2023-10-08T08:37:08+00:00","twitter_card":"summary_large_image","twitter_misc":{"Estimeret l\u00e6setid":"3 minutter"},"schema":{"@context":"https:\/\/schema.org","@graph":[{"@type":"WebPage","@id":"https:\/\/www.bggc.dk\/gammel\/turneringer\/regionsgolf-intro\/regionsgolf-2018\/","url":"https:\/\/www.bggc.dk\/gammel\/turneringer\/regionsgolf-intro\/regionsgolf-2018\/","name":"Regionsgolf-2018 * - Breinholtg&aring;rd Golf Klub","isPartOf":{"@id":"https:\/\/www.bggc.dk\/gammel\/#website"},"datePublished":"2018-03-04T10:03:00+00:00","dateModified":"2023-10-08T08:37:08+00:00","breadcrumb":{"@id":"https:\/\/www.bggc.dk\/gammel\/turneringer\/regionsgolf-intro\/regionsgolf-2018\/#breadcrumb"},"inLanguage":"da-DK","potentialAction":[{"@type":"ReadAction","target":["https:\/\/www.bggc.dk\/gammel\/turneringer\/regionsgolf-intro\/regionsgolf-2018\/"]}]},{"@type":"BreadcrumbList","@id":"https:\/\/www.bggc.dk\/gammel\/turneringer\/regionsgolf-intro\/regionsgolf-2018\/#breadcrumb","itemListElement":[{"@type":"ListItem","position":1,"name":"Hjem","item":"https:\/\/www.bggc.dk\/gammel\/"},{"@type":"ListItem","position":2,"name":"Turneringer","item":"https:\/\/www.bggc.dk\/gammel\/turneringer\/"},{"@type":"ListItem","position":3,"name":"Regionsgolf","item":"https:\/\/www.bggc.dk\/gammel\/turneringer\/regionsgolf-intro\/"},{"@type":"ListItem","position":4,"name":"Regionsgolf-2018 *"}]},{"@type":"WebSite","@id":"https:\/\/www.bggc.dk\/gammel\/#website","url":"https:\/\/www.bggc.dk\/gammel\/","name":"Breinholtg&aring;rd Golf Klub","description":"","potentialAction":[{"@type":"SearchAction","target":{"@type":"EntryPoint","urlTemplate":"https:\/\/www.bggc.dk\/gammel\/?s={search_term_string}"},"query-input":{"@type":"PropertyValueSpecification","valueRequired":true,"valueName":"search_term_string"}}],"inLanguage":"da-DK"}]}},"jetpack_sharing_enabled":true,"jetpack_shortlink":"https:\/\/wp.me\/P8jnZw-2JB","jetpack-related-posts":[],"_links":{"self":[{"href":"https:\/\/www.bggc.dk\/gammel\/wp-json\/wp\/v2\/pages\/10515","targetHints":{"allow":["GET"]}}],"collection":[{"href":"https:\/\/www.bggc.dk\/gammel\/wp-json\/wp\/v2\/pages"}],"about":[{"href":"https:\/\/www.bggc.dk\/gammel\/wp-json\/wp\/v2\/types\/page"}],"author":[{"embeddable":true,"href":"https:\/\/www.bggc.dk\/gammel\/wp-json\/wp\/v2\/users\/7"}],"replies":[{"embeddable":true,"href":"https:\/\/www.bggc.dk\/gammel\/wp-json\/wp\/v2\/comments?post=10515"}],"version-history":[{"count":37,"href":"https:\/\/www.bggc.dk\/gammel\/wp-json\/wp\/v2\/pages\/10515\/revisions"}],"predecessor-version":[{"id":33004,"href":"https:\/\/www.bggc.dk\/gammel\/wp-json\/wp\/v2\/pages\/10515\/revisions\/33004"}],"up":[{"embeddable":true,"href":"https:\/\/www.bggc.dk\/gammel\/wp-json\/wp\/v2\/pages\/1224"}],"wp:attachment":[{"href":"https:\/\/www.bggc.dk\/gammel\/wp-json\/wp\/v2\/media?parent=10515"}],"curies":[{"name":"wp","href":"https:\/\/api.w.org\/{rel}","templated":true}]}}